{"id":22729,"date":"2024-01-02T13:38:04","date_gmt":"2024-01-02T10:38:04","guid":{"rendered":"https:\/\/kutluyayinevi.com\/magaza\/?post_type=product&#038;p=22729"},"modified":"2026-02-20T09:43:52","modified_gmt":"2026-02-20T06:43:52","slug":"farsca-gramer-ve-diyalog-alistirmalari-muzaffer-bozkurt-hamdullah-caferpour","status":"publish","type":"product","link":"https:\/\/kutluyayinevi.com\/magaza\/urun\/farsca-gramer-ve-diyalog-alistirmalari-muzaffer-bozkurt-hamdullah-caferpour\/","title":{"rendered":"Fars\u00e7a Gramer ve Diyalog Al\u0131\u015ft\u0131rmalar\u0131 &#8211; Muzaffer Bozkurt &#8211; Hamdullah Caferpour"},"content":{"rendered":"<p>Fars\u00e7a Gramer ve Diyalog Al\u0131\u015ft\u0131rmalar\u0131 kitab\u0131, T\u00fcrk \u00f6\u011frencilerine ve<br \/>\nbu dile merakl\u0131 insanlara Fars\u00e7a \u00f6\u011fretmek i\u00e7in tasarlanm\u0131\u015ft\u0131r.<br \/>\nB\u00f6ylece bu kitap, \u00f6\u011frencinin kolayca ileti\u015fim kurabilece\u011fi ve<br \/>\n\u00f6\u011fretmen olmadan \u00e7ok \u015fey \u00f6\u011frenebilece\u011fi kolay ve yal\u0131n bir<br \/>\nanlat\u0131m tarz\u0131yla tasarlanm\u0131\u015ft\u0131r.<br \/>\nFars\u00e7a dilini Arap Hatt\u0131 ile \u00f6\u011fretmenin yan\u0131 s\u0131ra, Latin senaryosu ile<br \/>\nolan telaffuzunu \u00f6\u011fretmen, \u00f6\u011frenci ve di\u011fer insanlar i\u00e7in e\u011flenceli<br \/>\nve kolay oldu\u011funu ifade ettik.<br \/>\nMevcut kitap 25 dersten ibarettir. Fars\u00e7a alfabeyi ve baz\u0131 temel dil<br \/>\nkurallar\u0131n\u0131 ifade etmenin yan\u0131 s\u0131ra, farkl\u0131 konu\u015fma ve metin okuma<br \/>\ngibi di\u011fer konular\u0131 anlat\u0131yor. \u00d6\u011frenciler ve di\u011fer merakl\u0131lar\u0131n Latin<br \/>\ntelaffuzunda beceriler edinmesine, okumas\u0131na ve yazmas\u0131na<br \/>\nyard\u0131mc\u0131 olacakt\u0131r.<br \/>\nYazarlar, bu kitab\u0131n \u00f6\u011fretmen, \u00f6\u011frenci ve bu dil ile ilk kez tan\u0131\u015fmak<br \/>\nisteyen di\u011fer merakl\u0131 insanlar i\u00e7in yararl\u0131 bir e\u011f\u0130tim sa\u011flayaca\u011f\u0131n\u0131<br \/>\numuyor.<\/p>\n","protected":false},"excerpt":{"rendered":"<p>Fars\u00e7a Gramer ve Diyalog Al\u0131\u015ft\u0131rmalar\u0131 kitab\u0131, T\u00fcrk \u00f6\u011frencilerine ve bu dile merakl\u0131 insanlara Fars\u00e7a \u00f6\u011fretmek i\u00e7in tasarlanm\u0131\u015ft\u0131r. B\u00f6ylece bu kitap, \u00f6\u011frencinin kolayca ileti\u015fim kurabilece\u011fi ve \u00f6\u011fretmen olmadan \u00e7ok \u015fey \u00f6\u011frenebilece\u011fi kolay ve yal\u0131n bir anlat\u0131m tarz\u0131yla tasarlanm\u0131\u015ft\u0131r. Fars\u00e7a dilini Arap Hatt\u0131 ile \u00f6\u011fretmenin yan\u0131 s\u0131ra, Latin senaryosu ile olan telaffuzunu \u00f6\u011fretmen, \u00f6\u011frenci ve di\u011fer insanlar [&hellip;]<\/p>\n","protected":false},"featured_media":22730,"comment_status":"closed","ping_status":"closed","template":"","meta":[],"product_brand":[],"product_cat":[28,15],"product_tag":[],"class_list":{"0":"post-22729","1":"product","2":"type-product","3":"status-publish","4":"has-post-thumbnail","6":"product_cat-aratirma-inceleme","7":"product_cat-dilbilim","9":"first","10":"instock","11":"sale","12":"shipping-taxable","13":"purchasable","14":"product-type-simple"},"_links":{"self":[{"href":"https:\/\/kutluyayinevi.com\/magaza\/wp-json\/wp\/v2\/product\/22729","targetHints":{"allow":["GET"]}}],"collection":[{"href":"https:\/\/kutluyayinevi.com\/magaza\/wp-json\/wp\/v2\/product"}],"about":[{"href":"https:\/\/kutluyayinevi.com\/magaza\/wp-json\/wp\/v2\/types\/product"}],"replies":[{"embeddable":true,"href":"https:\/\/kutluyayinevi.com\/magaza\/wp-json\/wp\/v2\/comments?post=22729"}],"wp:featuredmedia":[{"embeddable":true,"href":"https:\/\/kutluyayinevi.com\/magaza\/wp-json\/wp\/v2\/media\/22730"}],"wp:attachment":[{"href":"https:\/\/kutluyayinevi.com\/magaza\/wp-json\/wp\/v2\/media?parent=22729"}],"wp:term":[{"taxonomy":"product_brand","embeddable":true,"href":"https:\/\/kutluyayinevi.com\/magaza\/wp-json\/wp\/v2\/product_brand?post=22729"},{"taxonomy":"product_cat","embeddable":true,"href":"https:\/\/kutluyayinevi.com\/magaza\/wp-json\/wp\/v2\/product_cat?post=22729"},{"taxonomy":"product_tag","embeddable":true,"href":"https:\/\/kutluyayinevi.com\/magaza\/wp-json\/wp\/v2\/product_tag?post=22729"}],"curies":[{"name":"wp","href":"https:\/\/api.w.org\/{rel}","templated":true}]}}