{"id":22731,"date":"2024-01-02T13:39:49","date_gmt":"2024-01-02T10:39:49","guid":{"rendered":"https:\/\/kutluyayinevi.com\/magaza\/?post_type=product&#038;p=22731"},"modified":"2026-02-23T09:35:15","modified_gmt":"2026-02-23T06:35:15","slug":"sinan-ates-armagani-fatih-keskin","status":"publish","type":"product","link":"https:\/\/kutluyayinevi.com\/magaza\/urun\/sinan-ates-armagani-fatih-keskin\/","title":{"rendered":"Sinan Ate\u015f Arma\u011fan\u0131 &#8211; Fatih Keskin"},"content":{"rendered":"<p>\u201cOkumayan, ara\u015ft\u0131rmayan, tefekk\u00fcr etmeyen; bu cephenin gerisinde su bile ta\u015f\u0131yamayacakt\u0131r.\u201d d\u00fcsturu ile kendisine, etraf\u0131na ve gen\u00e7lere ayd\u0131nl\u0131k bir yol \u00e7izme gayreti i\u00e7inde olan e\u015fim Do\u00e7. Dr. Sinan Ate\u015f, ilk gen\u00e7lik y\u0131llar\u0131ndan vicdanlar\u0131 yaralay\u0131c\u0131 bir \u015fekilde \u015fehit edildi\u011fi 30 Aral\u0131k 2022 tarihine dek olduk\u00e7a \u00fcretken bir hayat ya\u015fad\u0131.<\/p>\n<p>Hen\u00fcz \u00fcniversite \u00f6\u011frencisi iken kurdu\u011fu\u00a0<a href=\"http:\/\/sonkale.org\/\" target=\"_blank\" rel=\"nofollow noopener noreferrer ugc\">SonKale.org<\/a>\u00a0isimli site, onun i\u00e7in bir okul vazifesi g\u00f6rd\u00fc. Burada yazd\u0131\u011f\u0131 siyasi, toplumsal ve k\u00fclt\u00fcrel i\u00e7erikli yaz\u0131lar\u0131, \u00e7e\u015fitli \u0130nternet siteleri ve dergilerde yazd\u0131\u011f\u0131 yaz\u0131lar takip etti. \u201cT\u00fcrk edebiyat\u0131 yeni bir d\u00f6nenceye giriyor.\u201d iddias\u0131yla yay\u0131n hayat\u0131na ba\u015flayan D\u00f6nence K\u00fclt\u00fcr, Sanat, Dil ve Edebiyat Dergisi\u2019nin imtiyaz sahibi olarak \u201cokuyan insan\u201d yeti\u015ftirme \u00fclk\u00fcs\u00fcn\u00fc \u201cfikir ve sanat \u00fcreten insan\u201d yeti\u015ftirme a\u015famas\u0131na ta\u015f\u0131d\u0131.<\/p>\n<p>\u201cD\u00fc\u015f\u00fcnen, sorgulayan, hayal eden bir T\u00fcrk gen\u00e7li\u011fi\u2026\u201d ifadesiyle T\u00fcrk gen\u00e7li\u011fine bak\u0131\u015f a\u00e7\u0131s\u0131n\u0131 ortaya koyan e\u015fim, \u00f6mr\u00fc boyunca gen\u00e7lere bu pencereden bakt\u0131. Gen\u00e7leri birer T\u00fcrk bayra\u011f\u0131 olarak g\u00f6ren Alparslan T\u00fcrke\u015f taraf\u0131ndan d\u00fc\u015f\u00fcnce ufku ortaya konulan \u00dclk\u00fcc\u00fc d\u00fcnya g\u00f6r\u00fc\u015f\u00fc do\u011frultusunda bir \u00f6m\u00fcr ya\u015fad\u0131.<\/p>\n<p>\u00d6mr\u00fc gibi k\u0131sa s\u00fcren akademik hayat\u0131nda da olduk\u00e7a \u00fcretkendi. \u0130ki akademik kitab\u0131n\u0131n yan\u0131 s\u0131ra kitap b\u00f6l\u00fcmleri kaleme ald\u0131, onlarca makale ve bildiriye imza att\u0131. Profes\u00f6rl\u00fc\u011f\u00fc i\u00e7in gerekli t\u00fcm akademik \u00e7al\u0131\u015fmalar\u0131 bir sarraf titizli\u011fi ile haz\u0131rlad\u0131. Ne yaz\u0131k ki profes\u00f6rl\u00fc\u011f\u00fcn\u00fcn arifesinde u\u011frad\u0131\u011f\u0131 hain silahl\u0131 sald\u0131r\u0131da hayat\u0131n\u0131 kaybetti.<\/p>\n<p>Bu eser, Hacettepe \u00dcniversitesi Atat\u00fcrk \u0130lkeleri ve \u0130nk\u0131lap Tarihi Enstit\u00fcs\u00fc kadrosunda akademik faaliyetlerini y\u00fcr\u00fct\u00fcrken \u015fehit edilen Do\u00e7. Dr. Sinan Ate\u015f\u2019e bir sayg\u0131, vefa ve te\u015fekk\u00fcr kitab\u0131d\u0131r. Kitab\u0131n edit\u00f6rleri de\u011ferli hocalar\u0131ma, emek veren, k\u0131ymetli vaktini ay\u0131r\u0131p esere makaleleriyle katk\u0131 sunan b\u00fct\u00fcn yazarlara; \u00f6mr\u00fcn\u00fc T\u00fcrk milletine adayan e\u015fim Sinan Ate\u015f&#8217;e g\u00f6sterdikleri vefadan ve hat\u0131ras\u0131na duyduklar\u0131 sayg\u0131dan dolay\u0131 te\u015fekk\u00fcr ederim.<\/p>\n<p>Ay\u015fe ATE\u015e<\/p>\n","protected":false},"excerpt":{"rendered":"<p>\u201cOkumayan, ara\u015ft\u0131rmayan, tefekk\u00fcr etmeyen; bu cephenin gerisinde su bile ta\u015f\u0131yamayacakt\u0131r.\u201d d\u00fcsturu ile kendisine, etraf\u0131na ve gen\u00e7lere ayd\u0131nl\u0131k bir yol \u00e7izme gayreti i\u00e7inde olan e\u015fim Do\u00e7. Dr. Sinan Ate\u015f, ilk gen\u00e7lik y\u0131llar\u0131ndan vicdanlar\u0131 yaralay\u0131c\u0131 bir \u015fekilde \u015fehit edildi\u011fi 30 Aral\u0131k 2022 tarihine dek olduk\u00e7a \u00fcretken bir hayat ya\u015fad\u0131. Hen\u00fcz \u00fcniversite \u00f6\u011frencisi iken kurdu\u011fu\u00a0SonKale.org\u00a0isimli site, onun i\u00e7in [&hellip;]<\/p>\n","protected":false},"featured_media":22732,"comment_status":"closed","ping_status":"closed","template":"","meta":[],"product_brand":[],"product_cat":[28],"product_tag":[],"class_list":{"0":"post-22731","1":"product","2":"type-product","3":"status-publish","4":"has-post-thumbnail","6":"product_cat-aratirma-inceleme","8":"first","9":"instock","10":"sale","11":"shipping-taxable","12":"purchasable","13":"product-type-simple"},"_links":{"self":[{"href":"https:\/\/kutluyayinevi.com\/magaza\/wp-json\/wp\/v2\/product\/22731","targetHints":{"allow":["GET"]}}],"collection":[{"href":"https:\/\/kutluyayinevi.com\/magaza\/wp-json\/wp\/v2\/product"}],"about":[{"href":"https:\/\/kutluyayinevi.com\/magaza\/wp-json\/wp\/v2\/types\/product"}],"replies":[{"embeddable":true,"href":"https:\/\/kutluyayinevi.com\/magaza\/wp-json\/wp\/v2\/comments?post=22731"}],"wp:featuredmedia":[{"embeddable":true,"href":"https:\/\/kutluyayinevi.com\/magaza\/wp-json\/wp\/v2\/media\/22732"}],"wp:attachment":[{"href":"https:\/\/kutluyayinevi.com\/magaza\/wp-json\/wp\/v2\/media?parent=22731"}],"wp:term":[{"taxonomy":"product_brand","embeddable":true,"href":"https:\/\/kutluyayinevi.com\/magaza\/wp-json\/wp\/v2\/product_brand?post=22731"},{"taxonomy":"product_cat","embeddable":true,"href":"https:\/\/kutluyayinevi.com\/magaza\/wp-json\/wp\/v2\/product_cat?post=22731"},{"taxonomy":"product_tag","embeddable":true,"href":"https:\/\/kutluyayinevi.com\/magaza\/wp-json\/wp\/v2\/product_tag?post=22731"}],"curies":[{"name":"wp","href":"https:\/\/api.w.org\/{rel}","templated":true}]}}