{"id":22733,"date":"2024-01-02T13:42:31","date_gmt":"2024-01-02T10:42:31","guid":{"rendered":"https:\/\/kutluyayinevi.com\/magaza\/?post_type=product&#038;p=22733"},"modified":"2026-02-20T13:16:01","modified_gmt":"2026-02-20T10:16:01","slug":"mantik-ve-matematiksel-ispat-yontemleri-naim-cagman","status":"publish","type":"product","link":"https:\/\/kutluyayinevi.com\/magaza\/urun\/mantik-ve-matematiksel-ispat-yontemleri-naim-cagman\/","title":{"rendered":"Mant\u0131k ve Matematiksel \u0130spat Y\u00f6ntemleri &#8211; Naim \u00c7a\u011fman"},"content":{"rendered":"<div class=\"phenom-desc\">\n<div class=\"comment-container\">\n<div class=\"action-comment can-view-video markeddown js-comment is-comments-rewrite\" dir=\"auto\">\n<div class=\"current-comment js-friendly-links js-open-card\">\n<p>Bu kitap, Mant\u0131k ne i\u015fe yar\u0131yor diye soranlara, Teorem ve ispatlar\u0131 anlamakta zorlananlara, Al\u0131\u015f\u0131lm\u0131\u015f\u0131n d\u0131\u015f\u0131nda ispat y\u00f6ntemlerini g\u00f6rmek isteyenlere, \u0130spat ediyorum ama kabul olmuyor diyenlere, \u0130spata ba\u015flamay\u0131 ve bitirmeyi bilmeyenlere, Yapt\u0131\u011f\u0131 ispat\u0131n do\u011frulu\u011funa karar veremeyenlere, \u201cSoyut Matematik&#8221; dersi alan \u00f6\u011frencilere, \u201cAyr\u0131k Matematik\u201d dersini alan m\u00fchendis adaylar\u0131na, \u0130\u015fi icab\u0131 veya sevgisinden dolay\u0131 matematikle ilgilenenlere, Matemati\u011fin sihirli d\u00fcnyas\u0131nda gezinmek isteyenlere hitap etmektedir.<\/p>\n<\/div>\n<\/div>\n<\/div>\n<\/div>\n","protected":false},"excerpt":{"rendered":"<p>Bu kitap, Mant\u0131k ne i\u015fe yar\u0131yor diye soranlara, Teorem ve ispatlar\u0131 anlamakta zorlananlara, Al\u0131\u015f\u0131lm\u0131\u015f\u0131n d\u0131\u015f\u0131nda ispat y\u00f6ntemlerini g\u00f6rmek isteyenlere, \u0130spat ediyorum ama kabul olmuyor diyenlere, \u0130spata ba\u015flamay\u0131 ve bitirmeyi bilmeyenlere, Yapt\u0131\u011f\u0131 ispat\u0131n do\u011frulu\u011funa karar veremeyenlere, \u201cSoyut Matematik&#8221; dersi alan \u00f6\u011frencilere, \u201cAyr\u0131k Matematik\u201d dersini alan m\u00fchendis adaylar\u0131na, \u0130\u015fi icab\u0131 veya sevgisinden dolay\u0131 matematikle ilgilenenlere, Matemati\u011fin sihirli [&hellip;]<\/p>\n","protected":false},"featured_media":22734,"comment_status":"closed","ping_status":"closed","template":"","meta":[],"product_brand":[],"product_cat":[28],"product_tag":[],"class_list":{"0":"post-22733","1":"product","2":"type-product","3":"status-publish","4":"has-post-thumbnail","6":"product_cat-aratirma-inceleme","8":"first","9":"instock","10":"sale","11":"shipping-taxable","12":"purchasable","13":"product-type-simple"},"_links":{"self":[{"href":"https:\/\/kutluyayinevi.com\/magaza\/wp-json\/wp\/v2\/product\/22733","targetHints":{"allow":["GET"]}}],"collection":[{"href":"https:\/\/kutluyayinevi.com\/magaza\/wp-json\/wp\/v2\/product"}],"about":[{"href":"https:\/\/kutluyayinevi.com\/magaza\/wp-json\/wp\/v2\/types\/product"}],"replies":[{"embeddable":true,"href":"https:\/\/kutluyayinevi.com\/magaza\/wp-json\/wp\/v2\/comments?post=22733"}],"wp:featuredmedia":[{"embeddable":true,"href":"https:\/\/kutluyayinevi.com\/magaza\/wp-json\/wp\/v2\/media\/22734"}],"wp:attachment":[{"href":"https:\/\/kutluyayinevi.com\/magaza\/wp-json\/wp\/v2\/media?parent=22733"}],"wp:term":[{"taxonomy":"product_brand","embeddable":true,"href":"https:\/\/kutluyayinevi.com\/magaza\/wp-json\/wp\/v2\/product_brand?post=22733"},{"taxonomy":"product_cat","embeddable":true,"href":"https:\/\/kutluyayinevi.com\/magaza\/wp-json\/wp\/v2\/product_cat?post=22733"},{"taxonomy":"product_tag","embeddable":true,"href":"https:\/\/kutluyayinevi.com\/magaza\/wp-json\/wp\/v2\/product_tag?post=22733"}],"curies":[{"name":"wp","href":"https:\/\/api.w.org\/{rel}","templated":true}]}}