{"id":22735,"date":"2024-01-02T13:43:54","date_gmt":"2024-01-02T10:43:54","guid":{"rendered":"https:\/\/kutluyayinevi.com\/magaza\/?post_type=product&#038;p=22735"},"modified":"2026-02-23T09:46:24","modified_gmt":"2026-02-23T06:46:24","slug":"siyah-inci-insan-ayetleri-sibel-deniz-sahin","status":"publish","type":"product","link":"https:\/\/kutluyayinevi.com\/magaza\/urun\/siyah-inci-insan-ayetleri-sibel-deniz-sahin\/","title":{"rendered":"Siyah \u0130nci (\u0130nsan Ayetleri) &#8211; Sibel Deniz \u015eahin"},"content":{"rendered":"<p>Belki de yerk\u00fcrede yeni hayatlar, bi\u00e7imler, konseptler, yeni metriks yaz\u0131l\u0131mlar\u0131 yapmak, yazmak ve uygulamak \u00fczere bir bellek a\u011f\u0131 kurmaya \u00e7al\u0131\u015fan, az\u0131nl\u0131k topluluk halkalar\u0131y\u0131z. Biz ve bizim gibiler, dayat\u0131lan sistemde error veren datalar\u0131z. Ya da uyumsuzlar ya da kurals\u0131zlar ya da isyankar mahkumlar\u0131z. Ve bizler, kendi tezah\u00fcrlerini yorumlamaya ehil, kendi kurallar\u0131n\u0131 koymaya yetkin, kendi ger\u00e7ekliklerini yaratmaya ve \u00f6zg\u00fcrle\u015fmeye muktedir olanlar\u0131z. Zira insan yarat\u0131m\u0131, D\u00fcnya sim\u00fclasyonuna uygun bir yap\u0131da de\u011fildir. Ne var ki, bunu bir deneyim olarak kullanm\u0131\u015f ve bu sistemi ancak ihtiyac\u0131 olan varl\u0131klara b\u0131rakmak istemektedir.<\/p>\n<p>Haydi o zaman!<\/p>\n","protected":false},"excerpt":{"rendered":"<p>Belki de yerk\u00fcrede yeni hayatlar, bi\u00e7imler, konseptler, yeni metriks yaz\u0131l\u0131mlar\u0131 yapmak, yazmak ve uygulamak \u00fczere bir bellek a\u011f\u0131 kurmaya \u00e7al\u0131\u015fan, az\u0131nl\u0131k topluluk halkalar\u0131y\u0131z. Biz ve bizim gibiler, dayat\u0131lan sistemde error veren datalar\u0131z. Ya da uyumsuzlar ya da kurals\u0131zlar ya da isyankar mahkumlar\u0131z. Ve bizler, kendi tezah\u00fcrlerini yorumlamaya ehil, kendi kurallar\u0131n\u0131 koymaya yetkin, kendi ger\u00e7ekliklerini yaratmaya [&hellip;]<\/p>\n","protected":false},"featured_media":22736,"comment_status":"closed","ping_status":"closed","template":"","meta":[],"product_brand":[],"product_cat":[28,19],"product_tag":[],"class_list":{"0":"post-22735","1":"product","2":"type-product","3":"status-publish","4":"has-post-thumbnail","6":"product_cat-aratirma-inceleme","7":"product_cat-din-tasavvuf","9":"first","10":"instock","11":"sale","12":"shipping-taxable","13":"purchasable","14":"product-type-simple"},"_links":{"self":[{"href":"https:\/\/kutluyayinevi.com\/magaza\/wp-json\/wp\/v2\/product\/22735","targetHints":{"allow":["GET"]}}],"collection":[{"href":"https:\/\/kutluyayinevi.com\/magaza\/wp-json\/wp\/v2\/product"}],"about":[{"href":"https:\/\/kutluyayinevi.com\/magaza\/wp-json\/wp\/v2\/types\/product"}],"replies":[{"embeddable":true,"href":"https:\/\/kutluyayinevi.com\/magaza\/wp-json\/wp\/v2\/comments?post=22735"}],"wp:featuredmedia":[{"embeddable":true,"href":"https:\/\/kutluyayinevi.com\/magaza\/wp-json\/wp\/v2\/media\/22736"}],"wp:attachment":[{"href":"https:\/\/kutluyayinevi.com\/magaza\/wp-json\/wp\/v2\/media?parent=22735"}],"wp:term":[{"taxonomy":"product_brand","embeddable":true,"href":"https:\/\/kutluyayinevi.com\/magaza\/wp-json\/wp\/v2\/product_brand?post=22735"},{"taxonomy":"product_cat","embeddable":true,"href":"https:\/\/kutluyayinevi.com\/magaza\/wp-json\/wp\/v2\/product_cat?post=22735"},{"taxonomy":"product_tag","embeddable":true,"href":"https:\/\/kutluyayinevi.com\/magaza\/wp-json\/wp\/v2\/product_tag?post=22735"}],"curies":[{"name":"wp","href":"https:\/\/api.w.org\/{rel}","templated":true}]}}