{"id":22764,"date":"2024-01-16T12:16:51","date_gmt":"2024-01-16T09:16:51","guid":{"rendered":"https:\/\/kutluyayinevi.com\/magaza\/?post_type=product&#038;p=22764"},"modified":"2026-02-23T10:44:38","modified_gmt":"2026-02-23T07:44:38","slug":"umudun-sehri-neslihan-ceylan","status":"publish","type":"product","link":"https:\/\/kutluyayinevi.com\/magaza\/urun\/umudun-sehri-neslihan-ceylan\/","title":{"rendered":"Umudun \u015eehri &#8211; Neslihan Ceylan"},"content":{"rendered":"<p><strong>\u0130stanbul&#8217;un yarat\u0131l\u0131\u015f an\u0131ndan bu yana uzanan insan\u00fcst\u00fc ge\u00e7mi\u015fini, bu \u015fehrin s\u0131rlar\u0131n\u0131 okumaya haz\u0131r m\u0131s\u0131n\u0131z?<\/strong><\/p>\n<p>\u0130stanbul tarihten bu yana pek \u00e7ok uygarl\u0131\u011f\u0131 b\u00fcy\u00fclemi\u015f, \u00e7o\u011fu kimsenin hayallerini s\u00fcslemi\u015ftir peki onu b\u00f6ylesine \u00e7ekici k\u0131lan, Umudun \u015eehri haline getiren s\u0131r nedir? Ondaki umudun y\u00f6neticisi kimdir ve ne yapar? Elinizde tuttu\u011funuz kitap \u0130stanbul&#8217;un g\u00fc\u00e7lerine ve do\u011fa\u00fcst\u00fc tarihinin \u00f6nemine dair yaz\u0131lm\u0131\u015f kurgu bir romand\u0131r. Ancak unutmadan s\u00f6ylemek gerekir ki b\u00fct\u00fcn hikayeler \u00f6zlerinde ger\u00e7ekliklere dayan\u0131r. \u0130nsano\u011flunun sanat\u0131, \u00e7evresini ifade etmekten ibarettir. D\u00fcnya fazlaca somut g\u00f6r\u00fcnen, maddeyle s\u0131n\u0131rlanmaya \u00e7al\u0131\u015f\u0131lm\u0131\u015f olduk\u00e7a soyut ve do\u011fa\u00fcst\u00fc bir yerdir.<\/p>\n","protected":false},"excerpt":{"rendered":"<p>\u0130stanbul&#8217;un yarat\u0131l\u0131\u015f an\u0131ndan bu yana uzanan insan\u00fcst\u00fc ge\u00e7mi\u015fini, bu \u015fehrin s\u0131rlar\u0131n\u0131 okumaya haz\u0131r m\u0131s\u0131n\u0131z? \u0130stanbul tarihten bu yana pek \u00e7ok uygarl\u0131\u011f\u0131 b\u00fcy\u00fclemi\u015f, \u00e7o\u011fu kimsenin hayallerini s\u00fcslemi\u015ftir peki onu b\u00f6ylesine \u00e7ekici k\u0131lan, Umudun \u015eehri haline getiren s\u0131r nedir? Ondaki umudun y\u00f6neticisi kimdir ve ne yapar? Elinizde tuttu\u011funuz kitap \u0130stanbul&#8217;un g\u00fc\u00e7lerine ve do\u011fa\u00fcst\u00fc tarihinin \u00f6nemine dair yaz\u0131lm\u0131\u015f [&hellip;]<\/p>\n","protected":false},"featured_media":22765,"comment_status":"closed","ping_status":"closed","template":"","meta":[],"product_brand":[],"product_cat":[24],"product_tag":[],"class_list":{"0":"post-22764","1":"product","2":"type-product","3":"status-publish","4":"has-post-thumbnail","6":"product_cat-roman","8":"first","9":"instock","10":"sale","11":"shipping-taxable","12":"purchasable","13":"product-type-simple"},"_links":{"self":[{"href":"https:\/\/kutluyayinevi.com\/magaza\/wp-json\/wp\/v2\/product\/22764","targetHints":{"allow":["GET"]}}],"collection":[{"href":"https:\/\/kutluyayinevi.com\/magaza\/wp-json\/wp\/v2\/product"}],"about":[{"href":"https:\/\/kutluyayinevi.com\/magaza\/wp-json\/wp\/v2\/types\/product"}],"replies":[{"embeddable":true,"href":"https:\/\/kutluyayinevi.com\/magaza\/wp-json\/wp\/v2\/comments?post=22764"}],"wp:featuredmedia":[{"embeddable":true,"href":"https:\/\/kutluyayinevi.com\/magaza\/wp-json\/wp\/v2\/media\/22765"}],"wp:attachment":[{"href":"https:\/\/kutluyayinevi.com\/magaza\/wp-json\/wp\/v2\/media?parent=22764"}],"wp:term":[{"taxonomy":"product_brand","embeddable":true,"href":"https:\/\/kutluyayinevi.com\/magaza\/wp-json\/wp\/v2\/product_brand?post=22764"},{"taxonomy":"product_cat","embeddable":true,"href":"https:\/\/kutluyayinevi.com\/magaza\/wp-json\/wp\/v2\/product_cat?post=22764"},{"taxonomy":"product_tag","embeddable":true,"href":"https:\/\/kutluyayinevi.com\/magaza\/wp-json\/wp\/v2\/product_tag?post=22764"}],"curies":[{"name":"wp","href":"https:\/\/api.w.org\/{rel}","templated":true}]}}