{"id":22768,"date":"2024-01-16T12:22:51","date_gmt":"2024-01-16T09:22:51","guid":{"rendered":"https:\/\/kutluyayinevi.com\/magaza\/?post_type=product&#038;p=22768"},"modified":"2026-02-20T17:26:06","modified_gmt":"2026-02-20T14:26:06","slug":"senli-zamanlar-secil-bascesme","status":"publish","type":"product","link":"https:\/\/kutluyayinevi.com\/magaza\/urun\/senli-zamanlar-secil-bascesme\/","title":{"rendered":"Senli Zamanlar &#8211; Se\u00e7il Ba\u015f\u00e7e\u015fme"},"content":{"rendered":"<p>Hayat hissettiklerimiz ve ya\u015fad\u0131klar\u0131m\u0131zdan ibarettir. Ya\u015famak istediklerimiz ise bir kenarda durur. Zaman g\u00f6sterir ger\u00e7ek olma durumunu. Bir ger\u00e7ekli\u011fe inan\u0131p savrulur, i\u00e7inde buluruz kendimizi baz\u0131 durumlar\u0131n. Ka\u00e7mak isteriz bazen insanlardan. Sessizlik en derinlerde bizim payda\u015f\u0131m\u0131z olur. Ka\u00e7\u0131p gitmek sanki bize huzur verir. Karanl\u0131k b\u00fct\u00fcn y\u00fckleri omuzlayan dostumuz olur. Ama \u00f6yle bir an gelir ki yeniden bahar gelir, yeniden \u00e7i\u00e7ek a\u00e7ar. Birinin kalbinde hi\u00e7 unutulmayacak kadar de\u011ferli oldu\u011funu yeniden farkeder insan. Sevginin her \u015feyi iyile\u015ftirebildi\u011fini g\u00f6r\u00fcrs\u00fcn. Bir tebess\u00fcmle d\u00fcnyan\u0131n ya\u015fanabilecek bir yer oldu\u011funa yeniden inan\u0131rs\u0131n. \u00c7o\u011fald\u0131k\u00e7a g\u00fc\u00e7l\u00fc hissedersin. Her \u015feye ra\u011fmen elinden tutan bir insan\u0131n olmas\u0131 ya\u015fama sevincini yeniden ye\u015fertir. Ve i\u015fte o zaman yeniden nefes almaya ba\u015flars\u0131n.<\/p>\n","protected":false},"excerpt":{"rendered":"<p>Hayat hissettiklerimiz ve ya\u015fad\u0131klar\u0131m\u0131zdan ibarettir. Ya\u015famak istediklerimiz ise bir kenarda durur. Zaman g\u00f6sterir ger\u00e7ek olma durumunu. Bir ger\u00e7ekli\u011fe inan\u0131p savrulur, i\u00e7inde buluruz kendimizi baz\u0131 durumlar\u0131n. Ka\u00e7mak isteriz bazen insanlardan. Sessizlik en derinlerde bizim payda\u015f\u0131m\u0131z olur. Ka\u00e7\u0131p gitmek sanki bize huzur verir. Karanl\u0131k b\u00fct\u00fcn y\u00fckleri omuzlayan dostumuz olur. Ama \u00f6yle bir an gelir ki yeniden bahar [&hellip;]<\/p>\n","protected":false},"featured_media":22769,"comment_status":"closed","ping_status":"closed","template":"","meta":[],"product_brand":[],"product_cat":[22],"product_tag":[],"class_list":{"0":"post-22768","1":"product","2":"type-product","3":"status-publish","4":"has-post-thumbnail","6":"product_cat-siir","8":"first","9":"instock","10":"sale","11":"shipping-taxable","12":"purchasable","13":"product-type-simple"},"_links":{"self":[{"href":"https:\/\/kutluyayinevi.com\/magaza\/wp-json\/wp\/v2\/product\/22768","targetHints":{"allow":["GET"]}}],"collection":[{"href":"https:\/\/kutluyayinevi.com\/magaza\/wp-json\/wp\/v2\/product"}],"about":[{"href":"https:\/\/kutluyayinevi.com\/magaza\/wp-json\/wp\/v2\/types\/product"}],"replies":[{"embeddable":true,"href":"https:\/\/kutluyayinevi.com\/magaza\/wp-json\/wp\/v2\/comments?post=22768"}],"wp:featuredmedia":[{"embeddable":true,"href":"https:\/\/kutluyayinevi.com\/magaza\/wp-json\/wp\/v2\/media\/22769"}],"wp:attachment":[{"href":"https:\/\/kutluyayinevi.com\/magaza\/wp-json\/wp\/v2\/media?parent=22768"}],"wp:term":[{"taxonomy":"product_brand","embeddable":true,"href":"https:\/\/kutluyayinevi.com\/magaza\/wp-json\/wp\/v2\/product_brand?post=22768"},{"taxonomy":"product_cat","embeddable":true,"href":"https:\/\/kutluyayinevi.com\/magaza\/wp-json\/wp\/v2\/product_cat?post=22768"},{"taxonomy":"product_tag","embeddable":true,"href":"https:\/\/kutluyayinevi.com\/magaza\/wp-json\/wp\/v2\/product_tag?post=22768"}],"curies":[{"name":"wp","href":"https:\/\/api.w.org\/{rel}","templated":true}]}}