{"id":22788,"date":"2024-01-26T12:10:43","date_gmt":"2024-01-26T09:10:43","guid":{"rendered":"https:\/\/kutluyayinevi.com\/magaza\/?post_type=product&#038;p=22788"},"modified":"2026-02-20T12:15:35","modified_gmt":"2026-02-20T09:15:35","slug":"kardelen-hulya-sonmez","status":"publish","type":"product","link":"https:\/\/kutluyayinevi.com\/magaza\/urun\/kardelen-hulya-sonmez\/","title":{"rendered":"Kardelen &#8211; H\u00fclya S\u00f6nmez"},"content":{"rendered":"<p>Beni kalbine sakla demi\u015ftin, seni kalbime saklad\u0131m. O anda birden r\u00fczgar esmeye ba\u015flad\u0131. Garip bir \u015fekilde kar \u00e7i\u00e7e\u011fi yerinden koparak camdan i\u00e7eri savruldu. Ahmet elleri titreyerek e\u011filip ald\u0131 kar \u00e7i\u00e7e\u011fini hafif\u00e7e \u00f6pt\u00fc. Masadaki minik vazoya yerle\u015ftirdi. B\u00fcy\u00fclenmi\u015f gibiydi. R\u00fczgar birden yine kesildi. Cam\u0131 kapatt\u0131. Beyaz g\u00fcvercin t\u00fcy\u00fc ve kardelen masada yan yana duruyorlard\u0131&#8230;<\/p>\n<p>Sihirli bir g\u00fcc\u00fcn etkisi alt\u0131nda oldu\u011funu hissediyordu. Ruhlar \u00f6l\u00fcms\u00fczd\u00fc. Kardelen yan\u0131ndayd\u0131. Camdan d\u0131\u015far\u0131 bakt\u0131\u011f\u0131nda yine yo\u011fun kar ya\u011f\u0131\u015f\u0131 ba\u015flam\u0131\u015ft\u0131. Yata\u011f\u0131na uzand\u0131. uzun zamand\u0131r olmad\u0131\u011f\u0131 kadar huzurluydu. Beni sak\u0131n b\u0131rakma kardelenim, diye m\u0131r\u0131ldan\u0131rken yorulan g\u00f6zleri uykuya yenik d\u00fc\u015ft\u00fc. R\u00fcya ile ger\u00e7ek birbirine kar\u0131\u015fm\u0131\u015f gibiydi. Kim bilir Ahmet ya\u015fad\u0131\u011f\u0131 hangi kareleri g\u00f6r\u00fcyordu r\u00fcyas\u0131nda&#8230;<\/p>\n","protected":false},"excerpt":{"rendered":"<p>Beni kalbine sakla demi\u015ftin, seni kalbime saklad\u0131m. O anda birden r\u00fczgar esmeye ba\u015flad\u0131. Garip bir \u015fekilde kar \u00e7i\u00e7e\u011fi yerinden koparak camdan i\u00e7eri savruldu. Ahmet elleri titreyerek e\u011filip ald\u0131 kar \u00e7i\u00e7e\u011fini hafif\u00e7e \u00f6pt\u00fc. Masadaki minik vazoya yerle\u015ftirdi. B\u00fcy\u00fclenmi\u015f gibiydi. R\u00fczgar birden yine kesildi. Cam\u0131 kapatt\u0131. Beyaz g\u00fcvercin t\u00fcy\u00fc ve kardelen masada yan yana duruyorlard\u0131&#8230; Sihirli bir [&hellip;]<\/p>\n","protected":false},"featured_media":22789,"comment_status":"closed","ping_status":"closed","template":"","meta":[],"product_brand":[],"product_cat":[24],"product_tag":[],"class_list":{"0":"post-22788","1":"product","2":"type-product","3":"status-publish","4":"has-post-thumbnail","6":"product_cat-roman","8":"first","9":"instock","10":"sale","11":"shipping-taxable","12":"purchasable","13":"product-type-simple"},"_links":{"self":[{"href":"https:\/\/kutluyayinevi.com\/magaza\/wp-json\/wp\/v2\/product\/22788","targetHints":{"allow":["GET"]}}],"collection":[{"href":"https:\/\/kutluyayinevi.com\/magaza\/wp-json\/wp\/v2\/product"}],"about":[{"href":"https:\/\/kutluyayinevi.com\/magaza\/wp-json\/wp\/v2\/types\/product"}],"replies":[{"embeddable":true,"href":"https:\/\/kutluyayinevi.com\/magaza\/wp-json\/wp\/v2\/comments?post=22788"}],"wp:featuredmedia":[{"embeddable":true,"href":"https:\/\/kutluyayinevi.com\/magaza\/wp-json\/wp\/v2\/media\/22789"}],"wp:attachment":[{"href":"https:\/\/kutluyayinevi.com\/magaza\/wp-json\/wp\/v2\/media?parent=22788"}],"wp:term":[{"taxonomy":"product_brand","embeddable":true,"href":"https:\/\/kutluyayinevi.com\/magaza\/wp-json\/wp\/v2\/product_brand?post=22788"},{"taxonomy":"product_cat","embeddable":true,"href":"https:\/\/kutluyayinevi.com\/magaza\/wp-json\/wp\/v2\/product_cat?post=22788"},{"taxonomy":"product_tag","embeddable":true,"href":"https:\/\/kutluyayinevi.com\/magaza\/wp-json\/wp\/v2\/product_tag?post=22788"}],"curies":[{"name":"wp","href":"https:\/\/api.w.org\/{rel}","templated":true}]}}