{"id":22792,"date":"2024-01-26T12:16:27","date_gmt":"2024-01-26T09:16:27","guid":{"rendered":"https:\/\/kutluyayinevi.com\/magaza\/?post_type=product&#038;p=22792"},"modified":"2026-02-19T15:40:58","modified_gmt":"2026-02-19T12:40:58","slug":"bulbulden-sukru-bulbul","status":"publish","type":"product","link":"https:\/\/kutluyayinevi.com\/magaza\/urun\/bulbulden-sukru-bulbul\/","title":{"rendered":"B\u00fclb\u00fcl&#8217;den &#8211; \u015e\u00fckr\u00fc B\u00fclb\u00fcl"},"content":{"rendered":"<p>\u015e\u00dcKR\u00dc B\u00dcLB\u00dcL<\/p>\n<p>1948 y\u0131l\u0131nda Bolu ilinin Gerede il\u00e7esine ba\u011fl\u0131<br \/>\nYaz\u0131kara k\u00f6y\u00fcnde do\u011fdu. \u0130lkokulu k\u00f6y\u00fcnde,<br \/>\nortaokulu il\u00e7esinde, Erkek \u0130lk\u00f6\u011fretmen Okulu\u2019nu ilinde okudu. 1968-69 \u00f6\u011frenim d\u00f6neminde mezun oldu. 3 y\u0131l<br \/>\nAnkara, 9 y\u0131l Gerede&#8217;nin k\u00f6yleri ve merkezinde \u00e7al\u0131\u015ft\u0131. 1982 y\u0131l\u0131nda<br \/>\n\u0130stanbul&#8217;a atand\u0131. 15 y\u0131l \u00e7al\u0131\u015ft\u0131ktan sonra 1995 y\u0131l\u0131nda emekli oldu.<br \/>\nHalen Erenk\u00f6y semtinde ya\u015famaktad\u0131r. Evli ve 4 \u00e7ocuk, 7 torun sahibidir.<\/p>\n<p>\u015eiir, an\u0131, hikaye, hasret, seven, sevilen, do\u011fal g\u00fczelliklere \u00f6vg\u00fc, hem\u015fehri, dost ve yak\u0131nl\u0131klar \u00f6nceliklerim olmu\u015ftur.<br \/>\nHer sayfan\u0131n arkas\u0131ndan gelen ba\u015fl\u0131klar birbirinden farkl\u0131 i\u00e7eriklerle bezenmi\u015ftir.<br \/>\n\u201cHer telden\u201d en do\u011fru tan\u0131m olur zannederim. Onlarca \u015fiirim s\u00eezlere s\u00fcrprizler sunacakt\u0131r. Keyifli zaman dilimleri ya\u015fatmak ve heyecan katmak en b\u00fcy\u00fck arzumdur.<\/p>\n<p>Mantar m\u0131 istersin ka\u00e7 \u00e7e\u015fidini?<br \/>\nKanl\u0131ca, tellice, akkay\u0131\u015fkan\u2026<br \/>\nSayamad\u0131m her birini,<br \/>\nYak kuzineyi haz\u0131rla tepsiyi.<\/p>\n<p>Mantarl\u0131 b\u00f6rekle doyur mideni.<\/p>\n","protected":false},"excerpt":{"rendered":"<p>\u015e\u00dcKR\u00dc B\u00dcLB\u00dcL 1948 y\u0131l\u0131nda Bolu ilinin Gerede il\u00e7esine ba\u011fl\u0131 Yaz\u0131kara k\u00f6y\u00fcnde do\u011fdu. \u0130lkokulu k\u00f6y\u00fcnde, ortaokulu il\u00e7esinde, Erkek \u0130lk\u00f6\u011fretmen Okulu\u2019nu ilinde okudu. 1968-69 \u00f6\u011frenim d\u00f6neminde mezun oldu. 3 y\u0131l Ankara, 9 y\u0131l Gerede&#8217;nin k\u00f6yleri ve merkezinde \u00e7al\u0131\u015ft\u0131. 1982 y\u0131l\u0131nda \u0130stanbul&#8217;a atand\u0131. 15 y\u0131l \u00e7al\u0131\u015ft\u0131ktan sonra 1995 y\u0131l\u0131nda emekli oldu. Halen Erenk\u00f6y semtinde ya\u015famaktad\u0131r. Evli ve 4 [&hellip;]<\/p>\n","protected":false},"featured_media":22793,"comment_status":"closed","ping_status":"closed","template":"","meta":[],"product_brand":[],"product_cat":[22],"product_tag":[],"class_list":{"0":"post-22792","1":"product","2":"type-product","3":"status-publish","4":"has-post-thumbnail","6":"product_cat-siir","8":"first","9":"instock","10":"sale","11":"shipping-taxable","12":"purchasable","13":"product-type-simple"},"_links":{"self":[{"href":"https:\/\/kutluyayinevi.com\/magaza\/wp-json\/wp\/v2\/product\/22792","targetHints":{"allow":["GET"]}}],"collection":[{"href":"https:\/\/kutluyayinevi.com\/magaza\/wp-json\/wp\/v2\/product"}],"about":[{"href":"https:\/\/kutluyayinevi.com\/magaza\/wp-json\/wp\/v2\/types\/product"}],"replies":[{"embeddable":true,"href":"https:\/\/kutluyayinevi.com\/magaza\/wp-json\/wp\/v2\/comments?post=22792"}],"wp:featuredmedia":[{"embeddable":true,"href":"https:\/\/kutluyayinevi.com\/magaza\/wp-json\/wp\/v2\/media\/22793"}],"wp:attachment":[{"href":"https:\/\/kutluyayinevi.com\/magaza\/wp-json\/wp\/v2\/media?parent=22792"}],"wp:term":[{"taxonomy":"product_brand","embeddable":true,"href":"https:\/\/kutluyayinevi.com\/magaza\/wp-json\/wp\/v2\/product_brand?post=22792"},{"taxonomy":"product_cat","embeddable":true,"href":"https:\/\/kutluyayinevi.com\/magaza\/wp-json\/wp\/v2\/product_cat?post=22792"},{"taxonomy":"product_tag","embeddable":true,"href":"https:\/\/kutluyayinevi.com\/magaza\/wp-json\/wp\/v2\/product_tag?post=22792"}],"curies":[{"name":"wp","href":"https:\/\/api.w.org\/{rel}","templated":true}]}}