{"id":22805,"date":"2024-02-05T13:13:56","date_gmt":"2024-02-05T10:13:56","guid":{"rendered":"https:\/\/kutluyayinevi.com\/magaza\/?post_type=product&#038;p=22805"},"modified":"2026-02-23T10:31:56","modified_gmt":"2026-02-23T07:31:56","slug":"travmatik-ergenin-terapi-notlari-osman-ilhan","status":"publish","type":"product","link":"https:\/\/kutluyayinevi.com\/magaza\/urun\/travmatik-ergenin-terapi-notlari-osman-ilhan\/","title":{"rendered":"Travmatik Ergenin Terapi Notlar\u0131 &#8211; Osman \u0130lhan"},"content":{"rendered":"<p>\u0130nsanl\u0131\u011fa hizmet etmek bedel ister. Her yi\u011fidin harc\u0131 de\u011fildir! Ya\u015fanm\u0131\u015fl\u0131klar\u0131n be\u015fi\u011finde, hayat\u0131n ac\u0131 olaylar\u0131yla beslenip, ya\u015fam\u0131n sonsuz bilinmezli\u011fi ile kundaklan\u0131p, aidiyetini t\u00fcm insanl\u0131\u011fa hibe etmen gerekir. Ailen herkestir, biyolojik varl\u0131\u011f\u0131na kaynak olanlar\u0131n soy ismine s\u0131\u011fmaz senin ad\u0131n. Sen t\u00fcm insanl\u0131\u011f\u0131n \u00e7ocu\u011fusundur, hepsinden birer par\u00e7ay\u0131 bar\u0131nd\u0131r\u0131rs\u0131n ve herkes sana tan\u0131d\u0131kt\u0131r, her g\u00f6nl\u00fc d\u00fc\u015febilirsin, her kalbe sevgi olabilirsin. Senin tan\u0131ma s\u0131\u011fmayan aidiyetsizli\u011fin kainat\u0131n tamam\u0131n\u0131n ad\u0131d\u0131r. Belki \u00f6zg\u00fcrl\u00fckt\u00fcr bu. Beyaz bir ku\u015fun kanad\u0131na tak\u0131lan varl\u0131\u011f\u0131n, g\u00f6ky\u00fcz\u00fcn\u00fcn mavi semalar\u0131nda \u0131\u015f\u0131k sa\u00e7an g\u00fcne\u015fe do\u011fru kanat \u00e7\u0131rpar ve k\u0131zg\u0131n ate\u015fi ile yak\u0131p kavurdu\u011fu \u015fehrin sokaklar\u0131na g\u00f6lge olup, kalabal\u0131klar\u0131n s\u0131k\u0131\u015fm\u0131\u015fl\u0131\u011f\u0131nda kaybolan insana unuttuklar\u0131n\u0131 hat\u0131rlat\u0131r. \u00d6zg\u00fcrl\u00fc\u011f\u00fcn bileklerine vurulmu\u015f kelep\u00e7enin b\u0131rakt\u0131\u011f\u0131 izi ancak umudun iyile\u015ftirici merhemi deva olacakt\u0131r. Kanayan yerlerimizin ac\u0131s\u0131n\u0131, hatalar\u0131m\u0131z\u0131n utanc\u0131n\u0131 unuttur diye ad\u0131n\u0131 umut koydum \u00e7ocuk.<\/p>\n","protected":false},"excerpt":{"rendered":"<p>\u0130nsanl\u0131\u011fa hizmet etmek bedel ister. Her yi\u011fidin harc\u0131 de\u011fildir! Ya\u015fanm\u0131\u015fl\u0131klar\u0131n be\u015fi\u011finde, hayat\u0131n ac\u0131 olaylar\u0131yla beslenip, ya\u015fam\u0131n sonsuz bilinmezli\u011fi ile kundaklan\u0131p, aidiyetini t\u00fcm insanl\u0131\u011fa hibe etmen gerekir. Ailen herkestir, biyolojik varl\u0131\u011f\u0131na kaynak olanlar\u0131n soy ismine s\u0131\u011fmaz senin ad\u0131n. Sen t\u00fcm insanl\u0131\u011f\u0131n \u00e7ocu\u011fusundur, hepsinden birer par\u00e7ay\u0131 bar\u0131nd\u0131r\u0131rs\u0131n ve herkes sana tan\u0131d\u0131kt\u0131r, her g\u00f6nl\u00fc d\u00fc\u015febilirsin, her kalbe sevgi [&hellip;]<\/p>\n","protected":false},"featured_media":22806,"comment_status":"closed","ping_status":"closed","template":"","meta":[],"product_brand":[],"product_cat":[28],"product_tag":[],"class_list":{"0":"post-22805","1":"product","2":"type-product","3":"status-publish","4":"has-post-thumbnail","6":"product_cat-aratirma-inceleme","8":"first","9":"instock","10":"sale","11":"shipping-taxable","12":"purchasable","13":"product-type-simple"},"_links":{"self":[{"href":"https:\/\/kutluyayinevi.com\/magaza\/wp-json\/wp\/v2\/product\/22805","targetHints":{"allow":["GET"]}}],"collection":[{"href":"https:\/\/kutluyayinevi.com\/magaza\/wp-json\/wp\/v2\/product"}],"about":[{"href":"https:\/\/kutluyayinevi.com\/magaza\/wp-json\/wp\/v2\/types\/product"}],"replies":[{"embeddable":true,"href":"https:\/\/kutluyayinevi.com\/magaza\/wp-json\/wp\/v2\/comments?post=22805"}],"wp:featuredmedia":[{"embeddable":true,"href":"https:\/\/kutluyayinevi.com\/magaza\/wp-json\/wp\/v2\/media\/22806"}],"wp:attachment":[{"href":"https:\/\/kutluyayinevi.com\/magaza\/wp-json\/wp\/v2\/media?parent=22805"}],"wp:term":[{"taxonomy":"product_brand","embeddable":true,"href":"https:\/\/kutluyayinevi.com\/magaza\/wp-json\/wp\/v2\/product_brand?post=22805"},{"taxonomy":"product_cat","embeddable":true,"href":"https:\/\/kutluyayinevi.com\/magaza\/wp-json\/wp\/v2\/product_cat?post=22805"},{"taxonomy":"product_tag","embeddable":true,"href":"https:\/\/kutluyayinevi.com\/magaza\/wp-json\/wp\/v2\/product_tag?post=22805"}],"curies":[{"name":"wp","href":"https:\/\/api.w.org\/{rel}","templated":true}]}}