{"id":22807,"date":"2024-02-05T13:15:57","date_gmt":"2024-02-05T10:15:57","guid":{"rendered":"https:\/\/kutluyayinevi.com\/magaza\/?post_type=product&#038;p=22807"},"modified":"2026-02-20T17:08:07","modified_gmt":"2026-02-20T14:08:07","slug":"resimlerde-cocugu-anlamak-osman-ilhan","status":"publish","type":"product","link":"https:\/\/kutluyayinevi.com\/magaza\/urun\/resimlerde-cocugu-anlamak-osman-ilhan\/","title":{"rendered":"Resimlerde \u00c7ocu\u011fu Anlamak &#8211; Osman \u0130lhan"},"content":{"rendered":"<div class=\"phenom-desc\">\n<div class=\"comment-container\">\n<div class=\"action-comment can-view-video markeddown js-comment is-comments-rewrite\" dir=\"auto\">\n<div class=\"current-comment js-friendly-links js-open-card\">\n<p>Resim ile \u00e7ocu\u011fu anlamak, \u00e7ocu\u011fa yard\u0131m etme aray\u0131\u015f\u0131m\u0131z i\u00e7in \u00f6nemli bir ara\u00e7 haline gelmi\u015ftir. Bu ama\u00e7la yola \u00e7\u0131kt\u0131\u011f\u0131m\u0131z bu \u00e7al\u0131\u015fma da, genel toplumsal kitlemizi yans\u0131tt\u0131\u011f\u0131n\u0131 d\u00fc\u015f\u00fcnd\u00fc\u011f\u00fcm\u00fcz, milli e\u011fitime bakanl\u0131\u011f\u0131na ba\u011fl\u0131 bir ilkokulda, gerekli yasal izinler al\u0131nd\u0131ktan sonra \u00e7al\u0131\u015fma \u00f6rneklemimizi olu\u015fturduk. \u00c7ocuktan al\u0131nan resim verilerinin somut bir konu \u00fczerinden ilerlemesi ve ara\u015ft\u0131rmac\u0131ya g\u00f6zle g\u00f6r\u00fcl\u00fcr veriler vermesi a\u00e7\u0131s\u0131ndan di\u015f sa\u011fl\u0131\u011f\u0131 e\u011fitimi gibi ayn\u0131 derece de \u00f6nemli toplum sa\u011fl\u0131\u011f\u0131 sorunu ile birle\u015fmi\u015f bir \u00e7al\u0131\u015fma ile ilerledik. Bu \u00e7al\u0131\u015fma i\u00e7in di\u015f hekimi ve psikologlardan olu\u015fan bir ekiple yola \u00e7\u0131karak ortak \u00e7al\u0131\u015fmam\u0131z\u0131 y\u00fcr\u00fct\u00fcp \u00e7er\u00e7evemizi bilimsel zeminde somutla\u015ft\u0131rd\u0131k. \u00c7ocuklara vermi\u015f oldu\u011fumuz di\u015f sa\u011fl\u0131\u011f\u0131 e\u011fitimi \u00f6ncesinde resim yapt\u0131rd\u0131k ve e\u011fitim sonras\u0131nda bir resim daha yapt\u0131rd\u0131k. \u00d6ncesi ve sonras\u0131 \u015feklinde uygulanan resimler arac\u0131l\u0131\u011f\u0131 ile \u00e7ocu\u011fun, di\u015f sa\u011fl\u0131\u011f\u0131 ve e\u011fitimine , di\u015f hekimine ve ilgili sa\u011fl\u0131k konusuna yakla\u015f\u0131m\u0131n\u0131 anlamaya \u00e7al\u0131\u015ft\u0131k. Bu tema \u00fczerinden \u00e7ocu\u011fun i\u00e7sel s\u00fcre\u00e7lerini, \u00f6\u011frenme faaliyetini, korkular\u0131n\u0131, endi\u015felerini, duygu durum yans\u0131tmalar\u0131n\u0131 \u00e7izmi\u015f oldu\u011fu resime yans\u0131t\u0131\u011f\u0131 semboller \u00fczerinden analiz etmeye \u00e7al\u0131\u015ft\u0131k. Bu \u00e7al\u0131\u015fmam\u0131z\u0131n siz de\u011ferli okuyucular\u0131m\u0131za katk\u0131 sa\u011flamas\u0131 \u00fcmidi ile, keyifli okumalar dileriz.<\/p>\n<\/div>\n<\/div>\n<\/div>\n<\/div>\n","protected":false},"excerpt":{"rendered":"<p>Resim ile \u00e7ocu\u011fu anlamak, \u00e7ocu\u011fa yard\u0131m etme aray\u0131\u015f\u0131m\u0131z i\u00e7in \u00f6nemli bir ara\u00e7 haline gelmi\u015ftir. Bu ama\u00e7la yola \u00e7\u0131kt\u0131\u011f\u0131m\u0131z bu \u00e7al\u0131\u015fma da, genel toplumsal kitlemizi yans\u0131tt\u0131\u011f\u0131n\u0131 d\u00fc\u015f\u00fcnd\u00fc\u011f\u00fcm\u00fcz, milli e\u011fitime bakanl\u0131\u011f\u0131na ba\u011fl\u0131 bir ilkokulda, gerekli yasal izinler al\u0131nd\u0131ktan sonra \u00e7al\u0131\u015fma \u00f6rneklemimizi olu\u015fturduk. \u00c7ocuktan al\u0131nan resim verilerinin somut bir konu \u00fczerinden ilerlemesi ve ara\u015ft\u0131rmac\u0131ya g\u00f6zle g\u00f6r\u00fcl\u00fcr veriler vermesi [&hellip;]<\/p>\n","protected":false},"featured_media":22808,"comment_status":"closed","ping_status":"closed","template":"","meta":[],"product_brand":[],"product_cat":[32],"product_tag":[],"class_list":{"0":"post-22807","1":"product","2":"type-product","3":"status-publish","4":"has-post-thumbnail","6":"product_cat-kisisel-gelisim","8":"first","9":"instock","10":"sale","11":"shipping-taxable","12":"purchasable","13":"product-type-simple"},"_links":{"self":[{"href":"https:\/\/kutluyayinevi.com\/magaza\/wp-json\/wp\/v2\/product\/22807","targetHints":{"allow":["GET"]}}],"collection":[{"href":"https:\/\/kutluyayinevi.com\/magaza\/wp-json\/wp\/v2\/product"}],"about":[{"href":"https:\/\/kutluyayinevi.com\/magaza\/wp-json\/wp\/v2\/types\/product"}],"replies":[{"embeddable":true,"href":"https:\/\/kutluyayinevi.com\/magaza\/wp-json\/wp\/v2\/comments?post=22807"}],"wp:featuredmedia":[{"embeddable":true,"href":"https:\/\/kutluyayinevi.com\/magaza\/wp-json\/wp\/v2\/media\/22808"}],"wp:attachment":[{"href":"https:\/\/kutluyayinevi.com\/magaza\/wp-json\/wp\/v2\/media?parent=22807"}],"wp:term":[{"taxonomy":"product_brand","embeddable":true,"href":"https:\/\/kutluyayinevi.com\/magaza\/wp-json\/wp\/v2\/product_brand?post=22807"},{"taxonomy":"product_cat","embeddable":true,"href":"https:\/\/kutluyayinevi.com\/magaza\/wp-json\/wp\/v2\/product_cat?post=22807"},{"taxonomy":"product_tag","embeddable":true,"href":"https:\/\/kutluyayinevi.com\/magaza\/wp-json\/wp\/v2\/product_tag?post=22807"}],"curies":[{"name":"wp","href":"https:\/\/api.w.org\/{rel}","templated":true}]}}