{"id":22809,"date":"2024-02-05T13:19:00","date_gmt":"2024-02-05T10:19:00","guid":{"rendered":"https:\/\/kutluyayinevi.com\/magaza\/?post_type=product&#038;p=22809"},"modified":"2026-02-23T11:18:09","modified_gmt":"2026-02-23T08:18:09","slug":"yetiskinlerde-gorulen-dehb-osman-ilhan","status":"publish","type":"product","link":"https:\/\/kutluyayinevi.com\/magaza\/urun\/yetiskinlerde-gorulen-dehb-osman-ilhan\/","title":{"rendered":"Yeti\u015fkinlerde G\u00f6r\u00fclen DEHB &#8211; Osman \u0130lhan"},"content":{"rendered":"<p>\u0130lk tan\u0131mland\u0131\u011f\u0131 y\u0131llarda, sadece \u00e7ocukluk d\u00f6neminde g\u00f6r\u00fcld\u00fc\u011f\u00fc d\u00fc\u015f\u00fcn\u00fclen Dikkat Eksikli\u011fi Hiperaktivite Bozuklu\u011funun eri\u015fkin d\u00f6neminde de devam etti\u011fi tespit edilmi\u015ftir. Dikkat Eksikli\u011fi Hiperaktivite Bozuklu\u011fu her toplumda rastlanan, hastalar\u0131n yar\u0131s\u0131ndan fazlas\u0131nda eri\u015fkinlik ya\u015fam\u0131nda da etkisini s\u00fcrd\u00fcren, ya\u015fama, ki\u015filer aras\u0131 ili\u015fkilere, okul ve \u00e7al\u0131\u015fma hayat\u0131na yans\u0131yan \u00e7e\u015fitli olumsuz y\u00f6nleri a\u00e7\u0131s\u0131ndan toplumun ve sa\u011fl\u0131k hizmetlerinin temel problemlerinin ba\u015f\u0131nda gelir.<\/p>\n<p>Tan\u0131 koyulmam\u0131\u015f DEHB yeti\u015fkinlik d\u00f6neminde kendisini etkili bir \u015fekilde g\u00f6stererek, ki\u015filerin i\u015flevselli\u011fini ve ya\u015fam kalitesini olumsuz y\u00f6nde etkiler. Farkl\u0131 psikiyatrik tan\u0131mlamalar ile g\u00f6lgede kalarak, fark edilmesi zorla\u015f\u0131r. Ki\u015fili\u011fin yada di\u011fer psikiyatrik bozukluklar\u0131n semptomlar\u0131 olarak alg\u0131lanarak tek ba\u015f\u0131na klinik tan\u0131lama yap\u0131lmad\u0131\u011f\u0131 g\u00f6zlemlenmi\u015ftir. Tez \u00e7al\u0131\u015fmas\u0131 amac\u0131 ile elde edilen bulgular\u0131n, literat\u00fcr taramas\u0131n\u0131n , bu kitapta bulu\u015farak okuyucuya farkl\u0131 bir bak\u0131\u015f a\u00e7\u0131s\u0131 yarataca\u011f\u0131 \u00fcmit edilmi\u015ftir.<\/p>\n","protected":false},"excerpt":{"rendered":"<p>\u0130lk tan\u0131mland\u0131\u011f\u0131 y\u0131llarda, sadece \u00e7ocukluk d\u00f6neminde g\u00f6r\u00fcld\u00fc\u011f\u00fc d\u00fc\u015f\u00fcn\u00fclen Dikkat Eksikli\u011fi Hiperaktivite Bozuklu\u011funun eri\u015fkin d\u00f6neminde de devam etti\u011fi tespit edilmi\u015ftir. Dikkat Eksikli\u011fi Hiperaktivite Bozuklu\u011fu her toplumda rastlanan, hastalar\u0131n yar\u0131s\u0131ndan fazlas\u0131nda eri\u015fkinlik ya\u015fam\u0131nda da etkisini s\u00fcrd\u00fcren, ya\u015fama, ki\u015filer aras\u0131 ili\u015fkilere, okul ve \u00e7al\u0131\u015fma hayat\u0131na yans\u0131yan \u00e7e\u015fitli olumsuz y\u00f6nleri a\u00e7\u0131s\u0131ndan toplumun ve sa\u011fl\u0131k hizmetlerinin temel problemlerinin ba\u015f\u0131nda gelir. [&hellip;]<\/p>\n","protected":false},"featured_media":22810,"comment_status":"closed","ping_status":"closed","template":"","meta":[],"product_brand":[],"product_cat":[28],"product_tag":[],"class_list":{"0":"post-22809","1":"product","2":"type-product","3":"status-publish","4":"has-post-thumbnail","6":"product_cat-aratirma-inceleme","8":"first","9":"instock","10":"sale","11":"shipping-taxable","12":"purchasable","13":"product-type-simple"},"_links":{"self":[{"href":"https:\/\/kutluyayinevi.com\/magaza\/wp-json\/wp\/v2\/product\/22809","targetHints":{"allow":["GET"]}}],"collection":[{"href":"https:\/\/kutluyayinevi.com\/magaza\/wp-json\/wp\/v2\/product"}],"about":[{"href":"https:\/\/kutluyayinevi.com\/magaza\/wp-json\/wp\/v2\/types\/product"}],"replies":[{"embeddable":true,"href":"https:\/\/kutluyayinevi.com\/magaza\/wp-json\/wp\/v2\/comments?post=22809"}],"wp:featuredmedia":[{"embeddable":true,"href":"https:\/\/kutluyayinevi.com\/magaza\/wp-json\/wp\/v2\/media\/22810"}],"wp:attachment":[{"href":"https:\/\/kutluyayinevi.com\/magaza\/wp-json\/wp\/v2\/media?parent=22809"}],"wp:term":[{"taxonomy":"product_brand","embeddable":true,"href":"https:\/\/kutluyayinevi.com\/magaza\/wp-json\/wp\/v2\/product_brand?post=22809"},{"taxonomy":"product_cat","embeddable":true,"href":"https:\/\/kutluyayinevi.com\/magaza\/wp-json\/wp\/v2\/product_cat?post=22809"},{"taxonomy":"product_tag","embeddable":true,"href":"https:\/\/kutluyayinevi.com\/magaza\/wp-json\/wp\/v2\/product_tag?post=22809"}],"curies":[{"name":"wp","href":"https:\/\/api.w.org\/{rel}","templated":true}]}}