{"id":22815,"date":"2024-02-05T13:25:42","date_gmt":"2024-02-05T10:25:42","guid":{"rendered":"https:\/\/kutluyayinevi.com\/magaza\/?post_type=product&#038;p=22815"},"modified":"2026-02-19T15:10:54","modified_gmt":"2026-02-19T12:10:54","slug":"bir-nefes-gizem-kayaalp","status":"publish","type":"product","link":"https:\/\/kutluyayinevi.com\/magaza\/urun\/bir-nefes-gizem-kayaalp\/","title":{"rendered":"Bir Nefes &#8211; Gizem Kayaalp"},"content":{"rendered":"<p>\u00d6l\u00fcm sand\u0131\u011f\u0131m\u0131z do\u011fum g\u00fcnleri ya\u015far\u0131z \u00f6mr\u00fcm\u00fczde<br \/>\nG\u00fc\u00e7 ise hayat\u0131n en muhte\u015fem m\u00fckafat\u0131 bize<br \/>\nT\u00fckendi\u011fimiz yerde \u00e7\u0131kar kar\u015f\u0131m\u0131za bir dal<br \/>\nK\u00f6k\u00fcn\u00fc bulmaya \u00e7al\u0131\u015f\u0131r\u0131z en aceleci tav\u0131rla<br \/>\nHayat\u0131m\u0131z\u0131 ye\u015fertme umuduyla tutundu\u011fumuz o dal<br \/>\nAs\u0131l \u00e7\u0131nar\u0131n kendimiz oldu\u011funu \u00f6\u011fretir bize<br \/>\nT\u00fckendi\u011fimiz yerde \u00e7\u0131kar \u00f6n\u00fcm\u00fcze kap\u0131lar<br \/>\nKilidini bulmaya \u00e7al\u0131\u015f\u0131r\u0131z en ivedi halimizle<br \/>\nHayat\u0131m\u0131z\u0131 ayd\u0131nlatma \u00fcmidiyle girdi\u011fimiz o kap\u0131<br \/>\nAs\u0131l yuvan\u0131n kendimiz oldu\u011funu \u00f6\u011fretir bize<\/p>\n<p>Ya\u015fam, bizim i\u015faretledi\u011fimiz \u015f\u0131klardan ibaret belki do\u011frularla belki kabahatleriyle. Bazen yanl\u0131\u015flarla bazen hakikatleriyle, \u00e7o\u011fu zaman kararlar\u0131m\u0131zla, kimi zaman tercih etmediklerimizle\u2026 Ama hep kendimizle \u00d6l\u00fcm sand\u0131\u011f\u0131m\u0131z do\u011fum g\u00fcnleri ya\u015far\u0131z \u00f6mr\u00fcm\u00fczde<br \/>\nG\u00fc\u00e7 ise hayat\u0131n en muhte\u015fem m\u00fckafat\u0131 bize<\/p>\n","protected":false},"excerpt":{"rendered":"<p>\u00d6l\u00fcm sand\u0131\u011f\u0131m\u0131z do\u011fum g\u00fcnleri ya\u015far\u0131z \u00f6mr\u00fcm\u00fczde G\u00fc\u00e7 ise hayat\u0131n en muhte\u015fem m\u00fckafat\u0131 bize T\u00fckendi\u011fimiz yerde \u00e7\u0131kar kar\u015f\u0131m\u0131za bir dal K\u00f6k\u00fcn\u00fc bulmaya \u00e7al\u0131\u015f\u0131r\u0131z en aceleci tav\u0131rla Hayat\u0131m\u0131z\u0131 ye\u015fertme umuduyla tutundu\u011fumuz o dal As\u0131l \u00e7\u0131nar\u0131n kendimiz oldu\u011funu \u00f6\u011fretir bize T\u00fckendi\u011fimiz yerde \u00e7\u0131kar \u00f6n\u00fcm\u00fcze kap\u0131lar Kilidini bulmaya \u00e7al\u0131\u015f\u0131r\u0131z en ivedi halimizle Hayat\u0131m\u0131z\u0131 ayd\u0131nlatma \u00fcmidiyle girdi\u011fimiz o kap\u0131 As\u0131l [&hellip;]<\/p>\n","protected":false},"featured_media":22816,"comment_status":"closed","ping_status":"closed","template":"","meta":[],"product_brand":[],"product_cat":[32],"product_tag":[],"class_list":{"0":"post-22815","1":"product","2":"type-product","3":"status-publish","4":"has-post-thumbnail","6":"product_cat-kisisel-gelisim","8":"first","9":"instock","10":"sale","11":"shipping-taxable","12":"purchasable","13":"product-type-simple"},"_links":{"self":[{"href":"https:\/\/kutluyayinevi.com\/magaza\/wp-json\/wp\/v2\/product\/22815","targetHints":{"allow":["GET"]}}],"collection":[{"href":"https:\/\/kutluyayinevi.com\/magaza\/wp-json\/wp\/v2\/product"}],"about":[{"href":"https:\/\/kutluyayinevi.com\/magaza\/wp-json\/wp\/v2\/types\/product"}],"replies":[{"embeddable":true,"href":"https:\/\/kutluyayinevi.com\/magaza\/wp-json\/wp\/v2\/comments?post=22815"}],"wp:featuredmedia":[{"embeddable":true,"href":"https:\/\/kutluyayinevi.com\/magaza\/wp-json\/wp\/v2\/media\/22816"}],"wp:attachment":[{"href":"https:\/\/kutluyayinevi.com\/magaza\/wp-json\/wp\/v2\/media?parent=22815"}],"wp:term":[{"taxonomy":"product_brand","embeddable":true,"href":"https:\/\/kutluyayinevi.com\/magaza\/wp-json\/wp\/v2\/product_brand?post=22815"},{"taxonomy":"product_cat","embeddable":true,"href":"https:\/\/kutluyayinevi.com\/magaza\/wp-json\/wp\/v2\/product_cat?post=22815"},{"taxonomy":"product_tag","embeddable":true,"href":"https:\/\/kutluyayinevi.com\/magaza\/wp-json\/wp\/v2\/product_tag?post=22815"}],"curies":[{"name":"wp","href":"https:\/\/api.w.org\/{rel}","templated":true}]}}