{"id":22828,"date":"2024-02-14T12:31:04","date_gmt":"2024-02-14T09:31:04","guid":{"rendered":"https:\/\/kutluyayinevi.com\/magaza\/?post_type=product&#038;p=22828"},"modified":"2026-02-20T16:52:16","modified_gmt":"2026-02-20T13:52:16","slug":"ote-dunya-ziyareti-eren-akbulut","status":"publish","type":"product","link":"https:\/\/kutluyayinevi.com\/magaza\/urun\/ote-dunya-ziyareti-eren-akbulut\/","title":{"rendered":"\u00d6te D\u00fcnya Ziyareti &#8211; Eren Akbulut"},"content":{"rendered":"<div class=\"phenom-desc\">\n<div class=\"comment-container\">\n<div class=\"action-comment can-view-video markeddown js-comment is-comments-rewrite\" dir=\"auto\">\n<div class=\"current-comment js-friendly-links js-open-card\">\n<p>\u00dcz\u00fcl\u00fcr\u00fcm insanlara, cehennemin i\u00e7inde ya\u015fay\u0131p kurtulmaya \u00e7al\u0131\u015f\u0131rlar \u00f6te d\u00fcnyadaki cehennemden. En sonunda geldi\u011fi gibi hi\u00e7li\u011fe gidecek bedenim, bu mu hayata tutunman\u0131n yolu? Zevk, haz ve sonu gelen yenilikler, ruhun bedene esir olmas\u0131 durumudur. \u00d6te d\u00fcnyalarda dola\u015fmaya ne l\u00fczum var hen\u00fcz kendi d\u00fcnyam\u0131z\u0131n bile derdini anlayamam\u0131\u015fken. \u0130nsan idrak edebilir mi Tanr\u0131&#8217;y\u0131 hen\u00fcz kendini dahi edememi\u015fken?<\/p>\n<\/div>\n<\/div>\n<\/div>\n<\/div>\n","protected":false},"excerpt":{"rendered":"<p>\u00dcz\u00fcl\u00fcr\u00fcm insanlara, cehennemin i\u00e7inde ya\u015fay\u0131p kurtulmaya \u00e7al\u0131\u015f\u0131rlar \u00f6te d\u00fcnyadaki cehennemden. En sonunda geldi\u011fi gibi hi\u00e7li\u011fe gidecek bedenim, bu mu hayata tutunman\u0131n yolu? Zevk, haz ve sonu gelen yenilikler, ruhun bedene esir olmas\u0131 durumudur. \u00d6te d\u00fcnyalarda dola\u015fmaya ne l\u00fczum var hen\u00fcz kendi d\u00fcnyam\u0131z\u0131n bile derdini anlayamam\u0131\u015fken. \u0130nsan idrak edebilir mi Tanr\u0131&#8217;y\u0131 hen\u00fcz kendini dahi edememi\u015fken?<\/p>\n","protected":false},"featured_media":22829,"comment_status":"closed","ping_status":"closed","template":"","meta":[],"product_brand":[],"product_cat":[22],"product_tag":[],"class_list":{"0":"post-22828","1":"product","2":"type-product","3":"status-publish","4":"has-post-thumbnail","6":"product_cat-siir","8":"first","9":"instock","10":"sale","11":"shipping-taxable","12":"purchasable","13":"product-type-simple"},"_links":{"self":[{"href":"https:\/\/kutluyayinevi.com\/magaza\/wp-json\/wp\/v2\/product\/22828","targetHints":{"allow":["GET"]}}],"collection":[{"href":"https:\/\/kutluyayinevi.com\/magaza\/wp-json\/wp\/v2\/product"}],"about":[{"href":"https:\/\/kutluyayinevi.com\/magaza\/wp-json\/wp\/v2\/types\/product"}],"replies":[{"embeddable":true,"href":"https:\/\/kutluyayinevi.com\/magaza\/wp-json\/wp\/v2\/comments?post=22828"}],"wp:featuredmedia":[{"embeddable":true,"href":"https:\/\/kutluyayinevi.com\/magaza\/wp-json\/wp\/v2\/media\/22829"}],"wp:attachment":[{"href":"https:\/\/kutluyayinevi.com\/magaza\/wp-json\/wp\/v2\/media?parent=22828"}],"wp:term":[{"taxonomy":"product_brand","embeddable":true,"href":"https:\/\/kutluyayinevi.com\/magaza\/wp-json\/wp\/v2\/product_brand?post=22828"},{"taxonomy":"product_cat","embeddable":true,"href":"https:\/\/kutluyayinevi.com\/magaza\/wp-json\/wp\/v2\/product_cat?post=22828"},{"taxonomy":"product_tag","embeddable":true,"href":"https:\/\/kutluyayinevi.com\/magaza\/wp-json\/wp\/v2\/product_tag?post=22828"}],"curies":[{"name":"wp","href":"https:\/\/api.w.org\/{rel}","templated":true}]}}