{"id":22830,"date":"2024-02-14T12:35:11","date_gmt":"2024-02-14T09:35:11","guid":{"rendered":"https:\/\/kutluyayinevi.com\/magaza\/?post_type=product&#038;p=22830"},"modified":"2025-02-06T17:05:57","modified_gmt":"2025-02-06T14:05:57","slug":"noropazarlamanin-sanatsal-mimarisi-iktisadi-ve-endustriyel-noroestetik-markalar-ve-profesyoneller-icin-estetik-is-zekasi-ve-isletmesi-mahmut-kizilaslanoglu","status":"publish","type":"product","link":"https:\/\/kutluyayinevi.com\/magaza\/urun\/noropazarlamanin-sanatsal-mimarisi-iktisadi-ve-endustriyel-noroestetik-markalar-ve-profesyoneller-icin-estetik-is-zekasi-ve-isletmesi-mahmut-kizilaslanoglu\/","title":{"rendered":"N\u00f6ropazarlaman\u0131n Sanatsal Mimarisi \u0130ktisadi ve End\u00fcstriyel N\u00f6roestetik &#8211; Markalar ve Profesyoneller i\u00e7in Estetik \u0130\u015f Zekas\u0131 ve \u0130\u015fletmesi &#8211; Mahmut K\u0131z\u0131laslano\u011flu"},"content":{"rendered":"<p>N\u00d6ROPAZARLAMANIN SANATSAL M\u0130MAR\u0130S\u0130 \u2018\u0130KT\u0130SAD\u0130 VE END\u00dcSTR\u0130YEL N\u00d6ROESTET\u0130K\u2019<br \/>\nMarkalar Ve Profesyoneller \u0130\u00e7in \u2018Estetik \u0130\u015f Zek\u00e2s\u0131 &amp; \u0130\u015fletmesi\u2019<\/p>\n<p>Kitab\u0131m\u0131n i\u00e7eri\u011fi ve \u00e7al\u0131\u015fma metodum hakk\u0131nda.<\/p>\n<p>Sat\u0131\u015f, pazarlama, reklam ve di\u011fer alt yap\u0131larda \u00e7al\u0131\u015fan; mavi ve beyaz yakal\u0131 meslek \u00e7al\u0131\u015fanlar\u0131 i\u00e7in yazm\u0131\u015f oldu\u011fum bu kitab\u0131, akademik bilgilerden ald\u0131\u011f\u0131m destek ve y\u0131llar\u0131n deneyimi ile yazd\u0131m.<\/p>\n<p>N\u00f6ropazarlama bilimi ile sanat\u0131n her dal\u0131n\u0131, bir\u00e7ok inovasyonel s\u00fcre\u00e7ler ile birle\u015ftiren bu kitab\u0131; psikoloji, felsefe, n\u00f6rosanat, n\u00f6roestetik ve m\u00fchendislik bilimi gibi di\u011fer inter disiplinlerden de destek alarak, d\u00f6rt ana b\u00f6l\u00fcmde olu\u015fturdum.<\/p>\n<p>Birinci b\u00f6l\u00fcmde, beynin kendisine ba\u011fl\u0131 sinir sistemiyle ve \u00f6zellikle g\u00f6zler, burun ve dil gibi duyusal organlar aras\u0131ndaki ili\u015fkileri detayl\u0131 bir \u015fekilde i\u015fleyerek, n\u00f6robilime genel bir giri\u015f yapt\u0131m.<\/p>\n<p>\u0130kinci b\u00f6l\u00fcmde, n\u00f6roestetik ve n\u00f6rosanat bilimlerinin, iktisadi ve end\u00fcstriyel sekt\u00f6rlere olan katk\u0131lar\u0131n\u0131 \u00f6rneklerle a\u00e7\u0131klayarak, etkili bir \u2018estetik i\u015f zek\u00e2s\u0131 ve i\u015fletme y\u00f6ntemleri\u2019 olu\u015fturman\u0131n, stratejik yollar\u0131n\u0131 anlatt\u0131m.<\/p>\n<p>\u00dc\u00e7\u00fcnc\u00fc b\u00f6l\u00fcmde, bir\u00e7ok yerel ve global \u00f6l\u00e7ekli \u2018sanat-n\u00f6ropazarlama-estetik\u2019 birlikteli\u011finden olu\u015fmu\u015f vaka \u00e7al\u0131\u015fmalar\u0131n\u0131 anlatarak, sanat\u0131n para halini kendi sekt\u00f6r\u00fcn\u00fcze nas\u0131l ve ne \u015fekilde uygulayabilece\u011finizi payla\u015ft\u0131m.<\/p>\n<p>D\u00f6rd\u00fcnc\u00fc b\u00f6l\u00fcmde ise kitab\u0131m\u0131n t\u00fcm b\u00f6l\u00fcmleri ile alakal\u0131; foto\u011fraflar\u0131n, video ve di\u011fer g\u00f6rsellerin ba\u011flant\u0131lar\u0131n\u0131 payla\u015ft\u0131ktan sonra, yurt i\u00e7i ve yurt d\u0131\u015f\u0131ndan faydaland\u0131\u011f\u0131m kaynaklar\u0131n adlar\u0131n\u0131 s\u0131ralad\u0131m.<\/p>\n<p>T\u00fcm \u00e7al\u0131\u015fanlar i\u00e7in haz\u0131rlanm\u0131\u015f olan bu kitab\u0131n; sanat, estetik ve beyin temelli \u2018yeni bir sat\u0131\u015f akl\u0131\u2019 n\u0131 kurarken, sizlere yard\u0131mc\u0131 olmas\u0131 dile\u011fiyle\u2026<\/p>\n<p>Keyifli Okumalar.<\/p>\n<p>Mahmut KIZILASLANO\u011eLU<br \/>\n\u00c7oklu Sanat Uygulay\u0131c\u0131s\u0131 &#8211; M\u00fchendis<\/p>\n","protected":false},"excerpt":{"rendered":"<p>N\u00d6ROPAZARLAMANIN SANATSAL M\u0130MAR\u0130S\u0130 \u2018\u0130KT\u0130SAD\u0130 VE END\u00dcSTR\u0130YEL N\u00d6ROESTET\u0130K\u2019 Markalar Ve Profesyoneller \u0130\u00e7in \u2018Estetik \u0130\u015f Zek\u00e2s\u0131 &amp; \u0130\u015fletmesi\u2019 Kitab\u0131m\u0131n i\u00e7eri\u011fi ve \u00e7al\u0131\u015fma metodum hakk\u0131nda. Sat\u0131\u015f, pazarlama, reklam ve di\u011fer alt yap\u0131larda \u00e7al\u0131\u015fan; mavi ve beyaz yakal\u0131 meslek \u00e7al\u0131\u015fanlar\u0131 i\u00e7in yazm\u0131\u015f oldu\u011fum bu kitab\u0131, akademik bilgilerden ald\u0131\u011f\u0131m destek ve y\u0131llar\u0131n deneyimi ile yazd\u0131m. N\u00f6ropazarlama bilimi ile sanat\u0131n her [&hellip;]<\/p>\n","protected":false},"featured_media":22831,"comment_status":"closed","ping_status":"closed","template":"","meta":[],"product_brand":[],"product_cat":[111],"product_tag":[],"class_list":{"0":"post-22830","1":"product","2":"type-product","3":"status-publish","4":"has-post-thumbnail","6":"product_cat-ekonomi","8":"first","9":"instock","10":"sale","11":"shipping-taxable","12":"purchasable","13":"product-type-simple"},"_links":{"self":[{"href":"https:\/\/kutluyayinevi.com\/magaza\/wp-json\/wp\/v2\/product\/22830","targetHints":{"allow":["GET"]}}],"collection":[{"href":"https:\/\/kutluyayinevi.com\/magaza\/wp-json\/wp\/v2\/product"}],"about":[{"href":"https:\/\/kutluyayinevi.com\/magaza\/wp-json\/wp\/v2\/types\/product"}],"replies":[{"embeddable":true,"href":"https:\/\/kutluyayinevi.com\/magaza\/wp-json\/wp\/v2\/comments?post=22830"}],"wp:featuredmedia":[{"embeddable":true,"href":"https:\/\/kutluyayinevi.com\/magaza\/wp-json\/wp\/v2\/media\/22831"}],"wp:attachment":[{"href":"https:\/\/kutluyayinevi.com\/magaza\/wp-json\/wp\/v2\/media?parent=22830"}],"wp:term":[{"taxonomy":"product_brand","embeddable":true,"href":"https:\/\/kutluyayinevi.com\/magaza\/wp-json\/wp\/v2\/product_brand?post=22830"},{"taxonomy":"product_cat","embeddable":true,"href":"https:\/\/kutluyayinevi.com\/magaza\/wp-json\/wp\/v2\/product_cat?post=22830"},{"taxonomy":"product_tag","embeddable":true,"href":"https:\/\/kutluyayinevi.com\/magaza\/wp-json\/wp\/v2\/product_tag?post=22830"}],"curies":[{"name":"wp","href":"https:\/\/api.w.org\/{rel}","templated":true}]}}