{"id":22835,"date":"2024-02-14T12:40:41","date_gmt":"2024-02-14T09:40:41","guid":{"rendered":"https:\/\/kutluyayinevi.com\/magaza\/?post_type=product&#038;p=22835"},"modified":"2026-02-23T09:55:43","modified_gmt":"2026-02-23T06:55:43","slug":"su-icen-kaya-mahmut-kilicalp","status":"publish","type":"product","link":"https:\/\/kutluyayinevi.com\/magaza\/urun\/su-icen-kaya-mahmut-kilicalp\/","title":{"rendered":"Su \u0130\u00e7en Kaya &#8211; Mahmut K\u0131l\u0131\u00e7alp"},"content":{"rendered":"<p>\u201cLakin t\u00fckenmek bir yana bu sevda b\u00fcy\u00fcd\u00fck\u00e7e b\u00fcy\u00fcyor, yand\u0131k\u00e7a yan\u0131yor; karasevda oluyor, Karadeniz oluyordu. Gurbet oluyor, ayr\u0131l\u0131k oluyor, hasret oluyordu. Ve bir milletin h\u00fclyas\u0131 oluyordu \u201cTurkuaz ate\u015finde\u201d ye\u015fille mavinin sevdas\u0131. Bu ate\u015fle, dalga dalga, k\u00f6p\u00fck k\u00f6p\u00fck, kara kara ve Mecnun Mecnun \u00e7\u0131rp\u0131nmaya devam ediyor Karadeniz. Hem de Turkuaz a\u015fk\u0131yla hem de \u201cT\u00fcrk\u2019\u00fcn bayra\u011f\u0131na bakarak.\u201d \u201cGidi\u015f d\u00f6n\u00fc\u015f yirmi sekiz saatlik zahmetli bir yolculuk. Zahmetli zira o d\u00f6nemde yollar\u0131m\u0131z \u015fose dedi\u011fimiz nitelikte ve gidi\u015f geli\u015f tek \u015ferit halinde. Yolcu otob\u00fcslerimiz kalite denilen, konfor denilen niteliklerden hayli uzak. \u0130nsan\u0131n g\u00f6nl\u00fcnde ger\u00e7ek anlamda a\u015fk olunca b\u00fct\u00fcn bunlar kimin umurunda. Hem a\u015fk: \u201cmumdan gemilerle alev denizini ge\u00e7mek de\u011fil mi ki.\u201d Bizim delikanl\u0131n\u0131n mutlulu\u011fu sevgilinin teneff\u00fcs etti\u011fi havay\u0131 i\u00e7ine \u00e7ekerek hasret nar\u0131na bir nebze olsun teselli bulabilmek. Sevgili bu durumdan bihaber. Hissetmi\u015f midir, kalbinde tatl\u0131 bir \u00fcrperme olmu\u015f mudur bilinmez.\u201d \u201cG\u00f6n\u00fcl isterdi ki gen\u00e7lerimiz moda ad\u0131na sergiledikleri bu davran\u0131\u015f\u0131 bizim kelimelerimizle ifade etsinler, \u00f6zellikle gen\u00e7 k\u0131zlar\u0131m\u0131z\u0131n sa\u00e7lar\u0131n\u0131 yabanc\u0131 kelimeler ok\u015famas\u0131n. \u00c7ocuklar\u0131m\u0131z berber koltuklar\u0131na oturduklar\u0131nda g\u00f6\u011f\u00fcslerini gere gere \u201cT\u00fcrk t\u0131ra\u015f\u0131 olmak istiyorum, Anadolu t\u0131ra\u015f\u0131 olmak istiyorum\u201d diyebilsinler.\u201d \u201cSat\u0131lm\u0131\u015f\u201d ger\u00e7ekten sat\u0131lm\u0131\u015f. Hem de bu satma i\u015fini yapanlar \u00f6zbe\u00f6z onun anne ve babas\u0131. \u00dcst\u00fcne \u00fcstl\u00fck hi\u00e7 teredd\u00fct etmeden \u00e7ocuklar\u0131na \u201cSat\u0131lm\u0131\u015f\u201d ismini veren de onlar. Hatta bu satma i\u015finden de bu ismi vermekten de \u00e7ok mutlu olduklar\u0131n\u0131 s\u00f6ylemeliyim. \u201d\u201cK\u0131\u015f\u0131n ortas\u0131nday\u0131z, yolda kaza falan bir \u015fey olur, \u00f6b\u00fcr d\u00fcnyaya pis olarak gitmeyeyim komutan\u0131m!\u201d \u201cBir otob\u00fcse binip k\u00f6y\u00fcne d\u00f6nememi\u015fti ama bir yolcu otob\u00fcs\u00fcn\u00fcn bagaj\u0131nda cenazesi k\u00f6y\u00fcne g\u00f6t\u00fcr\u00fcld\u00fc. K\u00f6y\u00fcn\u00fc g\u00f6r\u00fcp i\u00e7indeki hasret yang\u0131n\u0131n\u0131 dindirebilmi\u015f midir bilinmez ama memleketinin kara topra\u011f\u0131 ona s\u0131ms\u0131k\u0131 sar\u0131larak ba\u011fr\u0131na bast\u0131.\u201d \u201cDEN\u0130Z B\u0130Z\u0130M G\u00d6LDEN B\u00dcY\u00dcK M\u00dc?\u201d<\/p>\n","protected":false},"excerpt":{"rendered":"<p>\u201cLakin t\u00fckenmek bir yana bu sevda b\u00fcy\u00fcd\u00fck\u00e7e b\u00fcy\u00fcyor, yand\u0131k\u00e7a yan\u0131yor; karasevda oluyor, Karadeniz oluyordu. Gurbet oluyor, ayr\u0131l\u0131k oluyor, hasret oluyordu. Ve bir milletin h\u00fclyas\u0131 oluyordu \u201cTurkuaz ate\u015finde\u201d ye\u015fille mavinin sevdas\u0131. Bu ate\u015fle, dalga dalga, k\u00f6p\u00fck k\u00f6p\u00fck, kara kara ve Mecnun Mecnun \u00e7\u0131rp\u0131nmaya devam ediyor Karadeniz. Hem de Turkuaz a\u015fk\u0131yla hem de \u201cT\u00fcrk\u2019\u00fcn bayra\u011f\u0131na bakarak.\u201d \u201cGidi\u015f [&hellip;]<\/p>\n","protected":false},"featured_media":22836,"comment_status":"closed","ping_status":"closed","template":"","meta":[],"product_brand":[],"product_cat":[28],"product_tag":[],"class_list":{"0":"post-22835","1":"product","2":"type-product","3":"status-publish","4":"has-post-thumbnail","6":"product_cat-aratirma-inceleme","8":"first","9":"instock","10":"sale","11":"shipping-taxable","12":"purchasable","13":"product-type-simple"},"_links":{"self":[{"href":"https:\/\/kutluyayinevi.com\/magaza\/wp-json\/wp\/v2\/product\/22835","targetHints":{"allow":["GET"]}}],"collection":[{"href":"https:\/\/kutluyayinevi.com\/magaza\/wp-json\/wp\/v2\/product"}],"about":[{"href":"https:\/\/kutluyayinevi.com\/magaza\/wp-json\/wp\/v2\/types\/product"}],"replies":[{"embeddable":true,"href":"https:\/\/kutluyayinevi.com\/magaza\/wp-json\/wp\/v2\/comments?post=22835"}],"wp:featuredmedia":[{"embeddable":true,"href":"https:\/\/kutluyayinevi.com\/magaza\/wp-json\/wp\/v2\/media\/22836"}],"wp:attachment":[{"href":"https:\/\/kutluyayinevi.com\/magaza\/wp-json\/wp\/v2\/media?parent=22835"}],"wp:term":[{"taxonomy":"product_brand","embeddable":true,"href":"https:\/\/kutluyayinevi.com\/magaza\/wp-json\/wp\/v2\/product_brand?post=22835"},{"taxonomy":"product_cat","embeddable":true,"href":"https:\/\/kutluyayinevi.com\/magaza\/wp-json\/wp\/v2\/product_cat?post=22835"},{"taxonomy":"product_tag","embeddable":true,"href":"https:\/\/kutluyayinevi.com\/magaza\/wp-json\/wp\/v2\/product_tag?post=22835"}],"curies":[{"name":"wp","href":"https:\/\/api.w.org\/{rel}","templated":true}]}}