{"id":22839,"date":"2024-02-14T12:45:48","date_gmt":"2024-02-14T09:45:48","guid":{"rendered":"https:\/\/kutluyayinevi.com\/magaza\/?post_type=product&#038;p=22839"},"modified":"2026-02-19T16:26:31","modified_gmt":"2026-02-19T13:26:31","slug":"deniz-umut-degil-ozcan-alpar","status":"publish","type":"product","link":"https:\/\/kutluyayinevi.com\/magaza\/urun\/deniz-umut-degil-ozcan-alpar\/","title":{"rendered":"Deniz Umut De\u011fil &#8211; \u00d6zcan Alpar"},"content":{"rendered":"<p>\u201cAlt\u0131nc\u0131 filo defol!\u201d<\/p>\n<p>G\u00fcnlerce bu slogan\u0131 \u00fclkenin her yan\u0131na yaym\u0131\u015flard\u0131:<\/p>\n<p>\u201cAlt\u0131nc\u0131 filo defol!\u201d<\/p>\n<p>Ama \u00fclkede herkes onlar gibi d\u00fc\u015f\u00fcnm\u00fcyordu!<\/p>\n<p>Onlar gibi d\u00fc\u015f\u00fcnmeyenlerin\u00a0<em>\u2018ba\u015flar\u0131\u2019<\/em>, \u00fclkeyi y\u00f6netenlerle\u00a0<em>\u2018derin ve yak\u0131n\u2019<\/em>\u00a0bir ili\u015fki i\u00e7indeydi.<\/p>\n<p>Birden,\u00a0<em>\u2018Alt\u0131nc\u0131 filo defol!\u2019<\/em>\u00a0diye hayk\u0131ran kalabal\u0131\u011f\u0131n \u00fczerine 1969\u2019un 16 \u015eubat Pazar g\u00fcn\u00fc bombalar at\u0131lmaya ba\u015flad\u0131. Ortal\u0131k sava\u015f alan\u0131na d\u00f6nm\u00fc\u015f, g\u00f6z g\u00f6z\u00fc g\u00f6rm\u00fcyor, herkes panik i\u00e7inde bir yerlere ka\u00e7\u0131\u015f\u0131p kendilerini koruyacak bir s\u0131\u011f\u0131nak ar\u0131yordu. Ka\u00e7\u0131\u015fanlar\u0131n aras\u0131na nereden geldi\u011fi belli olmayan elleri b\u0131\u00e7akl\u0131 birtak\u0131m adamlar kar\u0131\u015fm\u0131\u015f, g\u00f6zlerine kestirdiklerini rasgele b\u0131\u00e7akl\u0131yordu. B\u0131\u00e7aklananlar yaralar\u0131ndan kanlar akarken ko\u015fmaya \u00e7al\u0131\u015f\u0131yor, a\u011flamayla hayk\u0131rma aras\u0131 seslerle ba\u011f\u0131rarak kendilerine yard\u0131m edecek birilerini ar\u0131yorlard\u0131\u2026<\/p>\n<p>* * * * *<\/p>\n<p>\u201cDaha \u00f6nce ne zannediyordunuz a\u015fk\u0131?\u201d<\/p>\n<p>\u201cHani; seni seven sana hayran bakar da, sen kendini \u00e7ok g\u00fczel, \u00e7ok ak\u0131ll\u0131 ve \u00e7ok g\u00fc\u00e7l\u00fc zannedersin. Onu etkilemek i\u00e7in devaml\u0131 kendinin bile \u015fa\u015f\u0131raca\u011f\u0131 \u015feyler yapars\u0131n, hatta bazen k\u0131zars\u0131n kendine ama yine ayn\u0131 \u015feyleri yapmaktan al\u0131koyamazs\u0131n kendini. Her zaman a\u00e7 bir \u00e7ocu\u011fun kirli elleriyle bir dilim ekme\u011fe sald\u0131r\u0131\u015f\u0131 gibi ars\u0131z ars\u0131z istersin onu, hi\u00e7bir zaman doyamazs\u0131n\u2026 \u0130\u015fte b\u00f6yle bir \u015fey san\u0131rd\u0131m a\u015fk\u0131.\u201d<\/p>\n<p>\u201cHarika! B\u00f6yle bir \u015fey de\u011fil midir a\u015fk?\u201d<\/p>\n<p>\u201cOlur mu \u00e7ocuk, olur mu? Bu olsa olsa, g\u00f6z boyamad\u0131r. Kendini ve sevdice\u011fini kand\u0131rmakt\u0131r, A\u015fk; sevdi\u011fine en zay\u0131f halini g\u00f6sterebilmektir. Ruhunun var oldu\u011funu ilk kez hissedebilmektir. Sevmenin yetersiz kald\u0131\u011f\u0131 yerde, beyninin bedenine ilk ihanetidir a\u015fk.\u201d<\/p>\n","protected":false},"excerpt":{"rendered":"<p>\u201cAlt\u0131nc\u0131 filo defol!\u201d G\u00fcnlerce bu slogan\u0131 \u00fclkenin her yan\u0131na yaym\u0131\u015flard\u0131: \u201cAlt\u0131nc\u0131 filo defol!\u201d Ama \u00fclkede herkes onlar gibi d\u00fc\u015f\u00fcnm\u00fcyordu! Onlar gibi d\u00fc\u015f\u00fcnmeyenlerin\u00a0\u2018ba\u015flar\u0131\u2019, \u00fclkeyi y\u00f6netenlerle\u00a0\u2018derin ve yak\u0131n\u2019\u00a0bir ili\u015fki i\u00e7indeydi. Birden,\u00a0\u2018Alt\u0131nc\u0131 filo defol!\u2019\u00a0diye hayk\u0131ran kalabal\u0131\u011f\u0131n \u00fczerine 1969\u2019un 16 \u015eubat Pazar g\u00fcn\u00fc bombalar at\u0131lmaya ba\u015flad\u0131. Ortal\u0131k sava\u015f alan\u0131na d\u00f6nm\u00fc\u015f, g\u00f6z g\u00f6z\u00fc g\u00f6rm\u00fcyor, herkes panik i\u00e7inde bir yerlere ka\u00e7\u0131\u015f\u0131p [&hellip;]<\/p>\n","protected":false},"featured_media":22840,"comment_status":"closed","ping_status":"closed","template":"","meta":[],"product_brand":[],"product_cat":[24],"product_tag":[],"class_list":{"0":"post-22839","1":"product","2":"type-product","3":"status-publish","4":"has-post-thumbnail","6":"product_cat-roman","8":"first","9":"instock","10":"sale","11":"shipping-taxable","12":"purchasable","13":"product-type-simple"},"_links":{"self":[{"href":"https:\/\/kutluyayinevi.com\/magaza\/wp-json\/wp\/v2\/product\/22839","targetHints":{"allow":["GET"]}}],"collection":[{"href":"https:\/\/kutluyayinevi.com\/magaza\/wp-json\/wp\/v2\/product"}],"about":[{"href":"https:\/\/kutluyayinevi.com\/magaza\/wp-json\/wp\/v2\/types\/product"}],"replies":[{"embeddable":true,"href":"https:\/\/kutluyayinevi.com\/magaza\/wp-json\/wp\/v2\/comments?post=22839"}],"wp:featuredmedia":[{"embeddable":true,"href":"https:\/\/kutluyayinevi.com\/magaza\/wp-json\/wp\/v2\/media\/22840"}],"wp:attachment":[{"href":"https:\/\/kutluyayinevi.com\/magaza\/wp-json\/wp\/v2\/media?parent=22839"}],"wp:term":[{"taxonomy":"product_brand","embeddable":true,"href":"https:\/\/kutluyayinevi.com\/magaza\/wp-json\/wp\/v2\/product_brand?post=22839"},{"taxonomy":"product_cat","embeddable":true,"href":"https:\/\/kutluyayinevi.com\/magaza\/wp-json\/wp\/v2\/product_cat?post=22839"},{"taxonomy":"product_tag","embeddable":true,"href":"https:\/\/kutluyayinevi.com\/magaza\/wp-json\/wp\/v2\/product_tag?post=22839"}],"curies":[{"name":"wp","href":"https:\/\/api.w.org\/{rel}","templated":true}]}}