{"id":22841,"date":"2024-02-14T12:47:59","date_gmt":"2024-02-14T09:47:59","guid":{"rendered":"https:\/\/kutluyayinevi.com\/magaza\/?post_type=product&#038;p=22841"},"modified":"2026-02-19T14:14:24","modified_gmt":"2026-02-19T11:14:24","slug":"ben-evrenim-celal-oz","status":"publish","type":"product","link":"https:\/\/kutluyayinevi.com\/magaza\/urun\/ben-evrenim-celal-oz\/","title":{"rendered":"Ben Evrenim &#8211; Celal \u00d6z"},"content":{"rendered":"<div class=\"phenom-desc\">\n<div class=\"comment-container\">\n<div class=\"action-comment can-view-video markeddown js-comment is-comments-rewrite\" dir=\"auto\">\n<div class=\"current-comment js-friendly-links js-open-card\">\n<p>Evrenin i\u00e7indeki her yerde mucizeli, gizemli, \u00e7ok b\u00fcy\u00fck bir g\u00fc\u00e7 mevcuttur. Var olanlarla bir b\u00fct\u00fcn olarak ayn\u0131 dengede y\u00fcr\u00fcrler. Biz evrenin k\u00fc\u00e7\u00fcc\u00fck bir par\u00e7as\u0131 olarak bu b\u00fcy\u00fck g\u00fcc\u00fcn ger\u00e7eklerine uyumlu ve dengeli olursak d\u00fczende bozulma olmaz. Do\u011fal ya\u015fam sistem i\u00e7indeki ger\u00e7eklerle yoluna devam edip gider.<\/p>\n<\/div>\n<\/div>\n<\/div>\n<\/div>\n","protected":false},"excerpt":{"rendered":"<p>Evrenin i\u00e7indeki her yerde mucizeli, gizemli, \u00e7ok b\u00fcy\u00fck bir g\u00fc\u00e7 mevcuttur. Var olanlarla bir b\u00fct\u00fcn olarak ayn\u0131 dengede y\u00fcr\u00fcrler. Biz evrenin k\u00fc\u00e7\u00fcc\u00fck bir par\u00e7as\u0131 olarak bu b\u00fcy\u00fck g\u00fcc\u00fcn ger\u00e7eklerine uyumlu ve dengeli olursak d\u00fczende bozulma olmaz. Do\u011fal ya\u015fam sistem i\u00e7indeki ger\u00e7eklerle yoluna devam edip gider.<\/p>\n","protected":false},"featured_media":22842,"comment_status":"closed","ping_status":"closed","template":"","meta":[],"product_brand":[],"product_cat":[22],"product_tag":[],"class_list":{"0":"post-22841","1":"product","2":"type-product","3":"status-publish","4":"has-post-thumbnail","6":"product_cat-siir","8":"first","9":"instock","10":"sale","11":"shipping-taxable","12":"purchasable","13":"product-type-simple"},"_links":{"self":[{"href":"https:\/\/kutluyayinevi.com\/magaza\/wp-json\/wp\/v2\/product\/22841","targetHints":{"allow":["GET"]}}],"collection":[{"href":"https:\/\/kutluyayinevi.com\/magaza\/wp-json\/wp\/v2\/product"}],"about":[{"href":"https:\/\/kutluyayinevi.com\/magaza\/wp-json\/wp\/v2\/types\/product"}],"replies":[{"embeddable":true,"href":"https:\/\/kutluyayinevi.com\/magaza\/wp-json\/wp\/v2\/comments?post=22841"}],"wp:featuredmedia":[{"embeddable":true,"href":"https:\/\/kutluyayinevi.com\/magaza\/wp-json\/wp\/v2\/media\/22842"}],"wp:attachment":[{"href":"https:\/\/kutluyayinevi.com\/magaza\/wp-json\/wp\/v2\/media?parent=22841"}],"wp:term":[{"taxonomy":"product_brand","embeddable":true,"href":"https:\/\/kutluyayinevi.com\/magaza\/wp-json\/wp\/v2\/product_brand?post=22841"},{"taxonomy":"product_cat","embeddable":true,"href":"https:\/\/kutluyayinevi.com\/magaza\/wp-json\/wp\/v2\/product_cat?post=22841"},{"taxonomy":"product_tag","embeddable":true,"href":"https:\/\/kutluyayinevi.com\/magaza\/wp-json\/wp\/v2\/product_tag?post=22841"}],"curies":[{"name":"wp","href":"https:\/\/api.w.org\/{rel}","templated":true}]}}