{"id":22843,"date":"2024-02-14T12:50:41","date_gmt":"2024-02-14T09:50:41","guid":{"rendered":"https:\/\/kutluyayinevi.com\/magaza\/?post_type=product&#038;p=22843"},"modified":"2026-02-23T11:09:13","modified_gmt":"2026-02-23T08:09:13","slug":"yalniz-basima-metin-ergun","status":"publish","type":"product","link":"https:\/\/kutluyayinevi.com\/magaza\/urun\/yalniz-basima-metin-ergun\/","title":{"rendered":"Yaln\u0131z Ba\u015f\u0131ma &#8211; Metin Erg\u00fcn"},"content":{"rendered":"<p>Motive ile devam edin!<\/p>\n<p>At\u0131\u011f\u0131n\u0131z her ad\u0131m\u0131 saniyesinde hesaplay\u0131n. Bu ad\u0131mlar her seferinde zaman\u0131n\u0131zdan al\u0131n\u0131yor. Zaman\u0131n her ak\u0131\u015f\u0131 da \u00f6m\u00fcrden gidiyor. \u00d6m\u00fcrden giden g\u00fcn\u00fcn\u00fcz hayat\u0131n\u0131zdan \u00e7al\u0131n\u0131yor. Bu y\u00fczden do\u011fru yerde do\u011fru zaman\u0131 se\u00e7meliyiz. Gereksiz bo\u015f vakitlerle zaman\u0131n\u0131za yaz\u0131k etmeyiniz. Arkan\u0131zda g\u00fczel s\u00f6zler ve sevgi dolu mutluluk b\u0131rak\u0131n\u0131z. Sevdiklerinize sayg\u0131 ve sevgi g\u00f6stermeyi unutmay\u0131n\u0131z. Ya\u015fad\u0131klar\u0131n\u0131z\u0131n hepsini ge\u00e7mi\u015fte bir hat\u0131ra olarak b\u0131rak\u0131n\u0131z&#8230;<br \/>\nSayg\u0131 ve sevgilerimle, sa\u011fl\u0131cakla kal\u0131n\u0131z\u2026<\/p>\n","protected":false},"excerpt":{"rendered":"<p>Motive ile devam edin! At\u0131\u011f\u0131n\u0131z her ad\u0131m\u0131 saniyesinde hesaplay\u0131n. Bu ad\u0131mlar her seferinde zaman\u0131n\u0131zdan al\u0131n\u0131yor. Zaman\u0131n her ak\u0131\u015f\u0131 da \u00f6m\u00fcrden gidiyor. \u00d6m\u00fcrden giden g\u00fcn\u00fcn\u00fcz hayat\u0131n\u0131zdan \u00e7al\u0131n\u0131yor. Bu y\u00fczden do\u011fru yerde do\u011fru zaman\u0131 se\u00e7meliyiz. Gereksiz bo\u015f vakitlerle zaman\u0131n\u0131za yaz\u0131k etmeyiniz. Arkan\u0131zda g\u00fczel s\u00f6zler ve sevgi dolu mutluluk b\u0131rak\u0131n\u0131z. Sevdiklerinize sayg\u0131 ve sevgi g\u00f6stermeyi unutmay\u0131n\u0131z. Ya\u015fad\u0131klar\u0131n\u0131z\u0131n hepsini [&hellip;]<\/p>\n","protected":false},"featured_media":22844,"comment_status":"closed","ping_status":"closed","template":"","meta":[],"product_brand":[],"product_cat":[107],"product_tag":[],"class_list":{"0":"post-22843","1":"product","2":"type-product","3":"status-publish","4":"has-post-thumbnail","6":"product_cat-oyku","8":"first","9":"instock","10":"sale","11":"shipping-taxable","12":"purchasable","13":"product-type-simple"},"_links":{"self":[{"href":"https:\/\/kutluyayinevi.com\/magaza\/wp-json\/wp\/v2\/product\/22843","targetHints":{"allow":["GET"]}}],"collection":[{"href":"https:\/\/kutluyayinevi.com\/magaza\/wp-json\/wp\/v2\/product"}],"about":[{"href":"https:\/\/kutluyayinevi.com\/magaza\/wp-json\/wp\/v2\/types\/product"}],"replies":[{"embeddable":true,"href":"https:\/\/kutluyayinevi.com\/magaza\/wp-json\/wp\/v2\/comments?post=22843"}],"wp:featuredmedia":[{"embeddable":true,"href":"https:\/\/kutluyayinevi.com\/magaza\/wp-json\/wp\/v2\/media\/22844"}],"wp:attachment":[{"href":"https:\/\/kutluyayinevi.com\/magaza\/wp-json\/wp\/v2\/media?parent=22843"}],"wp:term":[{"taxonomy":"product_brand","embeddable":true,"href":"https:\/\/kutluyayinevi.com\/magaza\/wp-json\/wp\/v2\/product_brand?post=22843"},{"taxonomy":"product_cat","embeddable":true,"href":"https:\/\/kutluyayinevi.com\/magaza\/wp-json\/wp\/v2\/product_cat?post=22843"},{"taxonomy":"product_tag","embeddable":true,"href":"https:\/\/kutluyayinevi.com\/magaza\/wp-json\/wp\/v2\/product_tag?post=22843"}],"curies":[{"name":"wp","href":"https:\/\/api.w.org\/{rel}","templated":true}]}}