{"id":22845,"date":"2024-02-14T12:53:13","date_gmt":"2024-02-14T09:53:13","guid":{"rendered":"https:\/\/kutluyayinevi.com\/magaza\/?post_type=product&#038;p=22845"},"modified":"2026-02-19T13:38:08","modified_gmt":"2026-02-19T10:38:08","slug":"balkondaki-kadin-orhan-tahiroglu","status":"publish","type":"product","link":"https:\/\/kutluyayinevi.com\/magaza\/urun\/balkondaki-kadin-orhan-tahiroglu\/","title":{"rendered":"Balkondaki Kad\u0131n &#8211; Orhan Tahiro\u011flu"},"content":{"rendered":"<p>Hayat nedir?<br \/>\nGeceleyin par\u0131ldayan bir ate\u015fb\u00f6ce\u011finin \u0131\u015f\u0131lt\u0131s\u0131d\u0131r.<br \/>\nBir bo\u011fan\u0131n k\u0131\u015f\u0131n ald\u0131\u011f\u0131 derin nefestir.<br \/>\nG\u00fcnd\u00fcz \u00e7ay\u0131ra d\u00fc\u015fen, g\u00fcne\u015f bat\u0131nca kaybolan ince g\u00f6lgedir.<\/p>\n<p>\u200c<\/p>\n<p>Heke \u015fax\u00ean p\u00ea\u015femaniy\u00ea derketiban d\u00ea \u015fax\u00ean min gehi\u015ftiban li ber es\u00eemanan.<\/p>\n<p><em>(E\u011fer pi\u015fmanl\u0131\u011f\u0131n boynuzlar\u0131 \u00e7\u0131ksayd\u0131 boynuzlar\u0131m g\u00f6ky\u00fcz\u00fcne ula\u015f\u0131rd\u0131.)<\/em><\/p>\n","protected":false},"excerpt":{"rendered":"<p>Hayat nedir? Geceleyin par\u0131ldayan bir ate\u015fb\u00f6ce\u011finin \u0131\u015f\u0131lt\u0131s\u0131d\u0131r. Bir bo\u011fan\u0131n k\u0131\u015f\u0131n ald\u0131\u011f\u0131 derin nefestir. G\u00fcnd\u00fcz \u00e7ay\u0131ra d\u00fc\u015fen, g\u00fcne\u015f bat\u0131nca kaybolan ince g\u00f6lgedir. \u200c Heke \u015fax\u00ean p\u00ea\u015femaniy\u00ea derketiban d\u00ea \u015fax\u00ean min gehi\u015ftiban li ber es\u00eemanan. (E\u011fer pi\u015fmanl\u0131\u011f\u0131n boynuzlar\u0131 \u00e7\u0131ksayd\u0131 boynuzlar\u0131m g\u00f6ky\u00fcz\u00fcne ula\u015f\u0131rd\u0131.)<\/p>\n","protected":false},"featured_media":22846,"comment_status":"closed","ping_status":"closed","template":"","meta":[],"product_brand":[],"product_cat":[22],"product_tag":[],"class_list":{"0":"post-22845","1":"product","2":"type-product","3":"status-publish","4":"has-post-thumbnail","6":"product_cat-siir","8":"first","9":"instock","10":"sale","11":"shipping-taxable","12":"purchasable","13":"product-type-simple"},"_links":{"self":[{"href":"https:\/\/kutluyayinevi.com\/magaza\/wp-json\/wp\/v2\/product\/22845","targetHints":{"allow":["GET"]}}],"collection":[{"href":"https:\/\/kutluyayinevi.com\/magaza\/wp-json\/wp\/v2\/product"}],"about":[{"href":"https:\/\/kutluyayinevi.com\/magaza\/wp-json\/wp\/v2\/types\/product"}],"replies":[{"embeddable":true,"href":"https:\/\/kutluyayinevi.com\/magaza\/wp-json\/wp\/v2\/comments?post=22845"}],"wp:featuredmedia":[{"embeddable":true,"href":"https:\/\/kutluyayinevi.com\/magaza\/wp-json\/wp\/v2\/media\/22846"}],"wp:attachment":[{"href":"https:\/\/kutluyayinevi.com\/magaza\/wp-json\/wp\/v2\/media?parent=22845"}],"wp:term":[{"taxonomy":"product_brand","embeddable":true,"href":"https:\/\/kutluyayinevi.com\/magaza\/wp-json\/wp\/v2\/product_brand?post=22845"},{"taxonomy":"product_cat","embeddable":true,"href":"https:\/\/kutluyayinevi.com\/magaza\/wp-json\/wp\/v2\/product_cat?post=22845"},{"taxonomy":"product_tag","embeddable":true,"href":"https:\/\/kutluyayinevi.com\/magaza\/wp-json\/wp\/v2\/product_tag?post=22845"}],"curies":[{"name":"wp","href":"https:\/\/api.w.org\/{rel}","templated":true}]}}