{"id":22856,"date":"2024-02-23T13:30:45","date_gmt":"2024-02-23T10:30:45","guid":{"rendered":"https:\/\/kutluyayinevi.com\/magaza\/?post_type=product&#038;p=22856"},"modified":"2026-02-19T12:45:06","modified_gmt":"2026-02-19T09:45:06","slug":"almanyada-iki-cinar-fatih-abbasoglu","status":"publish","type":"product","link":"https:\/\/kutluyayinevi.com\/magaza\/urun\/almanyada-iki-cinar-fatih-abbasoglu\/","title":{"rendered":"Almanya&#8217;da \u0130ki \u00c7\u0131nar &#8211; Fatih Abbaso\u011flu"},"content":{"rendered":"<p>\u201cDevrim-A\u015firet-A\u015fk\u201d \u00fc\u00e7geninde yiten iki \u00f6m\u00fcr\u2026<br \/>\nUrfa da\u011flar\u0131ndan gezen ceylan\u0131n hikayesi ger\u00e7ek mi?<br \/>\nBir \u00e7oban, a\u015firet k\u0131z\u0131na a\u015f\u0131k olabilir mi? Devrimciler adam ka\u00e7\u0131r\u0131r m\u0131?<br \/>\nHevsel bah\u00e7eleri bir g\u00fcn kurur mu?<br \/>\nAsker, darbeyle can al\u0131r m\u0131?<br \/>\nHer K\u00fcrt, K\u00fcrt olarak b\u00fcy\u00fcr m\u00fc?<br \/>\nHer \u00fclke, vatan olur mu?<\/p>\n<p>Cevab\u0131n\u0131 ararken bu basit sorular\u0131n, bir \u00f6l\u00fcp bin dirilmi\u015fti Musa. Urfa \u00e7ocuklu\u011funu, Diyarbak\u0131r gen\u00e7li\u011fini, \u0130stanbul umudunu, Belgrad bedenini harap etmi\u015fti. Her d\u00fc\u015ft\u00fc\u011f\u00fcnde \u00f6l\u00fcmle y\u00fczle\u015firken, ruhunu canland\u0131ran sevdi\u011finin ad\u0131 oldu. Ahir \u00f6mr\u00fcnde sevdi\u011fine kavu\u015fup hayk\u0131rmak istiyordu, \u00f6ld\u00fcresiye d\u00f6v\u00fcld\u00fc\u011f\u00fcn\u00fc. Ama bilmedi\u011fi bir \u015fey vard\u0131; o ya\u015fas\u0131n diye sevdi\u011finin ruhu \u00e7oktan \u00f6lm\u00fc\u015ft\u00fc\u2026<\/p>\n","protected":false},"excerpt":{"rendered":"<p>\u201cDevrim-A\u015firet-A\u015fk\u201d \u00fc\u00e7geninde yiten iki \u00f6m\u00fcr\u2026 Urfa da\u011flar\u0131ndan gezen ceylan\u0131n hikayesi ger\u00e7ek mi? Bir \u00e7oban, a\u015firet k\u0131z\u0131na a\u015f\u0131k olabilir mi? Devrimciler adam ka\u00e7\u0131r\u0131r m\u0131? Hevsel bah\u00e7eleri bir g\u00fcn kurur mu? Asker, darbeyle can al\u0131r m\u0131? Her K\u00fcrt, K\u00fcrt olarak b\u00fcy\u00fcr m\u00fc? Her \u00fclke, vatan olur mu? Cevab\u0131n\u0131 ararken bu basit sorular\u0131n, bir \u00f6l\u00fcp bin dirilmi\u015fti Musa. [&hellip;]<\/p>\n","protected":false},"featured_media":22857,"comment_status":"closed","ping_status":"closed","template":"","meta":[],"product_brand":[],"product_cat":[24],"product_tag":[],"class_list":{"0":"post-22856","1":"product","2":"type-product","3":"status-publish","4":"has-post-thumbnail","6":"product_cat-roman","8":"first","9":"instock","10":"sale","11":"shipping-taxable","12":"purchasable","13":"product-type-simple"},"_links":{"self":[{"href":"https:\/\/kutluyayinevi.com\/magaza\/wp-json\/wp\/v2\/product\/22856","targetHints":{"allow":["GET"]}}],"collection":[{"href":"https:\/\/kutluyayinevi.com\/magaza\/wp-json\/wp\/v2\/product"}],"about":[{"href":"https:\/\/kutluyayinevi.com\/magaza\/wp-json\/wp\/v2\/types\/product"}],"replies":[{"embeddable":true,"href":"https:\/\/kutluyayinevi.com\/magaza\/wp-json\/wp\/v2\/comments?post=22856"}],"wp:featuredmedia":[{"embeddable":true,"href":"https:\/\/kutluyayinevi.com\/magaza\/wp-json\/wp\/v2\/media\/22857"}],"wp:attachment":[{"href":"https:\/\/kutluyayinevi.com\/magaza\/wp-json\/wp\/v2\/media?parent=22856"}],"wp:term":[{"taxonomy":"product_brand","embeddable":true,"href":"https:\/\/kutluyayinevi.com\/magaza\/wp-json\/wp\/v2\/product_brand?post=22856"},{"taxonomy":"product_cat","embeddable":true,"href":"https:\/\/kutluyayinevi.com\/magaza\/wp-json\/wp\/v2\/product_cat?post=22856"},{"taxonomy":"product_tag","embeddable":true,"href":"https:\/\/kutluyayinevi.com\/magaza\/wp-json\/wp\/v2\/product_tag?post=22856"}],"curies":[{"name":"wp","href":"https:\/\/api.w.org\/{rel}","templated":true}]}}