{"id":22861,"date":"2024-02-23T13:35:45","date_gmt":"2024-02-23T10:35:45","guid":{"rendered":"https:\/\/kutluyayinevi.com\/magaza\/?post_type=product&#038;p=22861"},"modified":"2026-02-20T16:59:23","modified_gmt":"2026-02-20T13:59:23","slug":"prof-dr-faruk-sumer-hayati-tarihciligi-ve-eserleri-hakan-dastan","status":"publish","type":"product","link":"https:\/\/kutluyayinevi.com\/magaza\/urun\/prof-dr-faruk-sumer-hayati-tarihciligi-ve-eserleri-hakan-dastan\/","title":{"rendered":"Prof. Dr. Faruk S\u00fcmer; Hayat\u0131, Tarih\u00e7ili\u011fi ve Eserleri &#8211; Hakan Da\u015ftan"},"content":{"rendered":"<p>\u2018\u2019 Faruk S\u00fcmer gibi bir ilim adam\u0131 iki y\u00fcz elli y\u0131lda bir gelir.\u2019\u2019<\/p>\n<p>Prof. Dr. Faruk S\u00fcmer, T\u00fcrk boylar\u0131n\u0131n tarihsel s\u00fcre\u00e7leri hakk\u0131nda t\u00fcm Anadolu co\u011frafyas\u0131n\u0131 ilmek ilmek gezmi\u015f, kaynaklar\u0131n\u0131 taram\u0131\u015f ve en b\u00fcy\u00fck eseri olan O\u011fuzlar\u0131 meydana getirmi\u015ftir. S\u00fcmer, T\u00fcrk tarih tezinin b\u00fct\u00fcn sorumluluklar\u0131n\u0131 \u00fczerine alm\u0131\u015f, Barl\u0131k Irma\u011f\u0131 k\u0131y\u0131lar\u0131ndan atalar\u0131n\u0131 takip ederek Anadolu\u2019ya gelmi\u015f ve t\u00fcm O\u011fuz boylar\u0131n\u0131n ya\u015fatt\u0131klar\u0131 gelenek, g\u00f6renek ve inan\u00e7lar\u0131n\u0131 ortaya koydu\u011fu eserlerle bizlere miras olarak b\u0131rakm\u0131\u015ft\u0131r. S\u00f6zl\u00fc tarih\u00e7ilik ba\u011flam\u0131nda T\u00fcrkiye\u2019de ilk say\u0131labilecek bu eser, T\u00fcrk gen\u00e7li\u011fine Prof. Dr. Faruk S\u00fcmer\u2019in hayat\u0131n\u0131, eserlerini, tarih\u00e7ili\u011fini ve yeti\u015ftirmi\u015f oldu\u011fu \u00f6\u011frencilerini daha yak\u0131ndan tan\u0131ma f\u0131rsat\u0131 verecektir.<\/p>\n","protected":false},"excerpt":{"rendered":"<p>\u2018\u2019 Faruk S\u00fcmer gibi bir ilim adam\u0131 iki y\u00fcz elli y\u0131lda bir gelir.\u2019\u2019 Prof. Dr. Faruk S\u00fcmer, T\u00fcrk boylar\u0131n\u0131n tarihsel s\u00fcre\u00e7leri hakk\u0131nda t\u00fcm Anadolu co\u011frafyas\u0131n\u0131 ilmek ilmek gezmi\u015f, kaynaklar\u0131n\u0131 taram\u0131\u015f ve en b\u00fcy\u00fck eseri olan O\u011fuzlar\u0131 meydana getirmi\u015ftir. S\u00fcmer, T\u00fcrk tarih tezinin b\u00fct\u00fcn sorumluluklar\u0131n\u0131 \u00fczerine alm\u0131\u015f, Barl\u0131k Irma\u011f\u0131 k\u0131y\u0131lar\u0131ndan atalar\u0131n\u0131 takip ederek Anadolu\u2019ya gelmi\u015f ve [&hellip;]<\/p>\n","protected":false},"featured_media":22862,"comment_status":"closed","ping_status":"closed","template":"","meta":[],"product_brand":[],"product_cat":[28],"product_tag":[],"class_list":{"0":"post-22861","1":"product","2":"type-product","3":"status-publish","4":"has-post-thumbnail","6":"product_cat-aratirma-inceleme","8":"first","9":"instock","10":"sale","11":"shipping-taxable","12":"purchasable","13":"product-type-simple"},"_links":{"self":[{"href":"https:\/\/kutluyayinevi.com\/magaza\/wp-json\/wp\/v2\/product\/22861","targetHints":{"allow":["GET"]}}],"collection":[{"href":"https:\/\/kutluyayinevi.com\/magaza\/wp-json\/wp\/v2\/product"}],"about":[{"href":"https:\/\/kutluyayinevi.com\/magaza\/wp-json\/wp\/v2\/types\/product"}],"replies":[{"embeddable":true,"href":"https:\/\/kutluyayinevi.com\/magaza\/wp-json\/wp\/v2\/comments?post=22861"}],"wp:featuredmedia":[{"embeddable":true,"href":"https:\/\/kutluyayinevi.com\/magaza\/wp-json\/wp\/v2\/media\/22862"}],"wp:attachment":[{"href":"https:\/\/kutluyayinevi.com\/magaza\/wp-json\/wp\/v2\/media?parent=22861"}],"wp:term":[{"taxonomy":"product_brand","embeddable":true,"href":"https:\/\/kutluyayinevi.com\/magaza\/wp-json\/wp\/v2\/product_brand?post=22861"},{"taxonomy":"product_cat","embeddable":true,"href":"https:\/\/kutluyayinevi.com\/magaza\/wp-json\/wp\/v2\/product_cat?post=22861"},{"taxonomy":"product_tag","embeddable":true,"href":"https:\/\/kutluyayinevi.com\/magaza\/wp-json\/wp\/v2\/product_tag?post=22861"}],"curies":[{"name":"wp","href":"https:\/\/api.w.org\/{rel}","templated":true}]}}