{"id":22867,"date":"2024-02-23T13:43:43","date_gmt":"2024-02-23T10:43:43","guid":{"rendered":"https:\/\/kutluyayinevi.com\/magaza\/?post_type=product&#038;p=22867"},"modified":"2026-02-19T14:41:05","modified_gmt":"2026-02-19T11:41:05","slug":"benim-adim-sen-kadir-erten","status":"publish","type":"product","link":"https:\/\/kutluyayinevi.com\/magaza\/urun\/benim-adim-sen-kadir-erten\/","title":{"rendered":"Benim Ad\u0131m Sen &#8211; Kadir Erten"},"content":{"rendered":"<p>&#8220;Sevmek ya\u015famak kadar h\u00fcr,<br \/>\n\u00d6l\u00fcm kadar ger\u00e7ek<br \/>\nKim ister sonsuz bir \u00f6m\u00fcr?<br \/>\n\u0130\u015fin asl\u0131 g\u00f6zlerine g\u00f6m\u00fclmek&#8221;<\/p>\n","protected":false},"excerpt":{"rendered":"<p>&#8220;Sevmek ya\u015famak kadar h\u00fcr, \u00d6l\u00fcm kadar ger\u00e7ek Kim ister sonsuz bir \u00f6m\u00fcr? \u0130\u015fin asl\u0131 g\u00f6zlerine g\u00f6m\u00fclmek&#8221;<\/p>\n","protected":false},"featured_media":22868,"comment_status":"closed","ping_status":"closed","template":"","meta":[],"product_brand":[],"product_cat":[22],"product_tag":[],"class_list":{"0":"post-22867","1":"product","2":"type-product","3":"status-publish","4":"has-post-thumbnail","6":"product_cat-siir","8":"first","9":"instock","10":"sale","11":"shipping-taxable","12":"purchasable","13":"product-type-simple"},"_links":{"self":[{"href":"https:\/\/kutluyayinevi.com\/magaza\/wp-json\/wp\/v2\/product\/22867","targetHints":{"allow":["GET"]}}],"collection":[{"href":"https:\/\/kutluyayinevi.com\/magaza\/wp-json\/wp\/v2\/product"}],"about":[{"href":"https:\/\/kutluyayinevi.com\/magaza\/wp-json\/wp\/v2\/types\/product"}],"replies":[{"embeddable":true,"href":"https:\/\/kutluyayinevi.com\/magaza\/wp-json\/wp\/v2\/comments?post=22867"}],"wp:featuredmedia":[{"embeddable":true,"href":"https:\/\/kutluyayinevi.com\/magaza\/wp-json\/wp\/v2\/media\/22868"}],"wp:attachment":[{"href":"https:\/\/kutluyayinevi.com\/magaza\/wp-json\/wp\/v2\/media?parent=22867"}],"wp:term":[{"taxonomy":"product_brand","embeddable":true,"href":"https:\/\/kutluyayinevi.com\/magaza\/wp-json\/wp\/v2\/product_brand?post=22867"},{"taxonomy":"product_cat","embeddable":true,"href":"https:\/\/kutluyayinevi.com\/magaza\/wp-json\/wp\/v2\/product_cat?post=22867"},{"taxonomy":"product_tag","embeddable":true,"href":"https:\/\/kutluyayinevi.com\/magaza\/wp-json\/wp\/v2\/product_tag?post=22867"}],"curies":[{"name":"wp","href":"https:\/\/api.w.org\/{rel}","templated":true}]}}