{"id":22869,"date":"2024-02-23T13:46:08","date_gmt":"2024-02-23T10:46:08","guid":{"rendered":"https:\/\/kutluyayinevi.com\/magaza\/?post_type=product&#038;p=22869"},"modified":"2026-02-23T10:07:00","modified_gmt":"2026-02-23T07:07:00","slug":"suzgun-bakis-meric-bugra-eray-gencer","status":"publish","type":"product","link":"https:\/\/kutluyayinevi.com\/magaza\/urun\/suzgun-bakis-meric-bugra-eray-gencer\/","title":{"rendered":"S\u00fczg&#8217;\u00fcn Bak\u0131\u015f &#8211; Meri\u00e7 Bu\u011fra Eray Gen\u00e7er"},"content":{"rendered":"<div class=\"phenom-desc\">\n<div class=\"comment-container\">\n<div class=\"action-comment can-view-video markeddown js-comment is-comments-rewrite\" dir=\"auto\">\n<div class=\"current-comment js-friendly-links js-open-card\">\n<p>Yine bi kar\u015f\u0131la\u015fma, durmu\u015ftu zaman; donuk sulardan anlam\u0131\u015ft\u0131m. Her kar\u015f\u0131la\u015fma bi seviyor bir de sevmiyor, kopar\u0131lacak yaprak kalmad\u0131 yeni bir bahara kadar; durgunlu\u011fundan anlam\u0131\u015ft\u0131m, merak etme bende de sonbahar korkusu var.<\/p>\n<\/div>\n<\/div>\n<\/div>\n<\/div>\n","protected":false},"excerpt":{"rendered":"<p>Yine bi kar\u015f\u0131la\u015fma, durmu\u015ftu zaman; donuk sulardan anlam\u0131\u015ft\u0131m. Her kar\u015f\u0131la\u015fma bi seviyor bir de sevmiyor, kopar\u0131lacak yaprak kalmad\u0131 yeni bir bahara kadar; durgunlu\u011fundan anlam\u0131\u015ft\u0131m, merak etme bende de sonbahar korkusu var.<\/p>\n","protected":false},"featured_media":22870,"comment_status":"closed","ping_status":"closed","template":"","meta":[],"product_brand":[],"product_cat":[22],"product_tag":[],"class_list":{"0":"post-22869","1":"product","2":"type-product","3":"status-publish","4":"has-post-thumbnail","6":"product_cat-siir","8":"first","9":"instock","10":"sale","11":"shipping-taxable","12":"purchasable","13":"product-type-simple"},"_links":{"self":[{"href":"https:\/\/kutluyayinevi.com\/magaza\/wp-json\/wp\/v2\/product\/22869","targetHints":{"allow":["GET"]}}],"collection":[{"href":"https:\/\/kutluyayinevi.com\/magaza\/wp-json\/wp\/v2\/product"}],"about":[{"href":"https:\/\/kutluyayinevi.com\/magaza\/wp-json\/wp\/v2\/types\/product"}],"replies":[{"embeddable":true,"href":"https:\/\/kutluyayinevi.com\/magaza\/wp-json\/wp\/v2\/comments?post=22869"}],"wp:featuredmedia":[{"embeddable":true,"href":"https:\/\/kutluyayinevi.com\/magaza\/wp-json\/wp\/v2\/media\/22870"}],"wp:attachment":[{"href":"https:\/\/kutluyayinevi.com\/magaza\/wp-json\/wp\/v2\/media?parent=22869"}],"wp:term":[{"taxonomy":"product_brand","embeddable":true,"href":"https:\/\/kutluyayinevi.com\/magaza\/wp-json\/wp\/v2\/product_brand?post=22869"},{"taxonomy":"product_cat","embeddable":true,"href":"https:\/\/kutluyayinevi.com\/magaza\/wp-json\/wp\/v2\/product_cat?post=22869"},{"taxonomy":"product_tag","embeddable":true,"href":"https:\/\/kutluyayinevi.com\/magaza\/wp-json\/wp\/v2\/product_tag?post=22869"}],"curies":[{"name":"wp","href":"https:\/\/api.w.org\/{rel}","templated":true}]}}