{"id":22885,"date":"2024-02-28T12:28:49","date_gmt":"2024-02-28T09:28:49","guid":{"rendered":"https:\/\/kutluyayinevi.com\/magaza\/?post_type=product&#038;p=22885"},"modified":"2026-02-20T17:24:27","modified_gmt":"2026-02-20T14:24:27","slug":"senden-sonra-yalniz-kaldim-hikmet-yigit-inelli","status":"publish","type":"product","link":"https:\/\/kutluyayinevi.com\/magaza\/urun\/senden-sonra-yalniz-kaldim-hikmet-yigit-inelli\/","title":{"rendered":"Senden Sonra Yaln\u0131z Kald\u0131m &#8211; Hikmet Yi\u011fit \u0130nelli"},"content":{"rendered":"<p><strong>HAYAT<\/strong><\/p>\n<p>Hayat bir gemi diyorlar,<br \/>\nAma ben inanm\u0131yorum.<br \/>\n\u00c7\u00fcnk\u00fc her geminin bir rotas\u0131 vard\u0131r.<br \/>\nBenim ise ne rotam, ne de \u015fans\u0131m&#8230;<br \/>\nBen \u00f6yle bir gemiye binmi\u015fim ki<br \/>\nYelkeni k\u0131r\u0131k, d\u00fcmeni kay\u0131p, kaptan\u0131 yok&#8230;<br \/>\nTayfas\u0131 m\u0131? Bir ben var\u0131m.<br \/>\nTabi tayfadan sayarsan\u2026<br \/>\nYa\u015fam denen bu nesne,<br \/>\nSusuz bah\u00e7e gibi.<br \/>\nNe yaz\u0131k ki ya\u015famaya mecbursun\u2026<br \/>\nT\u0131pk\u0131 bug\u00fcn ya\u015fad\u0131\u011f\u0131m gibi.<\/p>\n<p>H\u0130KMET Y\u0130\u011e\u0130T \u0130NELL\u0130<\/p>\n","protected":false},"excerpt":{"rendered":"<p>HAYAT Hayat bir gemi diyorlar, Ama ben inanm\u0131yorum. \u00c7\u00fcnk\u00fc her geminin bir rotas\u0131 vard\u0131r. Benim ise ne rotam, ne de \u015fans\u0131m&#8230; Ben \u00f6yle bir gemiye binmi\u015fim ki Yelkeni k\u0131r\u0131k, d\u00fcmeni kay\u0131p, kaptan\u0131 yok&#8230; Tayfas\u0131 m\u0131? Bir ben var\u0131m. Tabi tayfadan sayarsan\u2026 Ya\u015fam denen bu nesne, Susuz bah\u00e7e gibi. Ne yaz\u0131k ki ya\u015famaya mecbursun\u2026 T\u0131pk\u0131 bug\u00fcn [&hellip;]<\/p>\n","protected":false},"featured_media":22886,"comment_status":"closed","ping_status":"closed","template":"","meta":[],"product_brand":[],"product_cat":[22],"product_tag":[],"class_list":{"0":"post-22885","1":"product","2":"type-product","3":"status-publish","4":"has-post-thumbnail","6":"product_cat-siir","8":"first","9":"instock","10":"sale","11":"shipping-taxable","12":"purchasable","13":"product-type-simple"},"_links":{"self":[{"href":"https:\/\/kutluyayinevi.com\/magaza\/wp-json\/wp\/v2\/product\/22885","targetHints":{"allow":["GET"]}}],"collection":[{"href":"https:\/\/kutluyayinevi.com\/magaza\/wp-json\/wp\/v2\/product"}],"about":[{"href":"https:\/\/kutluyayinevi.com\/magaza\/wp-json\/wp\/v2\/types\/product"}],"replies":[{"embeddable":true,"href":"https:\/\/kutluyayinevi.com\/magaza\/wp-json\/wp\/v2\/comments?post=22885"}],"wp:featuredmedia":[{"embeddable":true,"href":"https:\/\/kutluyayinevi.com\/magaza\/wp-json\/wp\/v2\/media\/22886"}],"wp:attachment":[{"href":"https:\/\/kutluyayinevi.com\/magaza\/wp-json\/wp\/v2\/media?parent=22885"}],"wp:term":[{"taxonomy":"product_brand","embeddable":true,"href":"https:\/\/kutluyayinevi.com\/magaza\/wp-json\/wp\/v2\/product_brand?post=22885"},{"taxonomy":"product_cat","embeddable":true,"href":"https:\/\/kutluyayinevi.com\/magaza\/wp-json\/wp\/v2\/product_cat?post=22885"},{"taxonomy":"product_tag","embeddable":true,"href":"https:\/\/kutluyayinevi.com\/magaza\/wp-json\/wp\/v2\/product_tag?post=22885"}],"curies":[{"name":"wp","href":"https:\/\/api.w.org\/{rel}","templated":true}]}}