{"id":22887,"date":"2024-02-28T12:33:18","date_gmt":"2024-02-28T09:33:18","guid":{"rendered":"https:\/\/kutluyayinevi.com\/magaza\/?post_type=product&#038;p=22887"},"modified":"2026-02-20T13:23:45","modified_gmt":"2026-02-20T10:23:45","slug":"masiva-perdesinden-kayhan-kilic","status":"publish","type":"product","link":"https:\/\/kutluyayinevi.com\/magaza\/urun\/masiva-perdesinden-kayhan-kilic\/","title":{"rendered":"Masiva Perdesinden &#8211; Kayhan K\u0131l\u0131\u00e7"},"content":{"rendered":"<p>V\u00e2s\u0131l olmaz kimse Hakk\u2019a c\u00fcmleden d\u00fbr olmadan<br \/>\nKenz a\u00e7\u0131lmaz \u015fol g\u00f6n\u00fclde t\u00e2 ki p\u00fcr-n\u00fbr olmadan<\/p>\n<p>S\u00fcr \u00e7\u0131kar a\u011fy\u00e2r\u0131 dilden t\u00e2 tecell\u00ee ide Hakk<br \/>\nP\u00e2di\u015f\u00e2h konmaz sar\u00e2ya h\u00e2ne ma\u2019m\u00fbr olmadan<\/p>\n<p>\u201cM\u00fbt\u00fb kable en tem\u00fbtu\u201d s\u0131rr\u0131n\u0131 fehm eyleyen<br \/>\nHa\u015fr u ne\u015fri g\u00f6rd\u00fc bunda nefha-i s\u00fbr olmadan<\/p>\n<p>Sen m\u00fcyesser eyle ya Rab bizlere beytin tav\u00e2f<br \/>\n\u0130lmin ile amil eyle v\u00e2de tekmil olmadan<\/p>\n<p>Hak cem\u00e2lin ka\u2019besini k\u0131ld\u0131 \u00e2\u015f\u0131klar tav\u00e2f<br \/>\nYerde Ka\u2019be g\u00f6ky\u00fcz\u00fcnde Beyt-i ma\u2019m\u00fbr olmadan<\/p>\n<p>Mest olup mest\u00e2ne geldim t\u00e2 ezelden t\u00e2 ebed<br \/>\n\u0130\u00e7mi\u015fim a\u015fk\u0131n \u015far\u00e2b\u0131n \u00e2b-\u0131 eng\u00fbr olmadan<\/p>\n<p>Mest olanlar\u0131n kel\u00e2m\u0131 kendinden gelmez vel\u00ee<br \/>\nPes \u201cEne\u2019l Hakk\u201d nice s\u00f6yler ki\u015fi Mans\u00fbr olmadan<\/p>\n<p>Bir acep sevdaya d\u00fc\u015fm\u00fc\u015f tutu\u015fur \u015eems\u00ee m\u00fcd\u00e2m<br \/>\nHakk\u2019a makb\u00fbl olmak ister halka menf\u00fbr olmadan<\/p>\n<p><i><\/i><code>            \u015eemseddin S\u00eev\u00e2si (k.s)<\/code><\/p>\n","protected":false},"excerpt":{"rendered":"<p>V\u00e2s\u0131l olmaz kimse Hakk\u2019a c\u00fcmleden d\u00fbr olmadan Kenz a\u00e7\u0131lmaz \u015fol g\u00f6n\u00fclde t\u00e2 ki p\u00fcr-n\u00fbr olmadan S\u00fcr \u00e7\u0131kar a\u011fy\u00e2r\u0131 dilden t\u00e2 tecell\u00ee ide Hakk P\u00e2di\u015f\u00e2h konmaz sar\u00e2ya h\u00e2ne ma\u2019m\u00fbr olmadan \u201cM\u00fbt\u00fb kable en tem\u00fbtu\u201d s\u0131rr\u0131n\u0131 fehm eyleyen Ha\u015fr u ne\u015fri g\u00f6rd\u00fc bunda nefha-i s\u00fbr olmadan Sen m\u00fcyesser eyle ya Rab bizlere beytin tav\u00e2f \u0130lmin ile amil [&hellip;]<\/p>\n","protected":false},"featured_media":22888,"comment_status":"closed","ping_status":"closed","template":"","meta":[],"product_brand":[],"product_cat":[22],"product_tag":[],"class_list":{"0":"post-22887","1":"product","2":"type-product","3":"status-publish","4":"has-post-thumbnail","6":"product_cat-siir","8":"first","9":"instock","10":"sale","11":"shipping-taxable","12":"purchasable","13":"product-type-simple"},"_links":{"self":[{"href":"https:\/\/kutluyayinevi.com\/magaza\/wp-json\/wp\/v2\/product\/22887","targetHints":{"allow":["GET"]}}],"collection":[{"href":"https:\/\/kutluyayinevi.com\/magaza\/wp-json\/wp\/v2\/product"}],"about":[{"href":"https:\/\/kutluyayinevi.com\/magaza\/wp-json\/wp\/v2\/types\/product"}],"replies":[{"embeddable":true,"href":"https:\/\/kutluyayinevi.com\/magaza\/wp-json\/wp\/v2\/comments?post=22887"}],"wp:featuredmedia":[{"embeddable":true,"href":"https:\/\/kutluyayinevi.com\/magaza\/wp-json\/wp\/v2\/media\/22888"}],"wp:attachment":[{"href":"https:\/\/kutluyayinevi.com\/magaza\/wp-json\/wp\/v2\/media?parent=22887"}],"wp:term":[{"taxonomy":"product_brand","embeddable":true,"href":"https:\/\/kutluyayinevi.com\/magaza\/wp-json\/wp\/v2\/product_brand?post=22887"},{"taxonomy":"product_cat","embeddable":true,"href":"https:\/\/kutluyayinevi.com\/magaza\/wp-json\/wp\/v2\/product_cat?post=22887"},{"taxonomy":"product_tag","embeddable":true,"href":"https:\/\/kutluyayinevi.com\/magaza\/wp-json\/wp\/v2\/product_tag?post=22887"}],"curies":[{"name":"wp","href":"https:\/\/api.w.org\/{rel}","templated":true}]}}