{"id":22923,"date":"2024-03-07T11:16:39","date_gmt":"2024-03-07T08:16:39","guid":{"rendered":"https:\/\/kutluyayinevi.com\/magaza\/?post_type=product&#038;p=22923"},"modified":"2026-02-20T16:53:38","modified_gmt":"2026-02-20T13:53:38","slug":"paha-bicilmez-hakan-ayyildiz-yasa-demet-ayyildiz","status":"publish","type":"product","link":"https:\/\/kutluyayinevi.com\/magaza\/urun\/paha-bicilmez-hakan-ayyildiz-yasa-demet-ayyildiz\/","title":{"rendered":"Paha Bi\u00e7ilmez &#8211; Hakan Ayy\u0131ld\u0131z, Ya\u015fa Demet Ayy\u0131ld\u0131z"},"content":{"rendered":"<p>Bazen;<\/p>\n<p>Bedeni iyile\u015ftirmek i\u00e7in uyutmak,<\/p>\n<p>Ruhu iyile\u015ftirmek i\u00e7in uyand\u0131rmak laz\u0131m&#8230;<\/p>\n<p>Bazen;<\/p>\n<p>Fiziki g\u00f6z ile de\u011fil,<\/p>\n<p>Ak\u0131l g\u00f6z\u00fcyle bakmak laz\u0131m&#8230;<\/p>\n<p>O halde;<\/p>\n<p>Kald\u0131r perdeleri aradan,<\/p>\n<p>Ortaya \u00e7\u0131ks\u0131n yaradan&#8230;<\/p>\n","protected":false},"excerpt":{"rendered":"<p>Bazen; Bedeni iyile\u015ftirmek i\u00e7in uyutmak, Ruhu iyile\u015ftirmek i\u00e7in uyand\u0131rmak laz\u0131m&#8230; Bazen; Fiziki g\u00f6z ile de\u011fil, Ak\u0131l g\u00f6z\u00fcyle bakmak laz\u0131m&#8230; O halde; Kald\u0131r perdeleri aradan, Ortaya \u00e7\u0131ks\u0131n yaradan&#8230;<\/p>\n","protected":false},"featured_media":22924,"comment_status":"closed","ping_status":"closed","template":"","meta":[],"product_brand":[],"product_cat":[22],"product_tag":[],"class_list":{"0":"post-22923","1":"product","2":"type-product","3":"status-publish","4":"has-post-thumbnail","6":"product_cat-siir","8":"first","9":"instock","10":"sale","11":"shipping-taxable","12":"purchasable","13":"product-type-simple"},"_links":{"self":[{"href":"https:\/\/kutluyayinevi.com\/magaza\/wp-json\/wp\/v2\/product\/22923","targetHints":{"allow":["GET"]}}],"collection":[{"href":"https:\/\/kutluyayinevi.com\/magaza\/wp-json\/wp\/v2\/product"}],"about":[{"href":"https:\/\/kutluyayinevi.com\/magaza\/wp-json\/wp\/v2\/types\/product"}],"replies":[{"embeddable":true,"href":"https:\/\/kutluyayinevi.com\/magaza\/wp-json\/wp\/v2\/comments?post=22923"}],"wp:featuredmedia":[{"embeddable":true,"href":"https:\/\/kutluyayinevi.com\/magaza\/wp-json\/wp\/v2\/media\/22924"}],"wp:attachment":[{"href":"https:\/\/kutluyayinevi.com\/magaza\/wp-json\/wp\/v2\/media?parent=22923"}],"wp:term":[{"taxonomy":"product_brand","embeddable":true,"href":"https:\/\/kutluyayinevi.com\/magaza\/wp-json\/wp\/v2\/product_brand?post=22923"},{"taxonomy":"product_cat","embeddable":true,"href":"https:\/\/kutluyayinevi.com\/magaza\/wp-json\/wp\/v2\/product_cat?post=22923"},{"taxonomy":"product_tag","embeddable":true,"href":"https:\/\/kutluyayinevi.com\/magaza\/wp-json\/wp\/v2\/product_tag?post=22923"}],"curies":[{"name":"wp","href":"https:\/\/api.w.org\/{rel}","templated":true}]}}