{"id":22925,"date":"2024-03-07T11:18:17","date_gmt":"2024-03-07T08:18:17","guid":{"rendered":"https:\/\/kutluyayinevi.com\/magaza\/?post_type=product&#038;p=22925"},"modified":"2026-02-23T10:33:09","modified_gmt":"2026-02-23T07:33:09","slug":"turana-nagmeler-ismail-balat","status":"publish","type":"product","link":"https:\/\/kutluyayinevi.com\/magaza\/urun\/turana-nagmeler-ismail-balat\/","title":{"rendered":"Turan&#8217;a Na\u011fmeler &#8211; \u0130smail Balat"},"content":{"rendered":"<div class=\"phenom-desc\">\n<div class=\"comment-container\">\n<div class=\"action-comment can-view-video markeddown js-comment is-comments-rewrite\" dir=\"auto\">\n<div class=\"current-comment js-friendly-links js-open-card\">\n<p>Her daim eme\u011fin ve emek\u00e7inin yan\u0131nda olan k\u0131ymetli abim Kutbettin KE\u015eAN\u2019a bu \u00e7al\u0131\u015fmam\u0131zda desteklerini esirgemeyen MEGA \u0130n\u015faat Genel Koordinat\u00f6r\u00fc Sn. Cem KE\u015eAN\u2019a te\u015fekk\u00fcrlerimi bir bor\u00e7 bilirim.<\/p>\n<\/div>\n<\/div>\n<\/div>\n<\/div>\n","protected":false},"excerpt":{"rendered":"<p>Her daim eme\u011fin ve emek\u00e7inin yan\u0131nda olan k\u0131ymetli abim Kutbettin KE\u015eAN\u2019a bu \u00e7al\u0131\u015fmam\u0131zda desteklerini esirgemeyen MEGA \u0130n\u015faat Genel Koordinat\u00f6r\u00fc Sn. Cem KE\u015eAN\u2019a te\u015fekk\u00fcrlerimi bir bor\u00e7 bilirim.<\/p>\n","protected":false},"featured_media":22926,"comment_status":"closed","ping_status":"closed","template":"","meta":[],"product_brand":[],"product_cat":[22],"product_tag":[],"class_list":{"0":"post-22925","1":"product","2":"type-product","3":"status-publish","4":"has-post-thumbnail","6":"product_cat-siir","8":"first","9":"instock","10":"sale","11":"shipping-taxable","12":"purchasable","13":"product-type-simple"},"_links":{"self":[{"href":"https:\/\/kutluyayinevi.com\/magaza\/wp-json\/wp\/v2\/product\/22925","targetHints":{"allow":["GET"]}}],"collection":[{"href":"https:\/\/kutluyayinevi.com\/magaza\/wp-json\/wp\/v2\/product"}],"about":[{"href":"https:\/\/kutluyayinevi.com\/magaza\/wp-json\/wp\/v2\/types\/product"}],"replies":[{"embeddable":true,"href":"https:\/\/kutluyayinevi.com\/magaza\/wp-json\/wp\/v2\/comments?post=22925"}],"wp:featuredmedia":[{"embeddable":true,"href":"https:\/\/kutluyayinevi.com\/magaza\/wp-json\/wp\/v2\/media\/22926"}],"wp:attachment":[{"href":"https:\/\/kutluyayinevi.com\/magaza\/wp-json\/wp\/v2\/media?parent=22925"}],"wp:term":[{"taxonomy":"product_brand","embeddable":true,"href":"https:\/\/kutluyayinevi.com\/magaza\/wp-json\/wp\/v2\/product_brand?post=22925"},{"taxonomy":"product_cat","embeddable":true,"href":"https:\/\/kutluyayinevi.com\/magaza\/wp-json\/wp\/v2\/product_cat?post=22925"},{"taxonomy":"product_tag","embeddable":true,"href":"https:\/\/kutluyayinevi.com\/magaza\/wp-json\/wp\/v2\/product_tag?post=22925"}],"curies":[{"name":"wp","href":"https:\/\/api.w.org\/{rel}","templated":true}]}}