{"id":22929,"date":"2024-03-07T11:22:22","date_gmt":"2024-03-07T08:22:22","guid":{"rendered":"https:\/\/kutluyayinevi.com\/magaza\/?post_type=product&#038;p=22929"},"modified":"2026-02-19T14:17:03","modified_gmt":"2026-02-19T11:17:03","slug":"ben-sana-ciceklendim-nesibe-guclu","status":"publish","type":"product","link":"https:\/\/kutluyayinevi.com\/magaza\/urun\/ben-sana-ciceklendim-nesibe-guclu\/","title":{"rendered":"Ben Sana \u00c7i\u00e7eklendim &#8211; Nesibe \u00d6z\u00e7elik"},"content":{"rendered":"<p>Bu kitap yeniden do\u011fu\u015fumun y\u00fcz\u00fcd\u00fcr. Ruhumun girdaplar\u0131nda kaybolurken sihirli bir el tuttu elimden. Ruhumu dinginli\u011fe kavu\u015fturan bir el&#8230; Bu el \u015fiirdi! Beni d\u00fcnyan\u0131n ac\u0131mas\u0131z etkilerinden dingin bir limana \u00e7\u0131kard\u0131. Orada yanmam, i\u00e7imdeki f\u0131rt\u0131nay\u0131 dindirerek huzura dolanmam i\u00e7in gereken zaman\u0131 tan\u0131d\u0131 bana. Ne zaman ruhumdaki girdaplarda kaybolsam gelir hemen imdad\u0131ma. Orada, hep yan\u0131mda oldu\u011funu durmadan hat\u0131rlat\u0131r bana. \u0130nsanlardan, d\u00fcnyadan ka\u00e7ma iste\u011fi duydu\u011fumda hemen bu sihirli kap\u0131dan ge\u00e7er s\u0131ms\u0131k\u0131 kapat\u0131r\u0131m kap\u0131s\u0131n\u0131. Orada kaybolmay\u0131, kelimelerle, imgelerle dans etmeyi bir rit\u00fcel sayar\u0131m kendime. \u015eifaland\u0131\u011f\u0131m nefes ald\u0131\u011f\u0131m bir yer.<br \/>\nBu \u015fiir kitab\u0131yla ruhumdaki girdaplara, dehlizlere tan\u0131kl\u0131k edeceksiniz. Buralarda dola\u015f\u0131rken birden beliren umut \u00e7i\u00e7e\u011fine sar\u0131l\u0131p kokusunu i\u00e7inize \u00e7ekeceksiniz. Diyeceksiniz ki: \u201cHer karanl\u0131k, sisli da\u011flar\u0131n ard\u0131nda g\u00fclen y\u00fcz\u00fcyle parlayan, i\u00e7imize sevgi tohumlar\u0131 sa\u00e7an vard\u0131r bir g\u00fcne\u015f.\u201d<\/p>\n<p>\u201cG\u00fcne\u015fi g\u00f6rd\u00fcm g\u00f6zlerinde<br \/>\nGecemi, g\u00fcnd\u00fcz\u00fcm\u00fc ayd\u0131nlat\u0131r oldun.<br \/>\nG\u00fcne\u015fi g\u00f6rd\u00fcm g\u00fcl\u00fc\u015f\u00fcnde<br \/>\n\u0130\u00e7imdeki hazan\u0131 bahara \u00e7evirdin.<br \/>\nG\u00fcne\u015fi g\u00f6rd\u00fcm \u00f6p\u00fc\u015f\u00fcnde<br \/>\nFilizlendim can suyum oldun.\u201d<\/p>\n","protected":false},"excerpt":{"rendered":"<p>Bu kitap yeniden do\u011fu\u015fumun y\u00fcz\u00fcd\u00fcr. Ruhumun girdaplar\u0131nda kaybolurken sihirli bir el tuttu elimden. Ruhumu dinginli\u011fe kavu\u015fturan bir el&#8230; Bu el \u015fiirdi! Beni d\u00fcnyan\u0131n ac\u0131mas\u0131z etkilerinden dingin bir limana \u00e7\u0131kard\u0131. Orada yanmam, i\u00e7imdeki f\u0131rt\u0131nay\u0131 dindirerek huzura dolanmam i\u00e7in gereken zaman\u0131 tan\u0131d\u0131 bana. Ne zaman ruhumdaki girdaplarda kaybolsam gelir hemen imdad\u0131ma. Orada, hep yan\u0131mda oldu\u011funu durmadan hat\u0131rlat\u0131r [&hellip;]<\/p>\n","protected":false},"featured_media":22930,"comment_status":"closed","ping_status":"closed","template":"","meta":[],"product_brand":[],"product_cat":[22],"product_tag":[],"class_list":{"0":"post-22929","1":"product","2":"type-product","3":"status-publish","4":"has-post-thumbnail","6":"product_cat-siir","8":"first","9":"instock","10":"sale","11":"shipping-taxable","12":"purchasable","13":"product-type-simple"},"_links":{"self":[{"href":"https:\/\/kutluyayinevi.com\/magaza\/wp-json\/wp\/v2\/product\/22929","targetHints":{"allow":["GET"]}}],"collection":[{"href":"https:\/\/kutluyayinevi.com\/magaza\/wp-json\/wp\/v2\/product"}],"about":[{"href":"https:\/\/kutluyayinevi.com\/magaza\/wp-json\/wp\/v2\/types\/product"}],"replies":[{"embeddable":true,"href":"https:\/\/kutluyayinevi.com\/magaza\/wp-json\/wp\/v2\/comments?post=22929"}],"wp:featuredmedia":[{"embeddable":true,"href":"https:\/\/kutluyayinevi.com\/magaza\/wp-json\/wp\/v2\/media\/22930"}],"wp:attachment":[{"href":"https:\/\/kutluyayinevi.com\/magaza\/wp-json\/wp\/v2\/media?parent=22929"}],"wp:term":[{"taxonomy":"product_brand","embeddable":true,"href":"https:\/\/kutluyayinevi.com\/magaza\/wp-json\/wp\/v2\/product_brand?post=22929"},{"taxonomy":"product_cat","embeddable":true,"href":"https:\/\/kutluyayinevi.com\/magaza\/wp-json\/wp\/v2\/product_cat?post=22929"},{"taxonomy":"product_tag","embeddable":true,"href":"https:\/\/kutluyayinevi.com\/magaza\/wp-json\/wp\/v2\/product_tag?post=22929"}],"curies":[{"name":"wp","href":"https:\/\/api.w.org\/{rel}","templated":true}]}}