{"id":22947,"date":"2024-03-20T12:42:32","date_gmt":"2024-03-20T09:42:32","guid":{"rendered":"https:\/\/kutluyayinevi.com\/magaza\/?post_type=product&#038;p=22947"},"modified":"2026-02-20T11:36:06","modified_gmt":"2026-02-20T08:36:06","slug":"ipligi-igneye-geciremedigim-gun-sureyya-kocadag","status":"publish","type":"product","link":"https:\/\/kutluyayinevi.com\/magaza\/urun\/ipligi-igneye-geciremedigim-gun-sureyya-kocadag\/","title":{"rendered":"\u0130pli\u011fi \u0130\u011fneye Ge\u00e7iremedi\u011fim G\u00fcn &#8211; S\u00fcreyya Kocada\u011f"},"content":{"rendered":"<p>\u00c7\u0131lg\u0131n bir t\u00fcketim \u00e7a\u011f\u0131nda\u011f\u0131nday\u0131z. Do\u011fal kaynaklar\u0131m\u0131z\u0131, madenlerimizi t\u00fcketiyor, do\u011fay\u0131 yok edip, birbirimizle beraber her canl\u0131ya zarar vermekten asla \u00e7ekinmiyoruz. Sonrada &#8220;bu d\u00fcnya bizim, gelecek nesillere sa\u011fl\u0131kl\u0131 bireyler b\u0131rakal\u0131m.&#8221; s\u00f6ylemleri ile kal\u0131yoruz. S\u00f6ylemlerin etkin olmad\u0131\u011f\u0131, hareketin sonu\u00e7 verece\u011fi bir d\u00fcnyada ya\u015f\u0131yoruz.Unutmayal\u0131m, \u00fcretmezsek t\u00fckeniriz ve \u00fcreten, \u00fcretmek isteyen her canl\u0131n\u0131n topluma bir faydas\u0131 vard\u0131r.<\/p>\n<p>Toplum olarak ne kadar g\u00fczel, olumlu, etik ve ahlaki de\u011ferler \u00fcretebiliyorsak; gelecek nesillerimiz toplumsal bilin\u00e7 i\u00e7erisinde &#8220;muas\u0131r medeniyet&#8221; kavram\u0131yla anlat\u0131lmak istenen modern d\u00fcnyayla entegre olmu\u015f, \u00e7a\u011fda\u015f, \u00fcreten, bir \u00fclkede ya\u015fayabilecektir.<\/p>\n","protected":false},"excerpt":{"rendered":"<p>\u00c7\u0131lg\u0131n bir t\u00fcketim \u00e7a\u011f\u0131nda\u011f\u0131nday\u0131z. Do\u011fal kaynaklar\u0131m\u0131z\u0131, madenlerimizi t\u00fcketiyor, do\u011fay\u0131 yok edip, birbirimizle beraber her canl\u0131ya zarar vermekten asla \u00e7ekinmiyoruz. Sonrada &#8220;bu d\u00fcnya bizim, gelecek nesillere sa\u011fl\u0131kl\u0131 bireyler b\u0131rakal\u0131m.&#8221; s\u00f6ylemleri ile kal\u0131yoruz. S\u00f6ylemlerin etkin olmad\u0131\u011f\u0131, hareketin sonu\u00e7 verece\u011fi bir d\u00fcnyada ya\u015f\u0131yoruz.Unutmayal\u0131m, \u00fcretmezsek t\u00fckeniriz ve \u00fcreten, \u00fcretmek isteyen her canl\u0131n\u0131n topluma bir faydas\u0131 vard\u0131r. Toplum olarak ne [&hellip;]<\/p>\n","protected":false},"featured_media":22948,"comment_status":"closed","ping_status":"closed","template":"","meta":[],"product_brand":[],"product_cat":[26],"product_tag":[],"class_list":{"0":"post-22947","1":"product","2":"type-product","3":"status-publish","4":"has-post-thumbnail","6":"product_cat-deneme","8":"first","9":"instock","10":"sale","11":"shipping-taxable","12":"purchasable","13":"product-type-simple"},"_links":{"self":[{"href":"https:\/\/kutluyayinevi.com\/magaza\/wp-json\/wp\/v2\/product\/22947","targetHints":{"allow":["GET"]}}],"collection":[{"href":"https:\/\/kutluyayinevi.com\/magaza\/wp-json\/wp\/v2\/product"}],"about":[{"href":"https:\/\/kutluyayinevi.com\/magaza\/wp-json\/wp\/v2\/types\/product"}],"replies":[{"embeddable":true,"href":"https:\/\/kutluyayinevi.com\/magaza\/wp-json\/wp\/v2\/comments?post=22947"}],"wp:featuredmedia":[{"embeddable":true,"href":"https:\/\/kutluyayinevi.com\/magaza\/wp-json\/wp\/v2\/media\/22948"}],"wp:attachment":[{"href":"https:\/\/kutluyayinevi.com\/magaza\/wp-json\/wp\/v2\/media?parent=22947"}],"wp:term":[{"taxonomy":"product_brand","embeddable":true,"href":"https:\/\/kutluyayinevi.com\/magaza\/wp-json\/wp\/v2\/product_brand?post=22947"},{"taxonomy":"product_cat","embeddable":true,"href":"https:\/\/kutluyayinevi.com\/magaza\/wp-json\/wp\/v2\/product_cat?post=22947"},{"taxonomy":"product_tag","embeddable":true,"href":"https:\/\/kutluyayinevi.com\/magaza\/wp-json\/wp\/v2\/product_tag?post=22947"}],"curies":[{"name":"wp","href":"https:\/\/api.w.org\/{rel}","templated":true}]}}