{"id":22953,"date":"2024-03-26T18:39:42","date_gmt":"2024-03-26T15:39:42","guid":{"rendered":"https:\/\/kutluyayinevi.com\/magaza\/?post_type=product&#038;p=22953"},"modified":"2024-03-26T18:39:42","modified_gmt":"2024-03-26T15:39:42","slug":"keloglan-ile-kaplumbaga-perili-orman-gulay-alce","status":"publish","type":"product","link":"https:\/\/kutluyayinevi.com\/magaza\/urun\/keloglan-ile-kaplumbaga-perili-orman-gulay-alce\/","title":{"rendered":"Kelo\u011flan \u0130le Kaplumba\u011fa: Perili Orman &#8211; G\u00fclay Al\u00e7e"},"content":{"rendered":"<p>G\u00fczeli, sevgiyi aray\u0131p bulmak belki bir prenses peride belki de bir kaplumba\u011fadad\u0131r.<\/p>\n<p>Kitap \u00d6l\u00e7\u00fcs\u00fc: 22 x 22 cm<br \/>\nRenkli Bask\u0131<\/p>\n","protected":false},"excerpt":{"rendered":"<p>G\u00fczeli, sevgiyi aray\u0131p bulmak belki bir prenses peride belki de bir kaplumba\u011fadad\u0131r. Kitap \u00d6l\u00e7\u00fcs\u00fc: 22 x 22 cm Renkli Bask\u0131<\/p>\n","protected":false},"featured_media":22954,"comment_status":"closed","ping_status":"closed","template":"","meta":[],"product_brand":[],"product_cat":[25],"product_tag":[],"class_list":{"0":"post-22953","1":"product","2":"type-product","3":"status-publish","4":"has-post-thumbnail","6":"product_cat-cocuk-kitaplari","8":"first","9":"instock","10":"sale","11":"shipping-taxable","12":"purchasable","13":"product-type-simple"},"_links":{"self":[{"href":"https:\/\/kutluyayinevi.com\/magaza\/wp-json\/wp\/v2\/product\/22953","targetHints":{"allow":["GET"]}}],"collection":[{"href":"https:\/\/kutluyayinevi.com\/magaza\/wp-json\/wp\/v2\/product"}],"about":[{"href":"https:\/\/kutluyayinevi.com\/magaza\/wp-json\/wp\/v2\/types\/product"}],"replies":[{"embeddable":true,"href":"https:\/\/kutluyayinevi.com\/magaza\/wp-json\/wp\/v2\/comments?post=22953"}],"wp:featuredmedia":[{"embeddable":true,"href":"https:\/\/kutluyayinevi.com\/magaza\/wp-json\/wp\/v2\/media\/22954"}],"wp:attachment":[{"href":"https:\/\/kutluyayinevi.com\/magaza\/wp-json\/wp\/v2\/media?parent=22953"}],"wp:term":[{"taxonomy":"product_brand","embeddable":true,"href":"https:\/\/kutluyayinevi.com\/magaza\/wp-json\/wp\/v2\/product_brand?post=22953"},{"taxonomy":"product_cat","embeddable":true,"href":"https:\/\/kutluyayinevi.com\/magaza\/wp-json\/wp\/v2\/product_cat?post=22953"},{"taxonomy":"product_tag","embeddable":true,"href":"https:\/\/kutluyayinevi.com\/magaza\/wp-json\/wp\/v2\/product_tag?post=22953"}],"curies":[{"name":"wp","href":"https:\/\/api.w.org\/{rel}","templated":true}]}}