{"id":22959,"date":"2024-03-28T12:50:05","date_gmt":"2024-03-28T09:50:05","guid":{"rendered":"https:\/\/kutluyayinevi.com\/magaza\/?post_type=product&#038;p=22959"},"modified":"2026-02-19T12:40:00","modified_gmt":"2026-02-19T09:40:00","slug":"ahlakli-bir-nesil-icin-ozcan-gunduz","status":"publish","type":"product","link":"https:\/\/kutluyayinevi.com\/magaza\/urun\/ahlakli-bir-nesil-icin-ozcan-gunduz\/","title":{"rendered":"Ahl\u00e2kl\u0131 Bir Nesil \u0130\u00e7in &#8211; \u00d6zcan G\u00fcnd\u00fcz"},"content":{"rendered":"<p>Ahlakl\u0131 bir nesil yeti\u015ftirmek i\u00e7in do\u011fruluk, ho\u015fg\u00f6r\u00fc, adalet, merhamet, sab\u0131r, iyi niyet ve sorumluluk gibi temel ahlak\u00ee de\u011ferleri \u00f6\u011fretmeli ve bu de\u011ferleri ya\u015fant\u0131m\u0131zla \u00f6rneklemeliyiz.<\/p>\n<p>Bu de\u011ferler \u00e7ocuklara d\u00fcr\u00fcstl\u00fck, empati, adalet, merhamet, sab\u0131r, samimiyet ve sorumluluk bilinci kazand\u0131rarak ahlak\u00ee olarak sa\u011flam bireylerin yeti\u015fmesine yard\u0131mc\u0131 olacakt\u0131r. Ebeveynler, \u00f6\u011fretmenler ve toplum olarak bu de\u011ferleri \u00e7ocuklara aktarmal\u0131 ve kendi davran\u0131\u015flar\u0131m\u0131zla da bu de\u011ferleri yans\u0131tmal\u0131y\u0131z. Bu \u015fekilde gelece\u011fin nesillerini daha ahlak\u00ee, d\u00fcr\u00fcst ve empatik bireyler olarak yeti\u015ftirebiliriz.<\/p>\n","protected":false},"excerpt":{"rendered":"<p>Ahlakl\u0131 bir nesil yeti\u015ftirmek i\u00e7in do\u011fruluk, ho\u015fg\u00f6r\u00fc, adalet, merhamet, sab\u0131r, iyi niyet ve sorumluluk gibi temel ahlak\u00ee de\u011ferleri \u00f6\u011fretmeli ve bu de\u011ferleri ya\u015fant\u0131m\u0131zla \u00f6rneklemeliyiz. Bu de\u011ferler \u00e7ocuklara d\u00fcr\u00fcstl\u00fck, empati, adalet, merhamet, sab\u0131r, samimiyet ve sorumluluk bilinci kazand\u0131rarak ahlak\u00ee olarak sa\u011flam bireylerin yeti\u015fmesine yard\u0131mc\u0131 olacakt\u0131r. Ebeveynler, \u00f6\u011fretmenler ve toplum olarak bu de\u011ferleri \u00e7ocuklara aktarmal\u0131 ve kendi [&hellip;]<\/p>\n","protected":false},"featured_media":22960,"comment_status":"closed","ping_status":"closed","template":"","meta":[],"product_brand":[],"product_cat":[28],"product_tag":[],"class_list":{"0":"post-22959","1":"product","2":"type-product","3":"status-publish","4":"has-post-thumbnail","6":"product_cat-aratirma-inceleme","8":"first","9":"instock","10":"sale","11":"shipping-taxable","12":"purchasable","13":"product-type-simple"},"_links":{"self":[{"href":"https:\/\/kutluyayinevi.com\/magaza\/wp-json\/wp\/v2\/product\/22959","targetHints":{"allow":["GET"]}}],"collection":[{"href":"https:\/\/kutluyayinevi.com\/magaza\/wp-json\/wp\/v2\/product"}],"about":[{"href":"https:\/\/kutluyayinevi.com\/magaza\/wp-json\/wp\/v2\/types\/product"}],"replies":[{"embeddable":true,"href":"https:\/\/kutluyayinevi.com\/magaza\/wp-json\/wp\/v2\/comments?post=22959"}],"wp:featuredmedia":[{"embeddable":true,"href":"https:\/\/kutluyayinevi.com\/magaza\/wp-json\/wp\/v2\/media\/22960"}],"wp:attachment":[{"href":"https:\/\/kutluyayinevi.com\/magaza\/wp-json\/wp\/v2\/media?parent=22959"}],"wp:term":[{"taxonomy":"product_brand","embeddable":true,"href":"https:\/\/kutluyayinevi.com\/magaza\/wp-json\/wp\/v2\/product_brand?post=22959"},{"taxonomy":"product_cat","embeddable":true,"href":"https:\/\/kutluyayinevi.com\/magaza\/wp-json\/wp\/v2\/product_cat?post=22959"},{"taxonomy":"product_tag","embeddable":true,"href":"https:\/\/kutluyayinevi.com\/magaza\/wp-json\/wp\/v2\/product_tag?post=22959"}],"curies":[{"name":"wp","href":"https:\/\/api.w.org\/{rel}","templated":true}]}}