{"id":22961,"date":"2024-03-28T12:53:09","date_gmt":"2024-03-28T09:53:09","guid":{"rendered":"https:\/\/kutluyayinevi.com\/magaza\/?post_type=product&#038;p=22961"},"modified":"2026-02-20T10:00:29","modified_gmt":"2026-02-20T07:00:29","slug":"gonul-koydum-sana-ben-ibrahim-yildirim","status":"publish","type":"product","link":"https:\/\/kutluyayinevi.com\/magaza\/urun\/gonul-koydum-sana-ben-ibrahim-yildirim\/","title":{"rendered":"G\u00f6n\u00fcl Koydum Sana Ben &#8211; \u0130brahim Y\u0131ld\u0131r\u0131m"},"content":{"rendered":"<p>Mahlas\u0131m Cankat, ad\u0131m \u0130brahim;<br \/>\n\u00c7orum\u2019un Ku\u015fsaray K\u00f6y\u00fc\u2019ndenim ben.<br \/>\nBilen bilir benim kim oldu\u011fumu,<br \/>\n\u00c7orum\u2019un Ku\u015fsaray K\u00f6y\u00fc\u2019ndenim ben.<\/p>\n","protected":false},"excerpt":{"rendered":"<p>Mahlas\u0131m Cankat, ad\u0131m \u0130brahim; \u00c7orum\u2019un Ku\u015fsaray K\u00f6y\u00fc\u2019ndenim ben. Bilen bilir benim kim oldu\u011fumu, \u00c7orum\u2019un Ku\u015fsaray K\u00f6y\u00fc\u2019ndenim ben.<\/p>\n","protected":false},"featured_media":22962,"comment_status":"closed","ping_status":"closed","template":"","meta":[],"product_brand":[],"product_cat":[22],"product_tag":[],"class_list":{"0":"post-22961","1":"product","2":"type-product","3":"status-publish","4":"has-post-thumbnail","6":"product_cat-siir","8":"first","9":"instock","10":"sale","11":"shipping-taxable","12":"purchasable","13":"product-type-simple"},"_links":{"self":[{"href":"https:\/\/kutluyayinevi.com\/magaza\/wp-json\/wp\/v2\/product\/22961","targetHints":{"allow":["GET"]}}],"collection":[{"href":"https:\/\/kutluyayinevi.com\/magaza\/wp-json\/wp\/v2\/product"}],"about":[{"href":"https:\/\/kutluyayinevi.com\/magaza\/wp-json\/wp\/v2\/types\/product"}],"replies":[{"embeddable":true,"href":"https:\/\/kutluyayinevi.com\/magaza\/wp-json\/wp\/v2\/comments?post=22961"}],"wp:featuredmedia":[{"embeddable":true,"href":"https:\/\/kutluyayinevi.com\/magaza\/wp-json\/wp\/v2\/media\/22962"}],"wp:attachment":[{"href":"https:\/\/kutluyayinevi.com\/magaza\/wp-json\/wp\/v2\/media?parent=22961"}],"wp:term":[{"taxonomy":"product_brand","embeddable":true,"href":"https:\/\/kutluyayinevi.com\/magaza\/wp-json\/wp\/v2\/product_brand?post=22961"},{"taxonomy":"product_cat","embeddable":true,"href":"https:\/\/kutluyayinevi.com\/magaza\/wp-json\/wp\/v2\/product_cat?post=22961"},{"taxonomy":"product_tag","embeddable":true,"href":"https:\/\/kutluyayinevi.com\/magaza\/wp-json\/wp\/v2\/product_tag?post=22961"}],"curies":[{"name":"wp","href":"https:\/\/api.w.org\/{rel}","templated":true}]}}