{"id":22963,"date":"2024-03-28T12:55:31","date_gmt":"2024-03-28T09:55:31","guid":{"rendered":"https:\/\/kutluyayinevi.com\/magaza\/?post_type=product&#038;p=22963"},"modified":"2026-02-23T10:56:48","modified_gmt":"2026-02-23T07:56:48","slug":"universal-tip-ve-saglik-puf-noktalari-1-ilhan-korkmaz","status":"publish","type":"product","link":"https:\/\/kutluyayinevi.com\/magaza\/urun\/universal-tip-ve-saglik-puf-noktalari-1-ilhan-korkmaz\/","title":{"rendered":"Universal T\u0131p ve Sa\u011fl\u0131k P\u00fcf Noktalar\u0131 1 &#8211; \u0130lhan Korkmaz"},"content":{"rendered":"<p>Allah\u2019\u0131m! Bana \u00f6yle bir imkan sa\u011fla ki t\u00fcm \u00e7aresiz ve bak\u0131m, sa\u011fl\u0131k gereken canl\u0131lara yard\u0131mc\u0131 olabileyim ve ya\u015famlar\u0131n\u0131 huzurla idame ettirebilmeleri i\u00e7in elimden gelen her \u015feyi yapabileyim.<\/p>\n<p>\u00c7\u00f6z\u00fcm\u00fc zor olan ve ancak az say\u0131daki baz\u0131 tiplerinin tedavisi imkans\u0131z bulunan fakat \u00e7o\u011funlukla ba\u015flamas\u0131 ve devam\u0131nda ilerleyerek t\u00fcm canl\u0131lar\u0131n ya\u015famlar\u0131n\u0131 tehlikeye atmalar\u0131 i\u00e7in ancak insanlar\u0131n kendilerinin ihmali gereken, aksi takdirde tan\u0131 ve tedavileri belli bir sistem dahilinde tolere edilebilen rahats\u0131zl\u0131klar hakk\u0131nda na\u00e7izane herkesi ikna edebilme kabiliyeti ver.<\/p>\n<p><em>\u201cNasibinde varsa al\u0131rs\u0131n kar\u0131ncadan bile ders.<\/em><br \/>\n<em>Nasibinde yoksa b\u00fct\u00fcn cihan \u00f6n\u00fcne serilse sana ters.\u201d<\/em><\/p>\n<p><em>Rumi<\/em><\/p>\n","protected":false},"excerpt":{"rendered":"<p>Allah\u2019\u0131m! Bana \u00f6yle bir imkan sa\u011fla ki t\u00fcm \u00e7aresiz ve bak\u0131m, sa\u011fl\u0131k gereken canl\u0131lara yard\u0131mc\u0131 olabileyim ve ya\u015famlar\u0131n\u0131 huzurla idame ettirebilmeleri i\u00e7in elimden gelen her \u015feyi yapabileyim. \u00c7\u00f6z\u00fcm\u00fc zor olan ve ancak az say\u0131daki baz\u0131 tiplerinin tedavisi imkans\u0131z bulunan fakat \u00e7o\u011funlukla ba\u015flamas\u0131 ve devam\u0131nda ilerleyerek t\u00fcm canl\u0131lar\u0131n ya\u015famlar\u0131n\u0131 tehlikeye atmalar\u0131 i\u00e7in ancak insanlar\u0131n kendilerinin ihmali [&hellip;]<\/p>\n","protected":false},"featured_media":22964,"comment_status":"closed","ping_status":"closed","template":"","meta":[],"product_brand":[],"product_cat":[28],"product_tag":[],"class_list":{"0":"post-22963","1":"product","2":"type-product","3":"status-publish","4":"has-post-thumbnail","6":"product_cat-aratirma-inceleme","8":"first","9":"instock","10":"sale","11":"shipping-taxable","12":"purchasable","13":"product-type-simple"},"_links":{"self":[{"href":"https:\/\/kutluyayinevi.com\/magaza\/wp-json\/wp\/v2\/product\/22963","targetHints":{"allow":["GET"]}}],"collection":[{"href":"https:\/\/kutluyayinevi.com\/magaza\/wp-json\/wp\/v2\/product"}],"about":[{"href":"https:\/\/kutluyayinevi.com\/magaza\/wp-json\/wp\/v2\/types\/product"}],"replies":[{"embeddable":true,"href":"https:\/\/kutluyayinevi.com\/magaza\/wp-json\/wp\/v2\/comments?post=22963"}],"wp:featuredmedia":[{"embeddable":true,"href":"https:\/\/kutluyayinevi.com\/magaza\/wp-json\/wp\/v2\/media\/22964"}],"wp:attachment":[{"href":"https:\/\/kutluyayinevi.com\/magaza\/wp-json\/wp\/v2\/media?parent=22963"}],"wp:term":[{"taxonomy":"product_brand","embeddable":true,"href":"https:\/\/kutluyayinevi.com\/magaza\/wp-json\/wp\/v2\/product_brand?post=22963"},{"taxonomy":"product_cat","embeddable":true,"href":"https:\/\/kutluyayinevi.com\/magaza\/wp-json\/wp\/v2\/product_cat?post=22963"},{"taxonomy":"product_tag","embeddable":true,"href":"https:\/\/kutluyayinevi.com\/magaza\/wp-json\/wp\/v2\/product_tag?post=22963"}],"curies":[{"name":"wp","href":"https:\/\/api.w.org\/{rel}","templated":true}]}}