{"id":22965,"date":"2024-03-28T12:58:09","date_gmt":"2024-03-28T09:58:09","guid":{"rendered":"https:\/\/kutluyayinevi.com\/magaza\/?post_type=product&#038;p=22965"},"modified":"2025-02-10T11:02:29","modified_gmt":"2025-02-10T08:02:29","slug":"universal-tip-ve-saglik-puf-noktalari-2-ilhan-korkmaz","status":"publish","type":"product","link":"https:\/\/kutluyayinevi.com\/magaza\/urun\/universal-tip-ve-saglik-puf-noktalari-2-ilhan-korkmaz\/","title":{"rendered":"Universal T\u0131p ve Sa\u011fl\u0131k P\u00fcf Noktalar\u0131 2 &#8211; \u0130lhan Korkmaz"},"content":{"rendered":"<p>Allah&#8217;\u0131m! Senin, biz canl\u0131lar i\u00e7in ne kadar ac\u0131 ve h\u00fcz\u00fcn verici olsa dahi, kararlar\u0131ndan ve yap\u0131lmas\u0131na onay verdiklerinden sorgu sual olunmaz. \u00c7\u00fcnk\u00fc, ya\u015fam\u0131n anlam\u0131 da odur zaten ve aksi halde herkes iyi ve mutlu mesut oldu\u011funda, k\u00f6t\u00fcl\u00fckler ile belalar ve hastal\u0131klar olmad\u0131\u011f\u0131nda, her \u015feyi z\u0131dd\u0131yla var etti\u011fin bu alemlerde iyili\u011fin ve mutlulu\u011fun anlam\u0131n\u0131n kalmayaca\u011f\u0131n\u0131 da bilmekteyim. Ancak g\u00f6n\u00fcl elbette ki k\u00f6t\u00fcler ve k\u00f6t\u00fcl\u00fckler ile felaketler olmas\u0131n istemektedir fakat g\u00f6nl\u00fcme bazen s\u00f6z ge\u00e7iremeyerek bu olanca adaletsizliklere isyan\u0131m\u0131 ho\u015f g\u00f6rerek, senin bunu garipsemeyece\u011fini ve beni hor g\u00f6rmeyece\u011fini de na\u00e7izane bilmekteyim ve l\u00fctfen herkesin de bu bilince vak\u0131f olmas\u0131n\u0131 ve benim d\u0131\u015f\u0131ndakilerin sahip olabildikleri olumlu hasletlerine benim de ula\u015fmam\u0131 sa\u011fla.<\/p>\n<p><em>&#8220;- Elimde de\u011fil, Olric!<\/em><br \/>\n<em>&#8211; Ne efendimiz?<\/em><br \/>\n<em>&#8211; Elleri, Olric, elleri.&#8221;<\/em><\/p>\n<p><em>O\u011fuz Atay<\/em><\/p>\n","protected":false},"excerpt":{"rendered":"<p>Allah&#8217;\u0131m! Senin, biz canl\u0131lar i\u00e7in ne kadar ac\u0131 ve h\u00fcz\u00fcn verici olsa dahi, kararlar\u0131ndan ve yap\u0131lmas\u0131na onay verdiklerinden sorgu sual olunmaz. \u00c7\u00fcnk\u00fc, ya\u015fam\u0131n anlam\u0131 da odur zaten ve aksi halde herkes iyi ve mutlu mesut oldu\u011funda, k\u00f6t\u00fcl\u00fckler ile belalar ve hastal\u0131klar olmad\u0131\u011f\u0131nda, her \u015feyi z\u0131dd\u0131yla var etti\u011fin bu alemlerde iyili\u011fin ve mutlulu\u011fun anlam\u0131n\u0131n kalmayaca\u011f\u0131n\u0131 da [&hellip;]<\/p>\n","protected":false},"featured_media":22966,"comment_status":"closed","ping_status":"closed","template":"","meta":[],"product_brand":[],"product_cat":[28],"product_tag":[],"class_list":{"0":"post-22965","1":"product","2":"type-product","3":"status-publish","4":"has-post-thumbnail","6":"product_cat-aratirma-inceleme","8":"first","9":"instock","10":"sale","11":"shipping-taxable","12":"purchasable","13":"product-type-simple"},"_links":{"self":[{"href":"https:\/\/kutluyayinevi.com\/magaza\/wp-json\/wp\/v2\/product\/22965","targetHints":{"allow":["GET"]}}],"collection":[{"href":"https:\/\/kutluyayinevi.com\/magaza\/wp-json\/wp\/v2\/product"}],"about":[{"href":"https:\/\/kutluyayinevi.com\/magaza\/wp-json\/wp\/v2\/types\/product"}],"replies":[{"embeddable":true,"href":"https:\/\/kutluyayinevi.com\/magaza\/wp-json\/wp\/v2\/comments?post=22965"}],"wp:featuredmedia":[{"embeddable":true,"href":"https:\/\/kutluyayinevi.com\/magaza\/wp-json\/wp\/v2\/media\/22966"}],"wp:attachment":[{"href":"https:\/\/kutluyayinevi.com\/magaza\/wp-json\/wp\/v2\/media?parent=22965"}],"wp:term":[{"taxonomy":"product_brand","embeddable":true,"href":"https:\/\/kutluyayinevi.com\/magaza\/wp-json\/wp\/v2\/product_brand?post=22965"},{"taxonomy":"product_cat","embeddable":true,"href":"https:\/\/kutluyayinevi.com\/magaza\/wp-json\/wp\/v2\/product_cat?post=22965"},{"taxonomy":"product_tag","embeddable":true,"href":"https:\/\/kutluyayinevi.com\/magaza\/wp-json\/wp\/v2\/product_tag?post=22965"}],"curies":[{"name":"wp","href":"https:\/\/api.w.org\/{rel}","templated":true}]}}