{"id":22970,"date":"2024-03-28T13:06:45","date_gmt":"2024-03-28T10:06:45","guid":{"rendered":"https:\/\/kutluyayinevi.com\/magaza\/?post_type=product&#038;p=22970"},"modified":"2026-02-19T13:19:38","modified_gmt":"2026-02-19T10:19:38","slug":"ataturk-ve-darwinist-evrim-kurami-taner-yurtbasi","status":"publish","type":"product","link":"https:\/\/kutluyayinevi.com\/magaza\/urun\/ataturk-ve-darwinist-evrim-kurami-taner-yurtbasi\/","title":{"rendered":"Atat\u00fcrk ve Darwinist Evrim Kuram\u0131 &#8211; Taner Yurtba\u015f\u0131"},"content":{"rendered":"<p>&#8220;Hayat herhangi bir do\u011fa d\u0131\u015f\u0131 etkenin m\u00fcdahalesi olmaks\u0131z\u0131n d\u00fcnya \u00fczerinde do\u011fal ve zorunlu bir kimyasal ve fiziksel olaylar dizisi sonucudur. Hayat s\u0131cak, g\u00fcne\u015fli ve s\u0131\u011f bir batakl\u0131kta ba\u015flad\u0131. Oradan sahillere ve denizlere yay\u0131ld\u0131. Denizlerden tekrar karalara ge\u00e7ti. \u0130lk hayvan denizlerde bal\u0131k ve karalarda muhtelif kemikli yarat\u0131klar oldu. Bunlar devirlerde \u015fekilden \u015fekle tekam\u00fcl ettiler. \u0130nsanlar sularda kayna\u015f\u0131p \u00e7\u0131rp\u0131nan bir mevcuttan bug\u00fcnk\u00fc \u015fekline geldi. \u0130nsan\u0131n bug\u00fcnk\u00fc y\u00fcksek zeka, idrak ve kudreti milyonlarca ve milyonlarca nesilden ge\u00e7erek haz\u0131rland\u0131. Art\u0131k insan bug\u00fcn tabiat\u0131n nihayetsiz b\u00fcy\u00fckl\u00fc\u011f\u00fcne ve tabiat i\u00e7inde kendi nevinin mukadderat\u0131na gittik\u00e7e b\u00fcy\u00fcyen bir irade ve \u015fuur ile bak\u0131yor.\u2019\u2019 M. KEMAL ATAT\u00dcRK (Afet \u0130nan, Atat\u00fcrk Hakk\u0131nda Hat\u0131ralar ve Belgeler, 1968)<\/p>\n","protected":false},"excerpt":{"rendered":"<p>&#8220;Hayat herhangi bir do\u011fa d\u0131\u015f\u0131 etkenin m\u00fcdahalesi olmaks\u0131z\u0131n d\u00fcnya \u00fczerinde do\u011fal ve zorunlu bir kimyasal ve fiziksel olaylar dizisi sonucudur. Hayat s\u0131cak, g\u00fcne\u015fli ve s\u0131\u011f bir batakl\u0131kta ba\u015flad\u0131. Oradan sahillere ve denizlere yay\u0131ld\u0131. Denizlerden tekrar karalara ge\u00e7ti. \u0130lk hayvan denizlerde bal\u0131k ve karalarda muhtelif kemikli yarat\u0131klar oldu. Bunlar devirlerde \u015fekilden \u015fekle tekam\u00fcl ettiler. \u0130nsanlar sularda [&hellip;]<\/p>\n","protected":false},"featured_media":22971,"comment_status":"closed","ping_status":"closed","template":"","meta":[],"product_brand":[],"product_cat":[28],"product_tag":[],"class_list":{"0":"post-22970","1":"product","2":"type-product","3":"status-publish","4":"has-post-thumbnail","6":"product_cat-aratirma-inceleme","8":"first","9":"instock","10":"sale","11":"shipping-taxable","12":"purchasable","13":"product-type-simple"},"_links":{"self":[{"href":"https:\/\/kutluyayinevi.com\/magaza\/wp-json\/wp\/v2\/product\/22970","targetHints":{"allow":["GET"]}}],"collection":[{"href":"https:\/\/kutluyayinevi.com\/magaza\/wp-json\/wp\/v2\/product"}],"about":[{"href":"https:\/\/kutluyayinevi.com\/magaza\/wp-json\/wp\/v2\/types\/product"}],"replies":[{"embeddable":true,"href":"https:\/\/kutluyayinevi.com\/magaza\/wp-json\/wp\/v2\/comments?post=22970"}],"wp:featuredmedia":[{"embeddable":true,"href":"https:\/\/kutluyayinevi.com\/magaza\/wp-json\/wp\/v2\/media\/22971"}],"wp:attachment":[{"href":"https:\/\/kutluyayinevi.com\/magaza\/wp-json\/wp\/v2\/media?parent=22970"}],"wp:term":[{"taxonomy":"product_brand","embeddable":true,"href":"https:\/\/kutluyayinevi.com\/magaza\/wp-json\/wp\/v2\/product_brand?post=22970"},{"taxonomy":"product_cat","embeddable":true,"href":"https:\/\/kutluyayinevi.com\/magaza\/wp-json\/wp\/v2\/product_cat?post=22970"},{"taxonomy":"product_tag","embeddable":true,"href":"https:\/\/kutluyayinevi.com\/magaza\/wp-json\/wp\/v2\/product_tag?post=22970"}],"curies":[{"name":"wp","href":"https:\/\/api.w.org\/{rel}","templated":true}]}}