{"id":22973,"date":"2024-03-28T13:11:41","date_gmt":"2024-03-28T10:11:41","guid":{"rendered":"https:\/\/kutluyayinevi.com\/magaza\/?post_type=product&#038;p=22973"},"modified":"2026-02-19T16:34:05","modified_gmt":"2026-02-19T13:34:05","slug":"depremler-ve-kuantum-etkilesimlerin-sonsuzlugu-ilhan-korkmaz","status":"publish","type":"product","link":"https:\/\/kutluyayinevi.com\/magaza\/urun\/depremler-ve-kuantum-etkilesimlerin-sonsuzlugu-ilhan-korkmaz\/","title":{"rendered":"Depremler ve Kuantum Etkile\u015fimlerin Sonsuzlu\u011fu &#8211; \u0130lhan Korkmaz"},"content":{"rendered":"<p>Cesare Pavese&#8217;nin dedi\u011fi gibi; \u201cBen hi\u00e7bir zaman d\u00fcnyay\u0131 umursamadan hayat\u0131n tad\u0131n\u0131 \u00e7\u0131karabilen rahat bir insan olamad\u0131m. O y\u00fcrek yok bende&#8230;\u201d diyebilecek derecede g\u00f6nl\u00fcm\u00fcz\u00fc y\u00fckleyemedikten sonra istedi\u011finiz kadar y\u00fcklenin ve ne y\u00fcklerseniz y\u00fckleyin bu zahiri d\u00fcnya ya\u015fam\u0131n\u0131zda hi\u00e7biri ve hi\u00e7bir gram\u0131 bile bir nebze olsun \u00f6z varl\u0131\u011f\u0131n\u0131za dahil olmaz ve bir nokta kadar dahi sizi ihya edemeyerek ak\u0131betinizi me\u00e7hul k\u0131lmaktan imtina ettiremez.<\/p>\n<p>\u201cSessiz de\u011filsin, b\u00fcy\u00fck bir g\u00fcr\u00fclt\u00fcn\u00fcn i\u00e7indesin; duymuyorlar\u2026\u201d<\/p>\n<p><em>\u0130lhan Berk<\/em><\/p>\n","protected":false},"excerpt":{"rendered":"<p>Cesare Pavese&#8217;nin dedi\u011fi gibi; \u201cBen hi\u00e7bir zaman d\u00fcnyay\u0131 umursamadan hayat\u0131n tad\u0131n\u0131 \u00e7\u0131karabilen rahat bir insan olamad\u0131m. O y\u00fcrek yok bende&#8230;\u201d diyebilecek derecede g\u00f6nl\u00fcm\u00fcz\u00fc y\u00fckleyemedikten sonra istedi\u011finiz kadar y\u00fcklenin ve ne y\u00fcklerseniz y\u00fckleyin bu zahiri d\u00fcnya ya\u015fam\u0131n\u0131zda hi\u00e7biri ve hi\u00e7bir gram\u0131 bile bir nebze olsun \u00f6z varl\u0131\u011f\u0131n\u0131za dahil olmaz ve bir nokta kadar dahi sizi ihya [&hellip;]<\/p>\n","protected":false},"featured_media":22974,"comment_status":"closed","ping_status":"closed","template":"","meta":[],"product_brand":[],"product_cat":[28],"product_tag":[],"class_list":{"0":"post-22973","1":"product","2":"type-product","3":"status-publish","4":"has-post-thumbnail","6":"product_cat-aratirma-inceleme","8":"first","9":"instock","10":"sale","11":"shipping-taxable","12":"purchasable","13":"product-type-simple"},"_links":{"self":[{"href":"https:\/\/kutluyayinevi.com\/magaza\/wp-json\/wp\/v2\/product\/22973","targetHints":{"allow":["GET"]}}],"collection":[{"href":"https:\/\/kutluyayinevi.com\/magaza\/wp-json\/wp\/v2\/product"}],"about":[{"href":"https:\/\/kutluyayinevi.com\/magaza\/wp-json\/wp\/v2\/types\/product"}],"replies":[{"embeddable":true,"href":"https:\/\/kutluyayinevi.com\/magaza\/wp-json\/wp\/v2\/comments?post=22973"}],"wp:featuredmedia":[{"embeddable":true,"href":"https:\/\/kutluyayinevi.com\/magaza\/wp-json\/wp\/v2\/media\/22974"}],"wp:attachment":[{"href":"https:\/\/kutluyayinevi.com\/magaza\/wp-json\/wp\/v2\/media?parent=22973"}],"wp:term":[{"taxonomy":"product_brand","embeddable":true,"href":"https:\/\/kutluyayinevi.com\/magaza\/wp-json\/wp\/v2\/product_brand?post=22973"},{"taxonomy":"product_cat","embeddable":true,"href":"https:\/\/kutluyayinevi.com\/magaza\/wp-json\/wp\/v2\/product_cat?post=22973"},{"taxonomy":"product_tag","embeddable":true,"href":"https:\/\/kutluyayinevi.com\/magaza\/wp-json\/wp\/v2\/product_tag?post=22973"}],"curies":[{"name":"wp","href":"https:\/\/api.w.org\/{rel}","templated":true}]}}