{"id":22990,"date":"2024-04-04T11:47:36","date_gmt":"2024-04-04T08:47:36","guid":{"rendered":"https:\/\/kutluyayinevi.com\/magaza\/?post_type=product&#038;p=22990"},"modified":"2026-02-19T15:03:12","modified_gmt":"2026-02-19T12:03:12","slug":"bir-cift-bakis-tolga-yigit","status":"publish","type":"product","link":"https:\/\/kutluyayinevi.com\/magaza\/urun\/bir-cift-bakis-tolga-yigit\/","title":{"rendered":"Bir \u00c7ift Bak\u0131\u015f &#8211; Tolga Yi\u011fit"},"content":{"rendered":"<p>Iss\u0131z bucaks\u0131z \u00e7\u00f6lde \u00e7are arad\u0131m<br \/>\n\u00c7\u00f6l de neymi\u015f, ben a\u015fk ac\u0131s\u0131 tatt\u0131m<br \/>\nSen yokken ben her g\u00fcn yand\u0131m<br \/>\nSen hi\u00e7 \u00e7are arad\u0131n m\u0131? S\u00f6yle<\/p>\n<p>Bana bakan o ceylan g\u00f6zler<br \/>\nBeni mi yoksa hayalleri mi g\u00f6zler<br \/>\nYalan m\u0131yd\u0131 o ac\u0131 s\u00f6zler?<br \/>\nYalan m\u0131yd\u0131? Ne olur s\u00f6yle&#8230;<\/p>\n","protected":false},"excerpt":{"rendered":"<p>Iss\u0131z bucaks\u0131z \u00e7\u00f6lde \u00e7are arad\u0131m \u00c7\u00f6l de neymi\u015f, ben a\u015fk ac\u0131s\u0131 tatt\u0131m Sen yokken ben her g\u00fcn yand\u0131m Sen hi\u00e7 \u00e7are arad\u0131n m\u0131? S\u00f6yle Bana bakan o ceylan g\u00f6zler Beni mi yoksa hayalleri mi g\u00f6zler Yalan m\u0131yd\u0131 o ac\u0131 s\u00f6zler? Yalan m\u0131yd\u0131? Ne olur s\u00f6yle&#8230;<\/p>\n","protected":false},"featured_media":22991,"comment_status":"closed","ping_status":"closed","template":"","meta":[],"product_brand":[],"product_cat":[22],"product_tag":[],"class_list":{"0":"post-22990","1":"product","2":"type-product","3":"status-publish","4":"has-post-thumbnail","6":"product_cat-siir","8":"first","9":"instock","10":"sale","11":"shipping-taxable","12":"purchasable","13":"product-type-simple"},"_links":{"self":[{"href":"https:\/\/kutluyayinevi.com\/magaza\/wp-json\/wp\/v2\/product\/22990","targetHints":{"allow":["GET"]}}],"collection":[{"href":"https:\/\/kutluyayinevi.com\/magaza\/wp-json\/wp\/v2\/product"}],"about":[{"href":"https:\/\/kutluyayinevi.com\/magaza\/wp-json\/wp\/v2\/types\/product"}],"replies":[{"embeddable":true,"href":"https:\/\/kutluyayinevi.com\/magaza\/wp-json\/wp\/v2\/comments?post=22990"}],"wp:featuredmedia":[{"embeddable":true,"href":"https:\/\/kutluyayinevi.com\/magaza\/wp-json\/wp\/v2\/media\/22991"}],"wp:attachment":[{"href":"https:\/\/kutluyayinevi.com\/magaza\/wp-json\/wp\/v2\/media?parent=22990"}],"wp:term":[{"taxonomy":"product_brand","embeddable":true,"href":"https:\/\/kutluyayinevi.com\/magaza\/wp-json\/wp\/v2\/product_brand?post=22990"},{"taxonomy":"product_cat","embeddable":true,"href":"https:\/\/kutluyayinevi.com\/magaza\/wp-json\/wp\/v2\/product_cat?post=22990"},{"taxonomy":"product_tag","embeddable":true,"href":"https:\/\/kutluyayinevi.com\/magaza\/wp-json\/wp\/v2\/product_tag?post=22990"}],"curies":[{"name":"wp","href":"https:\/\/api.w.org\/{rel}","templated":true}]}}