{"id":23027,"date":"2024-05-06T13:10:23","date_gmt":"2024-05-06T10:10:23","guid":{"rendered":"https:\/\/kutluyayinevi.com\/magaza\/?post_type=product&#038;p=23027"},"modified":"2026-02-20T12:09:29","modified_gmt":"2026-02-20T09:09:29","slug":"kalbinden-akan-cevaplar-ozlem-cosgun-erdemir","status":"publish","type":"product","link":"https:\/\/kutluyayinevi.com\/magaza\/urun\/kalbinden-akan-cevaplar-ozlem-cosgun-erdemir\/","title":{"rendered":"Kalbinden Akan Cevaplar &#8211; \u00d6zlem Co\u015fgun Erdemir"},"content":{"rendered":"<p>Sana hayallerine ve isteklerine kavu\u015fman\u0131n \u00e7ok kolay oldu\u011funu s\u00f6ylesem \u015fa\u015f\u0131r\u0131r m\u0131yd\u0131n? Hayallerine ve isteklerine kavu\u015fman\u0131n muhte\u015fem bir duygu oldu\u011funu s\u00f6yleyebilirdim; ancak bunu kendi kendine ke\u015ffetmenin daha g\u00fczel olaca\u011f\u0131n\u0131 d\u00fc\u015f\u00fcn\u00fcyorum.<br \/>\n\u0130\u00e7inde 88 cevap bulunan bu kitab\u0131 alarak kendin i\u00e7in ne kadar g\u00fczel bir \u015fey yapt\u0131\u011f\u0131n\u0131 sende anlayacaks\u0131n. \u015eimdi istersen derin bir nefes al ve yava\u015f\u00e7a g\u00f6zlerini kapat. T\u00fcm kalbinle soruna odaklan ve bir sayfa se\u00e7. Senin ve b\u00fct\u00fcn\u00fcn hayr\u0131na olsun.<br \/>\nYoluna ve kalbine katk\u0131 olmas\u0131 dile\u011fiyle\u2026<br \/>\nSevgiyle\u2026<\/p>\n","protected":false},"excerpt":{"rendered":"<p>Sana hayallerine ve isteklerine kavu\u015fman\u0131n \u00e7ok kolay oldu\u011funu s\u00f6ylesem \u015fa\u015f\u0131r\u0131r m\u0131yd\u0131n? Hayallerine ve isteklerine kavu\u015fman\u0131n muhte\u015fem bir duygu oldu\u011funu s\u00f6yleyebilirdim; ancak bunu kendi kendine ke\u015ffetmenin daha g\u00fczel olaca\u011f\u0131n\u0131 d\u00fc\u015f\u00fcn\u00fcyorum. \u0130\u00e7inde 88 cevap bulunan bu kitab\u0131 alarak kendin i\u00e7in ne kadar g\u00fczel bir \u015fey yapt\u0131\u011f\u0131n\u0131 sende anlayacaks\u0131n. \u015eimdi istersen derin bir nefes al ve yava\u015f\u00e7a g\u00f6zlerini [&hellip;]<\/p>\n","protected":false},"featured_media":23028,"comment_status":"closed","ping_status":"closed","template":"","meta":[],"product_brand":[],"product_cat":[32],"product_tag":[],"class_list":{"0":"post-23027","1":"product","2":"type-product","3":"status-publish","4":"has-post-thumbnail","6":"product_cat-kisisel-gelisim","8":"first","9":"instock","10":"sale","11":"shipping-taxable","12":"purchasable","13":"product-type-simple"},"_links":{"self":[{"href":"https:\/\/kutluyayinevi.com\/magaza\/wp-json\/wp\/v2\/product\/23027","targetHints":{"allow":["GET"]}}],"collection":[{"href":"https:\/\/kutluyayinevi.com\/magaza\/wp-json\/wp\/v2\/product"}],"about":[{"href":"https:\/\/kutluyayinevi.com\/magaza\/wp-json\/wp\/v2\/types\/product"}],"replies":[{"embeddable":true,"href":"https:\/\/kutluyayinevi.com\/magaza\/wp-json\/wp\/v2\/comments?post=23027"}],"wp:featuredmedia":[{"embeddable":true,"href":"https:\/\/kutluyayinevi.com\/magaza\/wp-json\/wp\/v2\/media\/23028"}],"wp:attachment":[{"href":"https:\/\/kutluyayinevi.com\/magaza\/wp-json\/wp\/v2\/media?parent=23027"}],"wp:term":[{"taxonomy":"product_brand","embeddable":true,"href":"https:\/\/kutluyayinevi.com\/magaza\/wp-json\/wp\/v2\/product_brand?post=23027"},{"taxonomy":"product_cat","embeddable":true,"href":"https:\/\/kutluyayinevi.com\/magaza\/wp-json\/wp\/v2\/product_cat?post=23027"},{"taxonomy":"product_tag","embeddable":true,"href":"https:\/\/kutluyayinevi.com\/magaza\/wp-json\/wp\/v2\/product_tag?post=23027"}],"curies":[{"name":"wp","href":"https:\/\/api.w.org\/{rel}","templated":true}]}}