{"id":23043,"date":"2024-05-10T13:47:44","date_gmt":"2024-05-10T10:47:44","guid":{"rendered":"https:\/\/kutluyayinevi.com\/magaza\/?post_type=product&#038;p=23043"},"modified":"2026-02-19T15:50:35","modified_gmt":"2026-02-19T12:50:35","slug":"canakkale-1915-kan-gozyasi-ve-gurur-gunhan-erdem","status":"publish","type":"product","link":"https:\/\/kutluyayinevi.com\/magaza\/urun\/canakkale-1915-kan-gozyasi-ve-gurur-gunhan-erdem\/","title":{"rendered":"\u00c7anakkale 1915: Kan, G\u00f6zya\u015f\u0131 Ve Gurur&#8230; &#8211; G\u00fcnhan Erdem"},"content":{"rendered":"<p>\u00c7anakkale 1915: Kan, G\u00f6zya\u015f\u0131 ve Gurur\u2026<br \/>\nDur yolcu! Bilmeden gelip bast\u0131\u011f\u0131n bu toprak bir devrin batt\u0131\u011f\u0131 yerdir.<br \/>\nE\u011fil de kulak ver bu sessiz y\u0131\u011f\u0131n, bir vatan kalbinin att\u0131\u011f\u0131 yerdir.<br \/>\n1915 y\u0131l\u0131nda \u00c7anakkale\u2019de ya\u015fanm\u0131\u015f olan deniz ve kara sava\u015flar\u0131, sonu\u00e7lar\u0131 itibariyle \u00fclkemiz i\u00e7in oldu\u011fu kadar D\u00fcnyam\u0131z i\u00e7in de son derece \u00f6nemli bir yere sahiptir. 1. D\u00fcnya Sava\u015f\u0131n\u0131n galibi olan m\u00fcttefik devletlerin bu sava\u015flar s\u0131ras\u0131nda ald\u0131\u011f\u0131 tek ve en a\u011f\u0131r yenilgi olan \u00c7anakkale muharebeleri \u201cT\u00fcrkiye Cumhuriyeti\u2019nin \u00f6ns\u00f6z\u00fc\u201d olarak tarihe ge\u00e7mi\u015ftir. Bu kitapta, tamamen tarihsel ger\u00e7eklere, belge ve an\u0131lara dayal\u0131 olarak, hurafe ve yalanlardan ar\u0131nm\u0131\u015f bir \u015fekilde 1915 y\u0131l\u0131nda \u00c7anakkale\u2019de ya\u015fanm\u0131\u015f olaylar\u0131 \u00e7o\u011fu zaman duygulanarak ama sonu\u00e7ta b\u00fcy\u00fck bir gurur duyarak okuyacaks\u0131n\u0131z. Bu kitab\u0131 bize bu gururu ya\u015fatan ba\u015fta Anafartalar Kahraman\u0131m\u0131z Mustafa Kemal ATAT\u00dcRK olmak \u00fczere, T\u00fcrk ordusunun di\u011fer kahraman komutanlar\u0131 ve g\u00f6zlerini k\u0131rpmadan \u015fehadete y\u00fcr\u00fcm\u00fc\u015f olan \u015fehitlerimizin aziz hat\u0131ralar\u0131na sayg\u0131, minnet ve rahmetle atfediyorum.<br \/>\nG\u00dcNHAN ERDEM<\/p>\n","protected":false},"excerpt":{"rendered":"<p>\u00c7anakkale 1915: Kan, G\u00f6zya\u015f\u0131 ve Gurur\u2026 Dur yolcu! Bilmeden gelip bast\u0131\u011f\u0131n bu toprak bir devrin batt\u0131\u011f\u0131 yerdir. E\u011fil de kulak ver bu sessiz y\u0131\u011f\u0131n, bir vatan kalbinin att\u0131\u011f\u0131 yerdir. 1915 y\u0131l\u0131nda \u00c7anakkale\u2019de ya\u015fanm\u0131\u015f olan deniz ve kara sava\u015flar\u0131, sonu\u00e7lar\u0131 itibariyle \u00fclkemiz i\u00e7in oldu\u011fu kadar D\u00fcnyam\u0131z i\u00e7in de son derece \u00f6nemli bir yere sahiptir. 1. D\u00fcnya [&hellip;]<\/p>\n","protected":false},"featured_media":23044,"comment_status":"closed","ping_status":"closed","template":"","meta":[],"product_brand":[],"product_cat":[26],"product_tag":[],"class_list":{"0":"post-23043","1":"product","2":"type-product","3":"status-publish","4":"has-post-thumbnail","6":"product_cat-deneme","8":"first","9":"instock","10":"sale","11":"shipping-taxable","12":"purchasable","13":"product-type-simple"},"_links":{"self":[{"href":"https:\/\/kutluyayinevi.com\/magaza\/wp-json\/wp\/v2\/product\/23043","targetHints":{"allow":["GET"]}}],"collection":[{"href":"https:\/\/kutluyayinevi.com\/magaza\/wp-json\/wp\/v2\/product"}],"about":[{"href":"https:\/\/kutluyayinevi.com\/magaza\/wp-json\/wp\/v2\/types\/product"}],"replies":[{"embeddable":true,"href":"https:\/\/kutluyayinevi.com\/magaza\/wp-json\/wp\/v2\/comments?post=23043"}],"wp:featuredmedia":[{"embeddable":true,"href":"https:\/\/kutluyayinevi.com\/magaza\/wp-json\/wp\/v2\/media\/23044"}],"wp:attachment":[{"href":"https:\/\/kutluyayinevi.com\/magaza\/wp-json\/wp\/v2\/media?parent=23043"}],"wp:term":[{"taxonomy":"product_brand","embeddable":true,"href":"https:\/\/kutluyayinevi.com\/magaza\/wp-json\/wp\/v2\/product_brand?post=23043"},{"taxonomy":"product_cat","embeddable":true,"href":"https:\/\/kutluyayinevi.com\/magaza\/wp-json\/wp\/v2\/product_cat?post=23043"},{"taxonomy":"product_tag","embeddable":true,"href":"https:\/\/kutluyayinevi.com\/magaza\/wp-json\/wp\/v2\/product_tag?post=23043"}],"curies":[{"name":"wp","href":"https:\/\/api.w.org\/{rel}","templated":true}]}}