{"id":23053,"date":"2024-05-15T13:58:26","date_gmt":"2024-05-15T10:58:26","guid":{"rendered":"https:\/\/kutluyayinevi.com\/magaza\/?post_type=product&#038;p=23053"},"modified":"2026-02-20T10:51:59","modified_gmt":"2026-02-20T07:51:59","slug":"hayat-ibrahim-demir","status":"publish","type":"product","link":"https:\/\/kutluyayinevi.com\/magaza\/urun\/hayat-ibrahim-demir\/","title":{"rendered":"Hayat &#8211; \u0130brahim Demir"},"content":{"rendered":"<p>Bir gece yar\u0131s\u0131 Tanr\u0131&#8217;ya sava\u015f a\u00e7t\u0131m,<br \/>\nKim daha \u00e7ok yaln\u0131z diye.<br \/>\nKaybeden kainat\u0131 yaratacakt\u0131,<br \/>\nKazanan ise d\u00fcnyada insanlara kar\u0131\u015facakt\u0131.<\/p>\n","protected":false},"excerpt":{"rendered":"<p>Bir gece yar\u0131s\u0131 Tanr\u0131&#8217;ya sava\u015f a\u00e7t\u0131m, Kim daha \u00e7ok yaln\u0131z diye. Kaybeden kainat\u0131 yaratacakt\u0131, Kazanan ise d\u00fcnyada insanlara kar\u0131\u015facakt\u0131.<\/p>\n","protected":false},"featured_media":23054,"comment_status":"closed","ping_status":"closed","template":"","meta":[],"product_brand":[],"product_cat":[24],"product_tag":[],"class_list":{"0":"post-23053","1":"product","2":"type-product","3":"status-publish","4":"has-post-thumbnail","6":"product_cat-roman","8":"first","9":"instock","10":"sale","11":"shipping-taxable","12":"purchasable","13":"product-type-simple"},"_links":{"self":[{"href":"https:\/\/kutluyayinevi.com\/magaza\/wp-json\/wp\/v2\/product\/23053","targetHints":{"allow":["GET"]}}],"collection":[{"href":"https:\/\/kutluyayinevi.com\/magaza\/wp-json\/wp\/v2\/product"}],"about":[{"href":"https:\/\/kutluyayinevi.com\/magaza\/wp-json\/wp\/v2\/types\/product"}],"replies":[{"embeddable":true,"href":"https:\/\/kutluyayinevi.com\/magaza\/wp-json\/wp\/v2\/comments?post=23053"}],"wp:featuredmedia":[{"embeddable":true,"href":"https:\/\/kutluyayinevi.com\/magaza\/wp-json\/wp\/v2\/media\/23054"}],"wp:attachment":[{"href":"https:\/\/kutluyayinevi.com\/magaza\/wp-json\/wp\/v2\/media?parent=23053"}],"wp:term":[{"taxonomy":"product_brand","embeddable":true,"href":"https:\/\/kutluyayinevi.com\/magaza\/wp-json\/wp\/v2\/product_brand?post=23053"},{"taxonomy":"product_cat","embeddable":true,"href":"https:\/\/kutluyayinevi.com\/magaza\/wp-json\/wp\/v2\/product_cat?post=23053"},{"taxonomy":"product_tag","embeddable":true,"href":"https:\/\/kutluyayinevi.com\/magaza\/wp-json\/wp\/v2\/product_tag?post=23053"}],"curies":[{"name":"wp","href":"https:\/\/api.w.org\/{rel}","templated":true}]}}