{"id":23069,"date":"2024-05-21T12:25:44","date_gmt":"2024-05-21T09:25:44","guid":{"rendered":"https:\/\/kutluyayinevi.com\/magaza\/?post_type=product&#038;p=23069"},"modified":"2026-02-19T12:26:02","modified_gmt":"2026-02-19T09:26:02","slug":"a-b-c-c-d-hasan-un","status":"publish","type":"product","link":"https:\/\/kutluyayinevi.com\/magaza\/urun\/a-b-c-c-d-hasan-un\/","title":{"rendered":"A-B-C-\u00c7-D &#8211; Hasan \u00dcn"},"content":{"rendered":"<p>( \u2026 )<\/p>\n<p>\u201c\u00d6\u011fretmenim! Bu takvim yapra\u011f\u0131nda da \u00f6yle yaz\u0131yor\u2026 Ben her gece, uyumadan \u00f6nce dua ediyorum \u00f6\u011fretmenim\u2026 Kimse g\u00f6rmesin diye, Allah\u2019\u0131mla ba\u015f ba\u015fa kalay\u0131m diye yorgan\u0131m\u0131 ba\u015f\u0131m\u0131n \u00fczerine \u00e7ekiyorum da \u00f6yle dua ediyorum \u00f6\u011fretmenim\u2026 Benim duam da kabul olur mu? Benim duam da \u00e7\u0131ra gibi yanar m\u0131? Allah, benim duam\u0131 da kabul eder mi? Annem iyile\u015fir mi \u00f6\u011fretmenim?\u201d<\/p>\n","protected":false},"excerpt":{"rendered":"<p>( \u2026 ) \u201c\u00d6\u011fretmenim! Bu takvim yapra\u011f\u0131nda da \u00f6yle yaz\u0131yor\u2026 Ben her gece, uyumadan \u00f6nce dua ediyorum \u00f6\u011fretmenim\u2026 Kimse g\u00f6rmesin diye, Allah\u2019\u0131mla ba\u015f ba\u015fa kalay\u0131m diye yorgan\u0131m\u0131 ba\u015f\u0131m\u0131n \u00fczerine \u00e7ekiyorum da \u00f6yle dua ediyorum \u00f6\u011fretmenim\u2026 Benim duam da kabul olur mu? Benim duam da \u00e7\u0131ra gibi yanar m\u0131? Allah, benim duam\u0131 da kabul eder mi? [&hellip;]<\/p>\n","protected":false},"featured_media":23070,"comment_status":"closed","ping_status":"closed","template":"","meta":[],"product_brand":[],"product_cat":[107],"product_tag":[],"class_list":{"0":"post-23069","1":"product","2":"type-product","3":"status-publish","4":"has-post-thumbnail","6":"product_cat-oyku","8":"first","9":"instock","10":"sale","11":"shipping-taxable","12":"purchasable","13":"product-type-simple"},"_links":{"self":[{"href":"https:\/\/kutluyayinevi.com\/magaza\/wp-json\/wp\/v2\/product\/23069","targetHints":{"allow":["GET"]}}],"collection":[{"href":"https:\/\/kutluyayinevi.com\/magaza\/wp-json\/wp\/v2\/product"}],"about":[{"href":"https:\/\/kutluyayinevi.com\/magaza\/wp-json\/wp\/v2\/types\/product"}],"replies":[{"embeddable":true,"href":"https:\/\/kutluyayinevi.com\/magaza\/wp-json\/wp\/v2\/comments?post=23069"}],"wp:featuredmedia":[{"embeddable":true,"href":"https:\/\/kutluyayinevi.com\/magaza\/wp-json\/wp\/v2\/media\/23070"}],"wp:attachment":[{"href":"https:\/\/kutluyayinevi.com\/magaza\/wp-json\/wp\/v2\/media?parent=23069"}],"wp:term":[{"taxonomy":"product_brand","embeddable":true,"href":"https:\/\/kutluyayinevi.com\/magaza\/wp-json\/wp\/v2\/product_brand?post=23069"},{"taxonomy":"product_cat","embeddable":true,"href":"https:\/\/kutluyayinevi.com\/magaza\/wp-json\/wp\/v2\/product_cat?post=23069"},{"taxonomy":"product_tag","embeddable":true,"href":"https:\/\/kutluyayinevi.com\/magaza\/wp-json\/wp\/v2\/product_tag?post=23069"}],"curies":[{"name":"wp","href":"https:\/\/api.w.org\/{rel}","templated":true}]}}