{"id":23072,"date":"2024-05-21T12:29:54","date_gmt":"2024-05-21T09:29:54","guid":{"rendered":"https:\/\/kutluyayinevi.com\/magaza\/?post_type=product&#038;p=23072"},"modified":"2026-02-19T13:19:08","modified_gmt":"2026-02-19T10:19:08","slug":"ataturk-duysa-hasan-un","status":"publish","type":"product","link":"https:\/\/kutluyayinevi.com\/magaza\/urun\/ataturk-duysa-hasan-un\/","title":{"rendered":"Atat\u00fcrk Duysa &#8211; Hasan \u00dcn"},"content":{"rendered":"<p>( \u2026 )<\/p>\n<p>Birden akl\u0131na Atat\u00fcrk geliverdi Yusuf \u00d6\u011fretmenin. \u201cAh bir duysa\u2026\u201d diye m\u0131r\u0131ldand\u0131. \u201cAh bir duysa\u2026 Bir da\u011f k\u00f6yl\u00fcs\u00fcn\u00fcn, k\u0131z\u0131n\u0131 okula yazd\u0131rabilmek i\u00e7in verdi\u011fi bu m\u00fcthi\u015f m\u00fccadeleyi ah bir duysa\u2026\u201d<\/p>\n","protected":false},"excerpt":{"rendered":"<p>( \u2026 ) Birden akl\u0131na Atat\u00fcrk geliverdi Yusuf \u00d6\u011fretmenin. \u201cAh bir duysa\u2026\u201d diye m\u0131r\u0131ldand\u0131. \u201cAh bir duysa\u2026 Bir da\u011f k\u00f6yl\u00fcs\u00fcn\u00fcn, k\u0131z\u0131n\u0131 okula yazd\u0131rabilmek i\u00e7in verdi\u011fi bu m\u00fcthi\u015f m\u00fccadeleyi ah bir duysa\u2026\u201d<\/p>\n","protected":false},"featured_media":23073,"comment_status":"closed","ping_status":"closed","template":"","meta":[],"product_brand":[],"product_cat":[107],"product_tag":[],"class_list":{"0":"post-23072","1":"product","2":"type-product","3":"status-publish","4":"has-post-thumbnail","6":"product_cat-oyku","8":"first","9":"instock","10":"sale","11":"shipping-taxable","12":"purchasable","13":"product-type-simple"},"_links":{"self":[{"href":"https:\/\/kutluyayinevi.com\/magaza\/wp-json\/wp\/v2\/product\/23072","targetHints":{"allow":["GET"]}}],"collection":[{"href":"https:\/\/kutluyayinevi.com\/magaza\/wp-json\/wp\/v2\/product"}],"about":[{"href":"https:\/\/kutluyayinevi.com\/magaza\/wp-json\/wp\/v2\/types\/product"}],"replies":[{"embeddable":true,"href":"https:\/\/kutluyayinevi.com\/magaza\/wp-json\/wp\/v2\/comments?post=23072"}],"wp:featuredmedia":[{"embeddable":true,"href":"https:\/\/kutluyayinevi.com\/magaza\/wp-json\/wp\/v2\/media\/23073"}],"wp:attachment":[{"href":"https:\/\/kutluyayinevi.com\/magaza\/wp-json\/wp\/v2\/media?parent=23072"}],"wp:term":[{"taxonomy":"product_brand","embeddable":true,"href":"https:\/\/kutluyayinevi.com\/magaza\/wp-json\/wp\/v2\/product_brand?post=23072"},{"taxonomy":"product_cat","embeddable":true,"href":"https:\/\/kutluyayinevi.com\/magaza\/wp-json\/wp\/v2\/product_cat?post=23072"},{"taxonomy":"product_tag","embeddable":true,"href":"https:\/\/kutluyayinevi.com\/magaza\/wp-json\/wp\/v2\/product_tag?post=23072"}],"curies":[{"name":"wp","href":"https:\/\/api.w.org\/{rel}","templated":true}]}}