{"id":23075,"date":"2024-05-21T12:36:00","date_gmt":"2024-05-21T09:36:00","guid":{"rendered":"https:\/\/kutluyayinevi.com\/magaza\/?post_type=product&#038;p=23075"},"modified":"2026-02-19T13:32:20","modified_gmt":"2026-02-19T10:32:20","slug":"aysenin-kara-lastigi-hasan-un","status":"publish","type":"product","link":"https:\/\/kutluyayinevi.com\/magaza\/urun\/aysenin-kara-lastigi-hasan-un\/","title":{"rendered":"Ay\u015fe&#8217;nin Kara Lasti\u011fi &#8211; Hasan \u00dcn"},"content":{"rendered":"<p>( \u2026 )<\/p>\n<p>\u201cEfendiyi mefendiyi b\u0131rak \u015fimdi k\u0131z. Duymad\u0131n m\u0131? Sa\u011f\u0131r m\u0131s\u0131n? \u00c7abuk bayra\u011f\u0131 Se\u00e7il\u2019e ver bakal\u0131m. Bayram sabah\u0131 kara lastik giymi\u015fsin! Koskoca Dumlup\u0131nar \u0130lkokulu\u2019nun \u00f6n\u00fcnde kara lastikle y\u00fcr\u00fcn\u00fcr m\u00fc? Koskoca T\u00fcrk bayra\u011f\u0131 kara lastikle ta\u015f\u0131n\u0131r m\u0131 k\u0131z?\u201d<\/p>\n","protected":false},"excerpt":{"rendered":"<p>( \u2026 ) \u201cEfendiyi mefendiyi b\u0131rak \u015fimdi k\u0131z. Duymad\u0131n m\u0131? Sa\u011f\u0131r m\u0131s\u0131n? \u00c7abuk bayra\u011f\u0131 Se\u00e7il\u2019e ver bakal\u0131m. Bayram sabah\u0131 kara lastik giymi\u015fsin! Koskoca Dumlup\u0131nar \u0130lkokulu\u2019nun \u00f6n\u00fcnde kara lastikle y\u00fcr\u00fcn\u00fcr m\u00fc? Koskoca T\u00fcrk bayra\u011f\u0131 kara lastikle ta\u015f\u0131n\u0131r m\u0131 k\u0131z?\u201d<\/p>\n","protected":false},"featured_media":23077,"comment_status":"closed","ping_status":"closed","template":"","meta":[],"product_brand":[],"product_cat":[107],"product_tag":[],"class_list":{"0":"post-23075","1":"product","2":"type-product","3":"status-publish","4":"has-post-thumbnail","6":"product_cat-oyku","8":"first","9":"instock","10":"sale","11":"shipping-taxable","12":"purchasable","13":"product-type-simple"},"_links":{"self":[{"href":"https:\/\/kutluyayinevi.com\/magaza\/wp-json\/wp\/v2\/product\/23075","targetHints":{"allow":["GET"]}}],"collection":[{"href":"https:\/\/kutluyayinevi.com\/magaza\/wp-json\/wp\/v2\/product"}],"about":[{"href":"https:\/\/kutluyayinevi.com\/magaza\/wp-json\/wp\/v2\/types\/product"}],"replies":[{"embeddable":true,"href":"https:\/\/kutluyayinevi.com\/magaza\/wp-json\/wp\/v2\/comments?post=23075"}],"wp:featuredmedia":[{"embeddable":true,"href":"https:\/\/kutluyayinevi.com\/magaza\/wp-json\/wp\/v2\/media\/23077"}],"wp:attachment":[{"href":"https:\/\/kutluyayinevi.com\/magaza\/wp-json\/wp\/v2\/media?parent=23075"}],"wp:term":[{"taxonomy":"product_brand","embeddable":true,"href":"https:\/\/kutluyayinevi.com\/magaza\/wp-json\/wp\/v2\/product_brand?post=23075"},{"taxonomy":"product_cat","embeddable":true,"href":"https:\/\/kutluyayinevi.com\/magaza\/wp-json\/wp\/v2\/product_cat?post=23075"},{"taxonomy":"product_tag","embeddable":true,"href":"https:\/\/kutluyayinevi.com\/magaza\/wp-json\/wp\/v2\/product_tag?post=23075"}],"curies":[{"name":"wp","href":"https:\/\/api.w.org\/{rel}","templated":true}]}}