{"id":23098,"date":"2024-05-29T15:26:08","date_gmt":"2024-05-29T12:26:08","guid":{"rendered":"https:\/\/kutluyayinevi.com\/magaza\/?post_type=product&#038;p=23098"},"modified":"2024-05-29T15:26:08","modified_gmt":"2024-05-29T12:26:08","slug":"turk-cocuguna-oyku-ve-siirler-ili-tasdogen","status":"publish","type":"product","link":"https:\/\/kutluyayinevi.com\/magaza\/urun\/turk-cocuguna-oyku-ve-siirler-ili-tasdogen\/","title":{"rendered":"T\u00fcrk \u00c7ocu\u011funa \u00d6yk\u00fc ve \u015eiirler &#8211; \u0130li Ta\u015fd\u00f6\u011fen"},"content":{"rendered":"<p>K\u00fcheylan ve sahibi, hep o mavi ye\u015fil yolu izleyerek, bir tepenin \u00fczerinde y\u00fckselen kaleye vard\u0131lar. Kalenin bur\u00e7lar\u0131nda al bir bayrak dalgalanmaktayd\u0131. Hasan, al bayra\u011f\u0131n \u00fczerinde parlak bir y\u0131ld\u0131zla, o y\u0131ld\u0131za kavu\u015fmak istercesine kollar\u0131n\u0131 uzatm\u0131\u015f hil\u00e2li g\u00f6rd\u00fc. Dudaklar\u0131nda belli belirsiz bir tebess\u00fcmle r\u00fcyadan uyand\u0131.<br \/>\nYepyeni bir g\u00fcn do\u011fuyordu.<\/p>\n","protected":false},"excerpt":{"rendered":"<p>K\u00fcheylan ve sahibi, hep o mavi ye\u015fil yolu izleyerek, bir tepenin \u00fczerinde y\u00fckselen kaleye vard\u0131lar. Kalenin bur\u00e7lar\u0131nda al bir bayrak dalgalanmaktayd\u0131. Hasan, al bayra\u011f\u0131n \u00fczerinde parlak bir y\u0131ld\u0131zla, o y\u0131ld\u0131za kavu\u015fmak istercesine kollar\u0131n\u0131 uzatm\u0131\u015f hil\u00e2li g\u00f6rd\u00fc. Dudaklar\u0131nda belli belirsiz bir tebess\u00fcmle r\u00fcyadan uyand\u0131. Yepyeni bir g\u00fcn do\u011fuyordu.<\/p>\n","protected":false},"featured_media":23099,"comment_status":"closed","ping_status":"closed","template":"","meta":[],"product_brand":[],"product_cat":[23,22],"product_tag":[],"class_list":{"0":"post-23098","1":"product","2":"type-product","3":"status-publish","4":"has-post-thumbnail","6":"product_cat-hikaye","7":"product_cat-siir","9":"first","10":"instock","11":"sale","12":"shipping-taxable","13":"purchasable","14":"product-type-simple"},"_links":{"self":[{"href":"https:\/\/kutluyayinevi.com\/magaza\/wp-json\/wp\/v2\/product\/23098","targetHints":{"allow":["GET"]}}],"collection":[{"href":"https:\/\/kutluyayinevi.com\/magaza\/wp-json\/wp\/v2\/product"}],"about":[{"href":"https:\/\/kutluyayinevi.com\/magaza\/wp-json\/wp\/v2\/types\/product"}],"replies":[{"embeddable":true,"href":"https:\/\/kutluyayinevi.com\/magaza\/wp-json\/wp\/v2\/comments?post=23098"}],"wp:featuredmedia":[{"embeddable":true,"href":"https:\/\/kutluyayinevi.com\/magaza\/wp-json\/wp\/v2\/media\/23099"}],"wp:attachment":[{"href":"https:\/\/kutluyayinevi.com\/magaza\/wp-json\/wp\/v2\/media?parent=23098"}],"wp:term":[{"taxonomy":"product_brand","embeddable":true,"href":"https:\/\/kutluyayinevi.com\/magaza\/wp-json\/wp\/v2\/product_brand?post=23098"},{"taxonomy":"product_cat","embeddable":true,"href":"https:\/\/kutluyayinevi.com\/magaza\/wp-json\/wp\/v2\/product_cat?post=23098"},{"taxonomy":"product_tag","embeddable":true,"href":"https:\/\/kutluyayinevi.com\/magaza\/wp-json\/wp\/v2\/product_tag?post=23098"}],"curies":[{"name":"wp","href":"https:\/\/api.w.org\/{rel}","templated":true}]}}