{"id":23132,"date":"2024-06-04T12:16:51","date_gmt":"2024-06-04T09:16:51","guid":{"rendered":"https:\/\/kutluyayinevi.com\/magaza\/?post_type=product&#038;p=23132"},"modified":"2026-02-20T10:37:38","modified_gmt":"2026-02-20T07:37:38","slug":"gun-pasi-dondu-nur-temiz","status":"publish","type":"product","link":"https:\/\/kutluyayinevi.com\/magaza\/urun\/gun-pasi-dondu-nur-temiz\/","title":{"rendered":"G\u00fcn Pas\u0131 &#8211; D\u00f6nd\u00fc Nur Temiz"},"content":{"rendered":"<p>\u015eiir ruha \u015fifad\u0131r. \u015eiirin t\u0131ls\u0131m\u0131 ruhumuza siner ve bizi dinginle\u015ftirir. \u015eiir bazen anlamak bazen anlamamakt\u0131r. Anlamayan bir ruh bile incelir, zarifle\u015fir. Zarif ruhlar\u0131m\u0131z\u0131n huzur bulmas\u0131 dile\u011fiyle\u2026<\/p>\n<p>\u201cZaman k\u0131l\u00e7\u0131kl\u0131\u2026<\/p>\n<p>Batt\u0131k\u00e7a bat\u0131yor karanl\u0131\u011fa aynan\u0131n yank\u0131s\u0131.<\/p>\n<p>G\u00fcn pas\u0131 pe\u015fin gecelerde,<\/p>\n<p>G\u00f6ky\u00fcz\u00fc ayd\u0131nl\u0131ktan s\u0131k\u0131lm\u0131\u015f.<\/p>\n<p>Ama \u0131\u015f\u0131klar\u0131n su\u00e7u yokmu\u015f,<\/p>\n<p>Her yere s\u0131zmakm\u0131\u015f tabiat\u0131.\u201d<\/p>\n","protected":false},"excerpt":{"rendered":"<p>\u015eiir ruha \u015fifad\u0131r. \u015eiirin t\u0131ls\u0131m\u0131 ruhumuza siner ve bizi dinginle\u015ftirir. \u015eiir bazen anlamak bazen anlamamakt\u0131r. Anlamayan bir ruh bile incelir, zarifle\u015fir. Zarif ruhlar\u0131m\u0131z\u0131n huzur bulmas\u0131 dile\u011fiyle\u2026 \u201cZaman k\u0131l\u00e7\u0131kl\u0131\u2026 Batt\u0131k\u00e7a bat\u0131yor karanl\u0131\u011fa aynan\u0131n yank\u0131s\u0131. G\u00fcn pas\u0131 pe\u015fin gecelerde, G\u00f6ky\u00fcz\u00fc ayd\u0131nl\u0131ktan s\u0131k\u0131lm\u0131\u015f. Ama \u0131\u015f\u0131klar\u0131n su\u00e7u yokmu\u015f, Her yere s\u0131zmakm\u0131\u015f tabiat\u0131.\u201d<\/p>\n","protected":false},"featured_media":23133,"comment_status":"closed","ping_status":"closed","template":"","meta":[],"product_brand":[],"product_cat":[22],"product_tag":[],"class_list":{"0":"post-23132","1":"product","2":"type-product","3":"status-publish","4":"has-post-thumbnail","6":"product_cat-siir","8":"first","9":"instock","10":"sale","11":"shipping-taxable","12":"purchasable","13":"product-type-simple"},"_links":{"self":[{"href":"https:\/\/kutluyayinevi.com\/magaza\/wp-json\/wp\/v2\/product\/23132","targetHints":{"allow":["GET"]}}],"collection":[{"href":"https:\/\/kutluyayinevi.com\/magaza\/wp-json\/wp\/v2\/product"}],"about":[{"href":"https:\/\/kutluyayinevi.com\/magaza\/wp-json\/wp\/v2\/types\/product"}],"replies":[{"embeddable":true,"href":"https:\/\/kutluyayinevi.com\/magaza\/wp-json\/wp\/v2\/comments?post=23132"}],"wp:featuredmedia":[{"embeddable":true,"href":"https:\/\/kutluyayinevi.com\/magaza\/wp-json\/wp\/v2\/media\/23133"}],"wp:attachment":[{"href":"https:\/\/kutluyayinevi.com\/magaza\/wp-json\/wp\/v2\/media?parent=23132"}],"wp:term":[{"taxonomy":"product_brand","embeddable":true,"href":"https:\/\/kutluyayinevi.com\/magaza\/wp-json\/wp\/v2\/product_brand?post=23132"},{"taxonomy":"product_cat","embeddable":true,"href":"https:\/\/kutluyayinevi.com\/magaza\/wp-json\/wp\/v2\/product_cat?post=23132"},{"taxonomy":"product_tag","embeddable":true,"href":"https:\/\/kutluyayinevi.com\/magaza\/wp-json\/wp\/v2\/product_tag?post=23132"}],"curies":[{"name":"wp","href":"https:\/\/api.w.org\/{rel}","templated":true}]}}