{"id":23167,"date":"2024-06-12T12:43:11","date_gmt":"2024-06-12T09:43:11","guid":{"rendered":"https:\/\/kutluyayinevi.com\/magaza\/?post_type=product&#038;p=23167"},"modified":"2025-02-10T14:45:38","modified_gmt":"2025-02-10T11:45:38","slug":"yaratilis-tekilligi-ve-isleyisteki-teknik-mithat-sonmez","status":"publish","type":"product","link":"https:\/\/kutluyayinevi.com\/magaza\/urun\/yaratilis-tekilligi-ve-isleyisteki-teknik-mithat-sonmez\/","title":{"rendered":"Yarat\u0131l\u0131\u015f Tekilli\u011fi ve \u0130\u015fleyi\u015fteki Teknik &#8211; Mithat S\u00f6nmez"},"content":{"rendered":"<p>&#8220;Evren bir yarat\u0131c\u0131 taraf\u0131ndan yarat\u0131lm\u0131\u015f m\u0131d\u0131r yoksa bu t\u00fcr d\u00fc\u015f\u00fcnceler dogma m\u0131d\u0131r?<\/p>\n<p>Tanr\u0131 olmadan, &#8216;Tanr\u0131l\u0131k Kavram\u0131&#8217; var olabilir mi? Veya olmayan \u015fey bilgide yer alabilir mi?<\/p>\n<p>Tanr\u0131l\u0131\u011f\u0131n mahiyeti nedir? Maddi i\u015fleyi\u015f bunu g\u00f6stermekte midir?<\/p>\n<p>Ki\u015filik, ba\u011f\u0131ms\u0131zl\u0131\u011f\u0131n g\u00f6stergesi midir? Ba\u011f\u0131ms\u0131zl\u0131k, idrak arac\u0131 m\u0131d\u0131r? Ba\u011f\u0131ms\u0131z olana Tanr\u0131l\u0131k yap\u0131l\u0131r m\u0131?<\/p>\n<p>Din&#8217;in mahiyeti nedir? Ak\u0131l, idrak i\u00e7in Din&#8217;i kullan\u0131r m\u0131?<\/p>\n<p>Hayat, duyular\u0131m\u0131zda yap\u0131lanan akli bir olgu ise, Ak\u0131l neyi saymaktad\u0131r? Bu durumda ak\u0131l \u015fifre \u00e7\u00f6z\u00fcc\u00fc m\u00fcd\u00fcr?<\/p>\n<p>Maddenin yap\u0131ta\u015f\u0131 \u0131\u015f\u0131ma paket\u00e7ikleri oldu\u011funa g\u00f6re, I\u015f\u0131k, olmayan bir \u015feyi var gibi g\u00f6sterebilir mi?<\/p>\n<p>Spin-d\u00f6n\u00fc-n\u00fcn mahiyeti nedir, spin neyi yap\u0131land\u0131r\u0131r?<\/p>\n<p>Aknokta-Karanokta veya Akdelik-Karadelik mahiyeti itibar\u0131 ile nedir?<\/p>\n<p>Fikir olmadan matematik-fizik ile anlat\u0131m yap\u0131labilir mi?<\/p>\n<p>Ak\u0131l-ruh ili\u015fkisinin mahiyeti nedir? Neden ayn\u0131 \u015feye bakan y\u00fcz ki\u015fi y\u00fcz farkl\u0131 \u015fey g\u00f6r\u00fcr?<\/p>\n<p>Kurgulanmam\u0131\u015f bir i\u015fleyi\u015ften bahsedilebilir mi?<\/p>\n<p>Zaman, mahiyeti itibar\u0131 ile nedir?<\/p>\n<p>Evren, s\u00f6ylendi\u011fi gibi bir aknoktan\u0131n patlay\u0131p a\u00e7\u0131lmas\u0131yla genle\u015fmesi sonucu bir aknoktadan m\u0131 meydana gelmi\u015ftir?<\/p>\n<p>Evren, s\u00f6ylendi\u011fi gibi \u0131\u015f\u0131k h\u0131z\u0131nda genle\u015ferek geni\u015fliyor mu?<\/p>\n","protected":false},"excerpt":{"rendered":"<p>&#8220;Evren bir yarat\u0131c\u0131 taraf\u0131ndan yarat\u0131lm\u0131\u015f m\u0131d\u0131r yoksa bu t\u00fcr d\u00fc\u015f\u00fcnceler dogma m\u0131d\u0131r? Tanr\u0131 olmadan, &#8216;Tanr\u0131l\u0131k Kavram\u0131&#8217; var olabilir mi? Veya olmayan \u015fey bilgide yer alabilir mi? Tanr\u0131l\u0131\u011f\u0131n mahiyeti nedir? Maddi i\u015fleyi\u015f bunu g\u00f6stermekte midir? Ki\u015filik, ba\u011f\u0131ms\u0131zl\u0131\u011f\u0131n g\u00f6stergesi midir? Ba\u011f\u0131ms\u0131zl\u0131k, idrak arac\u0131 m\u0131d\u0131r? Ba\u011f\u0131ms\u0131z olana Tanr\u0131l\u0131k yap\u0131l\u0131r m\u0131? Din&#8217;in mahiyeti nedir? Ak\u0131l, idrak i\u00e7in Din&#8217;i kullan\u0131r [&hellip;]<\/p>\n","protected":false},"featured_media":23168,"comment_status":"closed","ping_status":"closed","template":"","meta":[],"product_brand":[],"product_cat":[28],"product_tag":[],"class_list":{"0":"post-23167","1":"product","2":"type-product","3":"status-publish","4":"has-post-thumbnail","6":"product_cat-aratirma-inceleme","8":"first","9":"instock","10":"sale","11":"shipping-taxable","12":"purchasable","13":"product-type-simple"},"_links":{"self":[{"href":"https:\/\/kutluyayinevi.com\/magaza\/wp-json\/wp\/v2\/product\/23167","targetHints":{"allow":["GET"]}}],"collection":[{"href":"https:\/\/kutluyayinevi.com\/magaza\/wp-json\/wp\/v2\/product"}],"about":[{"href":"https:\/\/kutluyayinevi.com\/magaza\/wp-json\/wp\/v2\/types\/product"}],"replies":[{"embeddable":true,"href":"https:\/\/kutluyayinevi.com\/magaza\/wp-json\/wp\/v2\/comments?post=23167"}],"wp:featuredmedia":[{"embeddable":true,"href":"https:\/\/kutluyayinevi.com\/magaza\/wp-json\/wp\/v2\/media\/23168"}],"wp:attachment":[{"href":"https:\/\/kutluyayinevi.com\/magaza\/wp-json\/wp\/v2\/media?parent=23167"}],"wp:term":[{"taxonomy":"product_brand","embeddable":true,"href":"https:\/\/kutluyayinevi.com\/magaza\/wp-json\/wp\/v2\/product_brand?post=23167"},{"taxonomy":"product_cat","embeddable":true,"href":"https:\/\/kutluyayinevi.com\/magaza\/wp-json\/wp\/v2\/product_cat?post=23167"},{"taxonomy":"product_tag","embeddable":true,"href":"https:\/\/kutluyayinevi.com\/magaza\/wp-json\/wp\/v2\/product_tag?post=23167"}],"curies":[{"name":"wp","href":"https:\/\/api.w.org\/{rel}","templated":true}]}}