{"id":23176,"date":"2024-06-13T13:19:51","date_gmt":"2024-06-13T10:19:51","guid":{"rendered":"https:\/\/kutluyayinevi.com\/magaza\/?post_type=product&#038;p=23176"},"modified":"2024-06-13T13:19:51","modified_gmt":"2024-06-13T10:19:51","slug":"suya-dusen-ay-irfan-ertav","status":"publish","type":"product","link":"https:\/\/kutluyayinevi.com\/magaza\/urun\/suya-dusen-ay-irfan-ertav\/","title":{"rendered":"Suya D\u00fc\u015fen Ay &#8211; \u0130rfan Ertav"},"content":{"rendered":"<p>\u0130lkokul ikinci s\u0131n\u0131ftan itibaren ortaokul yedinci s\u0131n\u0131flara kadar t\u00fcm \u00f6\u011frencilerimizin keyifle okuyaca\u011f\u0131 \u00e7o\u011fu ya\u015fanm\u0131\u015f \u00f6yk\u00fclerden olu\u015fan kitab\u0131m\u0131z sizleri T\u00fcrkiye\u2019mizin yedi co\u011frafyas\u0131nda gezintiye \u00e7\u0131karacak. \u00d6yk\u00fclere g\u00f6n\u00fcl vermi\u015f yediden yetmi\u015f yediye herkesin keyifle zaman ge\u00e7irece\u011fi e\u011flenceli bir kitap sizleri bekliyor. Yazar kitab\u0131nda \u00f6nemli detaylara de\u011fi\u015fmi\u015f, heyecanl\u0131 bir anlat\u0131mla ilgili kitaba \u00e7ekmeyi ba\u015farm\u0131\u015ft\u0131r. \u0130yi okumalar dileriz.<\/p>\n","protected":false},"excerpt":{"rendered":"<p>\u0130lkokul ikinci s\u0131n\u0131ftan itibaren ortaokul yedinci s\u0131n\u0131flara kadar t\u00fcm \u00f6\u011frencilerimizin keyifle okuyaca\u011f\u0131 \u00e7o\u011fu ya\u015fanm\u0131\u015f \u00f6yk\u00fclerden olu\u015fan kitab\u0131m\u0131z sizleri T\u00fcrkiye\u2019mizin yedi co\u011frafyas\u0131nda gezintiye \u00e7\u0131karacak. \u00d6yk\u00fclere g\u00f6n\u00fcl vermi\u015f yediden yetmi\u015f yediye herkesin keyifle zaman ge\u00e7irece\u011fi e\u011flenceli bir kitap sizleri bekliyor. Yazar kitab\u0131nda \u00f6nemli detaylara de\u011fi\u015fmi\u015f, heyecanl\u0131 bir anlat\u0131mla ilgili kitaba \u00e7ekmeyi ba\u015farm\u0131\u015ft\u0131r. \u0130yi okumalar dileriz.<\/p>\n","protected":false},"featured_media":23177,"comment_status":"closed","ping_status":"closed","template":"","meta":[],"product_brand":[],"product_cat":[107],"product_tag":[],"class_list":{"0":"post-23176","1":"product","2":"type-product","3":"status-publish","4":"has-post-thumbnail","6":"product_cat-oyku","8":"first","9":"instock","10":"sale","11":"shipping-taxable","12":"purchasable","13":"product-type-simple"},"_links":{"self":[{"href":"https:\/\/kutluyayinevi.com\/magaza\/wp-json\/wp\/v2\/product\/23176","targetHints":{"allow":["GET"]}}],"collection":[{"href":"https:\/\/kutluyayinevi.com\/magaza\/wp-json\/wp\/v2\/product"}],"about":[{"href":"https:\/\/kutluyayinevi.com\/magaza\/wp-json\/wp\/v2\/types\/product"}],"replies":[{"embeddable":true,"href":"https:\/\/kutluyayinevi.com\/magaza\/wp-json\/wp\/v2\/comments?post=23176"}],"wp:featuredmedia":[{"embeddable":true,"href":"https:\/\/kutluyayinevi.com\/magaza\/wp-json\/wp\/v2\/media\/23177"}],"wp:attachment":[{"href":"https:\/\/kutluyayinevi.com\/magaza\/wp-json\/wp\/v2\/media?parent=23176"}],"wp:term":[{"taxonomy":"product_brand","embeddable":true,"href":"https:\/\/kutluyayinevi.com\/magaza\/wp-json\/wp\/v2\/product_brand?post=23176"},{"taxonomy":"product_cat","embeddable":true,"href":"https:\/\/kutluyayinevi.com\/magaza\/wp-json\/wp\/v2\/product_cat?post=23176"},{"taxonomy":"product_tag","embeddable":true,"href":"https:\/\/kutluyayinevi.com\/magaza\/wp-json\/wp\/v2\/product_tag?post=23176"}],"curies":[{"name":"wp","href":"https:\/\/api.w.org\/{rel}","templated":true}]}}