{"id":23190,"date":"2024-06-28T14:05:24","date_gmt":"2024-06-28T11:05:24","guid":{"rendered":"https:\/\/kutluyayinevi.com\/magaza\/?post_type=product&#038;p=23190"},"modified":"2026-02-23T09:52:18","modified_gmt":"2026-02-23T06:52:18","slug":"soyut-matematigin-temelleri-naim-cagman","status":"publish","type":"product","link":"https:\/\/kutluyayinevi.com\/magaza\/urun\/soyut-matematigin-temelleri-naim-cagman\/","title":{"rendered":"Soyut Matemati\u011fin Temelleri &#8211; Naim \u00c7a\u011fman"},"content":{"rendered":"<p><strong>Prof. Dr. Naim \u00c7A\u011eMAN<\/strong><\/p>\n<p>Soyut Matemati\u011fin Temelleri kitab\u0131, soyut d\u00fc\u015f\u00fcnme gerektiren matemati\u011fin di\u011fer dallar\u0131n\u0131n temelini olu\u015fturan konular\u0131 i\u00e7ermektedir. Bu kitapta, birbirine zincirleme ba\u011fl\u0131 dokuz b\u00f6l\u00fcmde s\u0131ras\u0131yla; \u00f6nermeler mant\u0131\u011f\u0131, niceleyiciler mant\u0131\u011f\u0131, \u00e7\u0131kar\u0131mlar, teoremlerin s\u0131n\u0131fland\u0131r\u0131lmas\u0131, her teorem t\u00fcr\u00fc i\u00e7in mant\u0131ksal ispat y\u00f6ntemleri, k\u00fcmeler, ba\u011f\u0131nt\u0131lar, fonksiyonlar, fonksiyonlar\u0131n \u00f6zelliklerinin bir uygulama alan\u0131 olan e\u015fg\u00fc\u00e7l\u00fc k\u00fcmeler, sonsuz k\u00fcmeler ve k\u00fcmelerde i\u015flem olana\u011f\u0131 sa\u011flayan cebirsel yap\u0131lar i\u015flenmi\u015ftir.<\/p>\n<p>Soyut Matemati\u011fin Temelleri, matematik b\u00f6l\u00fcmlerinde, matematik m\u00fchendisli\u011fi ve bilgisayar b\u00f6l\u00fcmlerinde &#8220;Soyut Matematik&#8221; veya &#8220;Soyut Matematik ve Lojik&#8221; ve di\u011fer m\u00fchendislik b\u00f6l\u00fcmlerinde okutulan &#8220;Ayr\u0131k Matematik&#8221; dersleri i\u00e7in bir kaynak kitapt\u0131r.<\/p>\n","protected":false},"excerpt":{"rendered":"<p>Prof. Dr. Naim \u00c7A\u011eMAN Soyut Matemati\u011fin Temelleri kitab\u0131, soyut d\u00fc\u015f\u00fcnme gerektiren matemati\u011fin di\u011fer dallar\u0131n\u0131n temelini olu\u015fturan konular\u0131 i\u00e7ermektedir. Bu kitapta, birbirine zincirleme ba\u011fl\u0131 dokuz b\u00f6l\u00fcmde s\u0131ras\u0131yla; \u00f6nermeler mant\u0131\u011f\u0131, niceleyiciler mant\u0131\u011f\u0131, \u00e7\u0131kar\u0131mlar, teoremlerin s\u0131n\u0131fland\u0131r\u0131lmas\u0131, her teorem t\u00fcr\u00fc i\u00e7in mant\u0131ksal ispat y\u00f6ntemleri, k\u00fcmeler, ba\u011f\u0131nt\u0131lar, fonksiyonlar, fonksiyonlar\u0131n \u00f6zelliklerinin bir uygulama alan\u0131 olan e\u015fg\u00fc\u00e7l\u00fc k\u00fcmeler, sonsuz k\u00fcmeler ve k\u00fcmelerde [&hellip;]<\/p>\n","protected":false},"featured_media":23191,"comment_status":"closed","ping_status":"closed","template":"","meta":[],"product_brand":[],"product_cat":[28],"product_tag":[],"class_list":{"0":"post-23190","1":"product","2":"type-product","3":"status-publish","4":"has-post-thumbnail","6":"product_cat-aratirma-inceleme","8":"first","9":"instock","10":"sale","11":"shipping-taxable","12":"purchasable","13":"product-type-simple"},"_links":{"self":[{"href":"https:\/\/kutluyayinevi.com\/magaza\/wp-json\/wp\/v2\/product\/23190","targetHints":{"allow":["GET"]}}],"collection":[{"href":"https:\/\/kutluyayinevi.com\/magaza\/wp-json\/wp\/v2\/product"}],"about":[{"href":"https:\/\/kutluyayinevi.com\/magaza\/wp-json\/wp\/v2\/types\/product"}],"replies":[{"embeddable":true,"href":"https:\/\/kutluyayinevi.com\/magaza\/wp-json\/wp\/v2\/comments?post=23190"}],"wp:featuredmedia":[{"embeddable":true,"href":"https:\/\/kutluyayinevi.com\/magaza\/wp-json\/wp\/v2\/media\/23191"}],"wp:attachment":[{"href":"https:\/\/kutluyayinevi.com\/magaza\/wp-json\/wp\/v2\/media?parent=23190"}],"wp:term":[{"taxonomy":"product_brand","embeddable":true,"href":"https:\/\/kutluyayinevi.com\/magaza\/wp-json\/wp\/v2\/product_brand?post=23190"},{"taxonomy":"product_cat","embeddable":true,"href":"https:\/\/kutluyayinevi.com\/magaza\/wp-json\/wp\/v2\/product_cat?post=23190"},{"taxonomy":"product_tag","embeddable":true,"href":"https:\/\/kutluyayinevi.com\/magaza\/wp-json\/wp\/v2\/product_tag?post=23190"}],"curies":[{"name":"wp","href":"https:\/\/api.w.org\/{rel}","templated":true}]}}