{"id":23192,"date":"2024-06-28T14:07:05","date_gmt":"2024-06-28T11:07:05","guid":{"rendered":"https:\/\/kutluyayinevi.com\/magaza\/?post_type=product&#038;p=23192"},"modified":"2026-02-20T12:14:36","modified_gmt":"2026-02-20T09:14:36","slug":"karanlik-takkeler-omer-dagli","status":"publish","type":"product","link":"https:\/\/kutluyayinevi.com\/magaza\/urun\/karanlik-takkeler-omer-dagli\/","title":{"rendered":"Karanl\u0131k Takkeler &#8211; \u00d6mer Da\u011fl\u0131"},"content":{"rendered":"<p>Bu roman tarikatlar\u0131n, cemaatlerin, vak\u0131flar\u0131n veya derneklerin \u2013 ad\u0131na her denirse densin- yaratt\u0131\u011f\u0131, yakla\u015f\u0131k iki y\u00fcz y\u0131ll\u0131k ge\u00e7mi\u015fi olan bir sosyal tahribat\u0131n \u00f6zetidir. Toplumsal hayat\u0131m\u0131z\u0131n, neredeyse i\u00e7inde bulundu\u011fumuz b\u00fct\u00fcn kurumlar\u0131na (e\u011fitim, g\u00fcvenlik g\u00fc\u00e7leri, sa\u011fl\u0131k, hukuk, siyaset vs.) yap\u0131\u015fm\u0131\u015f zihniyetin roman\u0131n\u0131 yazm\u0131\u015f gibi de\u011fil, bir nevi belgesel filmini yapm\u0131\u015f gibi hissediyorum. Ve bu roman\u0131n ya\u015fad\u0131\u011f\u0131m\u0131z co\u011frafyan\u0131n okurlar\u0131 taraf\u0131ndan okunup anla\u015f\u0131lmas\u0131 kadar, yeni T\u00fcrk siyaset\u00e7ileri taraf\u0131ndan da ayn\u0131 al\u00e2kay\u0131 g\u00f6rmesi, \u015f\u00fcphesiz ki benim en b\u00fcy\u00fck temennim olacakt\u0131r.<\/p>\n","protected":false},"excerpt":{"rendered":"<p>Bu roman tarikatlar\u0131n, cemaatlerin, vak\u0131flar\u0131n veya derneklerin \u2013 ad\u0131na her denirse densin- yaratt\u0131\u011f\u0131, yakla\u015f\u0131k iki y\u00fcz y\u0131ll\u0131k ge\u00e7mi\u015fi olan bir sosyal tahribat\u0131n \u00f6zetidir. Toplumsal hayat\u0131m\u0131z\u0131n, neredeyse i\u00e7inde bulundu\u011fumuz b\u00fct\u00fcn kurumlar\u0131na (e\u011fitim, g\u00fcvenlik g\u00fc\u00e7leri, sa\u011fl\u0131k, hukuk, siyaset vs.) yap\u0131\u015fm\u0131\u015f zihniyetin roman\u0131n\u0131 yazm\u0131\u015f gibi de\u011fil, bir nevi belgesel filmini yapm\u0131\u015f gibi hissediyorum. Ve bu roman\u0131n ya\u015fad\u0131\u011f\u0131m\u0131z co\u011frafyan\u0131n [&hellip;]<\/p>\n","protected":false},"featured_media":23193,"comment_status":"closed","ping_status":"closed","template":"","meta":[],"product_brand":[],"product_cat":[24],"product_tag":[],"class_list":{"0":"post-23192","1":"product","2":"type-product","3":"status-publish","4":"has-post-thumbnail","6":"product_cat-roman","8":"first","9":"instock","10":"sale","11":"shipping-taxable","12":"purchasable","13":"product-type-simple"},"_links":{"self":[{"href":"https:\/\/kutluyayinevi.com\/magaza\/wp-json\/wp\/v2\/product\/23192","targetHints":{"allow":["GET"]}}],"collection":[{"href":"https:\/\/kutluyayinevi.com\/magaza\/wp-json\/wp\/v2\/product"}],"about":[{"href":"https:\/\/kutluyayinevi.com\/magaza\/wp-json\/wp\/v2\/types\/product"}],"replies":[{"embeddable":true,"href":"https:\/\/kutluyayinevi.com\/magaza\/wp-json\/wp\/v2\/comments?post=23192"}],"wp:featuredmedia":[{"embeddable":true,"href":"https:\/\/kutluyayinevi.com\/magaza\/wp-json\/wp\/v2\/media\/23193"}],"wp:attachment":[{"href":"https:\/\/kutluyayinevi.com\/magaza\/wp-json\/wp\/v2\/media?parent=23192"}],"wp:term":[{"taxonomy":"product_brand","embeddable":true,"href":"https:\/\/kutluyayinevi.com\/magaza\/wp-json\/wp\/v2\/product_brand?post=23192"},{"taxonomy":"product_cat","embeddable":true,"href":"https:\/\/kutluyayinevi.com\/magaza\/wp-json\/wp\/v2\/product_cat?post=23192"},{"taxonomy":"product_tag","embeddable":true,"href":"https:\/\/kutluyayinevi.com\/magaza\/wp-json\/wp\/v2\/product_tag?post=23192"}],"curies":[{"name":"wp","href":"https:\/\/api.w.org\/{rel}","templated":true}]}}