{"id":23215,"date":"2024-07-23T13:00:46","date_gmt":"2024-07-23T10:00:46","guid":{"rendered":"https:\/\/kutluyayinevi.com\/magaza\/?post_type=product&#038;p=23215"},"modified":"2026-02-20T12:19:32","modified_gmt":"2026-02-20T09:19:32","slug":"kediatrus-angela-mercan-yilmaz","status":"publish","type":"product","link":"https:\/\/kutluyayinevi.com\/magaza\/urun\/kediatrus-angela-mercan-yilmaz\/","title":{"rendered":"Kediatrus &#8211; Angela Mercan Y\u0131lmaz"},"content":{"rendered":"<p>&#8220;A\u015fk\u0131n k\u0131z\u0131ld\u0131rma, a\u015f\u0131k olmu\u015f<br \/>\nG\u00f6n\u00fcldeki sevgi kavu\u015famam\u0131\u015f<br \/>\nHer g\u00f6z\u00fcmde bir y\u0131ld\u0131z, her a\u011f\u0131zda bir \u015feker a\u015fk\u0131n s\u0131cakl\u0131\u011f\u0131n\u0131 yine de s\u0131cakl\u0131\u011f\u0131n\u0131za.&#8221;<\/p>\n","protected":false},"excerpt":{"rendered":"<p>&#8220;A\u015fk\u0131n k\u0131z\u0131ld\u0131rma, a\u015f\u0131k olmu\u015f G\u00f6n\u00fcldeki sevgi kavu\u015famam\u0131\u015f Her g\u00f6z\u00fcmde bir y\u0131ld\u0131z, her a\u011f\u0131zda bir \u015feker a\u015fk\u0131n s\u0131cakl\u0131\u011f\u0131n\u0131 yine de s\u0131cakl\u0131\u011f\u0131n\u0131za.&#8221;<\/p>\n","protected":false},"featured_media":23216,"comment_status":"closed","ping_status":"closed","template":"","meta":[],"product_brand":[],"product_cat":[22],"product_tag":[],"class_list":{"0":"post-23215","1":"product","2":"type-product","3":"status-publish","4":"has-post-thumbnail","6":"product_cat-siir","8":"first","9":"instock","10":"sale","11":"shipping-taxable","12":"purchasable","13":"product-type-simple"},"_links":{"self":[{"href":"https:\/\/kutluyayinevi.com\/magaza\/wp-json\/wp\/v2\/product\/23215","targetHints":{"allow":["GET"]}}],"collection":[{"href":"https:\/\/kutluyayinevi.com\/magaza\/wp-json\/wp\/v2\/product"}],"about":[{"href":"https:\/\/kutluyayinevi.com\/magaza\/wp-json\/wp\/v2\/types\/product"}],"replies":[{"embeddable":true,"href":"https:\/\/kutluyayinevi.com\/magaza\/wp-json\/wp\/v2\/comments?post=23215"}],"wp:featuredmedia":[{"embeddable":true,"href":"https:\/\/kutluyayinevi.com\/magaza\/wp-json\/wp\/v2\/media\/23216"}],"wp:attachment":[{"href":"https:\/\/kutluyayinevi.com\/magaza\/wp-json\/wp\/v2\/media?parent=23215"}],"wp:term":[{"taxonomy":"product_brand","embeddable":true,"href":"https:\/\/kutluyayinevi.com\/magaza\/wp-json\/wp\/v2\/product_brand?post=23215"},{"taxonomy":"product_cat","embeddable":true,"href":"https:\/\/kutluyayinevi.com\/magaza\/wp-json\/wp\/v2\/product_cat?post=23215"},{"taxonomy":"product_tag","embeddable":true,"href":"https:\/\/kutluyayinevi.com\/magaza\/wp-json\/wp\/v2\/product_tag?post=23215"}],"curies":[{"name":"wp","href":"https:\/\/api.w.org\/{rel}","templated":true}]}}